{"id":91148,"date":"2026-02-02T11:30:31","date_gmt":"2026-02-02T11:41:18","guid":{"rendered":"https:\/\/mafusa.net\/?post_type=product&#038;p=91148"},"modified":"2026-02-02T11:41:18","modified_gmt":"2026-02-02T11:41:18","slug":"filtre-a-tamis-h","status":"publish","type":"product","link":"https:\/\/mafusa.net\/fr\/productos\/filtres-a-tamis\/filtre-a-tamis-h\/","title":{"rendered":"Filtre \u00e0 tamis H"},"content":{"rendered":"<p class=\"p1\"><b>Caract\u00e9ristiques<\/b><\/p>\n<p class=\"p1\"><b>\u2022 <\/b>Offre une faible perte de charge<br \/>\n<b>\u2022 <\/b>Supporte une forte diff\u00e9rence de pression<br \/>\n<b>\u2022 <\/b>Est particuli\u00e8rement facile \u00e0 nettoyer<br \/>\n<b>\u2022 <\/b>Diffuseur \u00e0 la sortie<br \/>\n<b>\u2022 <\/b>Soupape de purge d\u2019air manuelle en haut pour un fonctionnement s\u00fbr et efficace du r\u00e9seau<\/p>\n<p class=\"p1\"><b>Tailles et normes<\/b><\/p>\n<p class=\"p1\"><b>\u2022 DN: <\/b>DN50 &#8211; DN400<br \/>\n<b>\u2022 PN: <\/b>10\/16\/25\/40<br \/>\n<b>\u2022 Corps, t\u00eate et support: <\/b>EN-GJS 450-10<br \/>\n<b>\u2022 Filtre: <\/b>SUS304 ou SUS316<br \/>\n<b>\u2022 Option: <\/b>Maille, ensemble de drainage<\/p>\n","protected":false},"excerpt":{"rendered":"<p>Caract\u00e9ristiques \u2022 Offre une faible perte de charge \u2022 Supporte une forte diff\u00e9rence de pression \u2022 Est particuli\u00e8rement facile \u00e0 [&hellip;]<\/p>\n","protected":false},"featured_media":91143,"template":"","meta":{"_acf_changed":false},"product_brand":[],"product_cat":[205],"product_tag":[],"class_list":{"0":"post-91148","1":"product","2":"type-product","3":"status-publish","4":"has-post-thumbnail","6":"product_cat-filtres-a-tamis","8":"first","9":"instock","10":"shipping-taxable","11":"product-type-simple"},"acf":[],"yoast_head":"<!-- This site is optimized with the Yoast SEO plugin v27.1.1 - https:\/\/yoast.com\/product\/yoast-seo-wordpress\/ -->\n<title>Filtre \u00e0 tamis H - Mafusa<\/title>\n<meta name=\"description\" content=\"Le filtre \u00e0 tamis joue un r\u00f4le fondamental dans la protection des syst\u00e8mes hydrauliques, car il emp\u00eache les impacts et l\u2019obturation des \u00e9l\u00e9ments de commande et de r\u00e9gulation en cas d\u2019intrusion de pierres provoqu\u00e9e par des entra\u00eenements ou des ruptures.\" \/>\n<meta name=\"robots\" content=\"index, follow, max-snippet:-1, max-image-preview:large, max-video-preview:-1\" \/>\n<link rel=\"canonical\" href=\"https:\/\/mafusa.net\/fr\/productos\/filtres-a-tamis\/filtre-a-tamis-h\/\" \/>\n<meta property=\"og:locale\" content=\"fr_FR\" \/>\n<meta property=\"og:type\" content=\"article\" \/>\n<meta property=\"og:title\" content=\"Filtre \u00e0 tamis H - Mafusa\" \/>\n<meta property=\"og:description\" content=\"Le filtre \u00e0 tamis joue un r\u00f4le fondamental dans la protection des syst\u00e8mes hydrauliques, car il emp\u00eache les impacts et l\u2019obturation des \u00e9l\u00e9ments de commande et de r\u00e9gulation en cas d\u2019intrusion de pierres provoqu\u00e9e par des entra\u00eenements ou des ruptures.\" \/>\n<meta property=\"og:url\" content=\"https:\/\/mafusa.net\/fr\/productos\/filtres-a-tamis\/filtre-a-tamis-h\/\" \/>\n<meta property=\"og:site_name\" content=\"Mafusa\" \/>\n<meta property=\"og:image\" content=\"https:\/\/mafusa.net\/wp-content\/uploads\/2026\/02\/mafusa-filtrocazapiedras-scaled.jpg\" \/>\n\t<meta property=\"og:image:width\" content=\"2560\" \/>\n\t<meta property=\"og:image:height\" content=\"2560\" \/>\n\t<meta property=\"og:image:type\" content=\"image\/jpeg\" \/>\n<meta name=\"twitter:card\" content=\"summary_large_image\" \/>\n<meta name=\"twitter:label1\" content=\"Dur\u00e9e de lecture estim\u00e9e\" \/>\n\t<meta name=\"twitter:data1\" content=\"1 minute\" \/>\n<script type=\"application\/ld+json\" class=\"yoast-schema-graph\">{\"@context\":\"https:\/\/schema.org\",\"@graph\":[{\"@type\":\"WebPage\",\"@id\":\"https:\/\/mafusa.net\/fr\/productos\/filtres-a-tamis\/filtre-a-tamis-h\/\",\"url\":\"https:\/\/mafusa.net\/fr\/productos\/filtres-a-tamis\/filtre-a-tamis-h\/\",\"name\":\"Filtre \u00e0 tamis H - Mafusa\",\"isPartOf\":{\"@id\":\"https:\/\/mafusa.net\/fr\/#website\"},\"primaryImageOfPage\":{\"@id\":\"https:\/\/mafusa.net\/fr\/productos\/filtres-a-tamis\/filtre-a-tamis-h\/#primaryimage\"},\"image\":{\"@id\":\"https:\/\/mafusa.net\/fr\/productos\/filtres-a-tamis\/filtre-a-tamis-h\/#primaryimage\"},\"thumbnailUrl\":\"https:\/\/mafusa.net\/wp-content\/uploads\/2026\/02\/mafusa-filtrocazapiedras-scaled.jpg\",\"datePublished\":\"2026-02-02T11:41:18+00:00\",\"description\":\"Le filtre \u00e0 tamis joue un r\u00f4le fondamental dans la protection des syst\u00e8mes hydrauliques, car il emp\u00eache les impacts et l\u2019obturation des \u00e9l\u00e9ments de commande et de r\u00e9gulation en cas d\u2019intrusion de pierres provoqu\u00e9e par des entra\u00eenements ou des ruptures.\",\"breadcrumb\":{\"@id\":\"https:\/\/mafusa.net\/fr\/productos\/filtres-a-tamis\/filtre-a-tamis-h\/#breadcrumb\"},\"inLanguage\":\"fr-FR\",\"potentialAction\":[{\"@type\":\"ReadAction\",\"target\":[\"https:\/\/mafusa.net\/fr\/productos\/filtres-a-tamis\/filtre-a-tamis-h\/\"]}]},{\"@type\":\"ImageObject\",\"inLanguage\":\"fr-FR\",\"@id\":\"https:\/\/mafusa.net\/fr\/productos\/filtres-a-tamis\/filtre-a-tamis-h\/#primaryimage\",\"url\":\"https:\/\/mafusa.net\/wp-content\/uploads\/2026\/02\/mafusa-filtrocazapiedras-scaled.jpg\",\"contentUrl\":\"https:\/\/mafusa.net\/wp-content\/uploads\/2026\/02\/mafusa-filtrocazapiedras-scaled.jpg\",\"width\":2560,\"height\":2560},{\"@type\":\"BreadcrumbList\",\"@id\":\"https:\/\/mafusa.net\/fr\/productos\/filtres-a-tamis\/filtre-a-tamis-h\/#breadcrumb\",\"itemListElement\":[{\"@type\":\"ListItem\",\"position\":1,\"name\":\"D\u00e9but\",\"item\":\"https:\/\/mafusa.net\/fr\/\"},{\"@type\":\"ListItem\",\"position\":2,\"name\":\"Produits\",\"item\":\"https:\/\/mafusa.net\/fr\/produits-2\/\"},{\"@type\":\"ListItem\",\"position\":3,\"name\":\"Filtres \u00e0 tamis\",\"item\":\"https:\/\/mafusa.net\/fr\/catalogue\/filtres-a-tamis\/\"},{\"@type\":\"ListItem\",\"position\":4,\"name\":\"Filtre \u00e0 tamis H\"}]},{\"@type\":\"WebSite\",\"@id\":\"https:\/\/mafusa.net\/fr\/#website\",\"url\":\"https:\/\/mafusa.net\/fr\/\",\"name\":\"Mafusa\",\"description\":\"Materiales de fundici\u00f3n d\u00factil\",\"publisher\":{\"@id\":\"https:\/\/mafusa.net\/fr\/#organization\"},\"potentialAction\":[{\"@type\":\"SearchAction\",\"target\":{\"@type\":\"EntryPoint\",\"urlTemplate\":\"https:\/\/mafusa.net\/fr\/?s={search_term_string}\"},\"query-input\":{\"@type\":\"PropertyValueSpecification\",\"valueRequired\":true,\"valueName\":\"search_term_string\"}}],\"inLanguage\":\"fr-FR\"},{\"@type\":\"Organization\",\"@id\":\"https:\/\/mafusa.net\/fr\/#organization\",\"name\":\"Materiales de Fundici\u00f3n S.A.\",\"url\":\"https:\/\/mafusa.net\/fr\/\",\"logo\":{\"@type\":\"ImageObject\",\"inLanguage\":\"fr-FR\",\"@id\":\"https:\/\/mafusa.net\/fr\/#\/schema\/logo\/image\/\",\"url\":\"https:\/\/mafusa.net\/wp-content\/uploads\/2020\/10\/mafusa-logo-color.svg\",\"contentUrl\":\"https:\/\/mafusa.net\/wp-content\/uploads\/2020\/10\/mafusa-logo-color.svg\",\"width\":\"90\",\"height\":\"90\",\"caption\":\"Materiales de Fundici\u00f3n S.A.\"},\"image\":{\"@id\":\"https:\/\/mafusa.net\/fr\/#\/schema\/logo\/image\/\"}}]}<\/script>\n<!-- \/ Yoast SEO plugin. -->","yoast_head_json":{"title":"Filtre \u00e0 tamis H - Mafusa","description":"Le filtre \u00e0 tamis joue un r\u00f4le fondamental dans la protection des syst\u00e8mes hydrauliques, car il emp\u00eache les impacts et l\u2019obturation des \u00e9l\u00e9ments de commande et de r\u00e9gulation en cas d\u2019intrusion de pierres provoqu\u00e9e par des entra\u00eenements ou des ruptures.","robots":{"index":"index","follow":"follow","max-snippet":"max-snippet:-1","max-image-preview":"max-image-preview:large","max-video-preview":"max-video-preview:-1"},"canonical":"https:\/\/mafusa.net\/fr\/productos\/filtres-a-tamis\/filtre-a-tamis-h\/","og_locale":"fr_FR","og_type":"article","og_title":"Filtre \u00e0 tamis H - Mafusa","og_description":"Le filtre \u00e0 tamis joue un r\u00f4le fondamental dans la protection des syst\u00e8mes hydrauliques, car il emp\u00eache les impacts et l\u2019obturation des \u00e9l\u00e9ments de commande et de r\u00e9gulation en cas d\u2019intrusion de pierres provoqu\u00e9e par des entra\u00eenements ou des ruptures.","og_url":"https:\/\/mafusa.net\/fr\/productos\/filtres-a-tamis\/filtre-a-tamis-h\/","og_site_name":"Mafusa","og_image":[{"width":2560,"height":2560,"url":"https:\/\/mafusa.net\/wp-content\/uploads\/2026\/02\/mafusa-filtrocazapiedras-scaled.jpg","type":"image\/jpeg"}],"twitter_card":"summary_large_image","twitter_misc":{"Dur\u00e9e de lecture estim\u00e9e":"1 minute"},"schema":{"@context":"https:\/\/schema.org","@graph":[{"@type":"WebPage","@id":"https:\/\/mafusa.net\/fr\/productos\/filtres-a-tamis\/filtre-a-tamis-h\/","url":"https:\/\/mafusa.net\/fr\/productos\/filtres-a-tamis\/filtre-a-tamis-h\/","name":"Filtre \u00e0 tamis H - Mafusa","isPartOf":{"@id":"https:\/\/mafusa.net\/fr\/#website"},"primaryImageOfPage":{"@id":"https:\/\/mafusa.net\/fr\/productos\/filtres-a-tamis\/filtre-a-tamis-h\/#primaryimage"},"image":{"@id":"https:\/\/mafusa.net\/fr\/productos\/filtres-a-tamis\/filtre-a-tamis-h\/#primaryimage"},"thumbnailUrl":"https:\/\/mafusa.net\/wp-content\/uploads\/2026\/02\/mafusa-filtrocazapiedras-scaled.jpg","datePublished":"2026-02-02T11:41:18+00:00","description":"Le filtre \u00e0 tamis joue un r\u00f4le fondamental dans la protection des syst\u00e8mes hydrauliques, car il emp\u00eache les impacts et l\u2019obturation des \u00e9l\u00e9ments de commande et de r\u00e9gulation en cas d\u2019intrusion de pierres provoqu\u00e9e par des entra\u00eenements ou des ruptures.","breadcrumb":{"@id":"https:\/\/mafusa.net\/fr\/productos\/filtres-a-tamis\/filtre-a-tamis-h\/#breadcrumb"},"inLanguage":"fr-FR","potentialAction":[{"@type":"ReadAction","target":["https:\/\/mafusa.net\/fr\/productos\/filtres-a-tamis\/filtre-a-tamis-h\/"]}]},{"@type":"ImageObject","inLanguage":"fr-FR","@id":"https:\/\/mafusa.net\/fr\/productos\/filtres-a-tamis\/filtre-a-tamis-h\/#primaryimage","url":"https:\/\/mafusa.net\/wp-content\/uploads\/2026\/02\/mafusa-filtrocazapiedras-scaled.jpg","contentUrl":"https:\/\/mafusa.net\/wp-content\/uploads\/2026\/02\/mafusa-filtrocazapiedras-scaled.jpg","width":2560,"height":2560},{"@type":"BreadcrumbList","@id":"https:\/\/mafusa.net\/fr\/productos\/filtres-a-tamis\/filtre-a-tamis-h\/#breadcrumb","itemListElement":[{"@type":"ListItem","position":1,"name":"D\u00e9but","item":"https:\/\/mafusa.net\/fr\/"},{"@type":"ListItem","position":2,"name":"Produits","item":"https:\/\/mafusa.net\/fr\/produits-2\/"},{"@type":"ListItem","position":3,"name":"Filtres \u00e0 tamis","item":"https:\/\/mafusa.net\/fr\/catalogue\/filtres-a-tamis\/"},{"@type":"ListItem","position":4,"name":"Filtre \u00e0 tamis H"}]},{"@type":"WebSite","@id":"https:\/\/mafusa.net\/fr\/#website","url":"https:\/\/mafusa.net\/fr\/","name":"Mafusa","description":"Materiales de fundici\u00f3n d\u00factil","publisher":{"@id":"https:\/\/mafusa.net\/fr\/#organization"},"potentialAction":[{"@type":"SearchAction","target":{"@type":"EntryPoint","urlTemplate":"https:\/\/mafusa.net\/fr\/?s={search_term_string}"},"query-input":{"@type":"PropertyValueSpecification","valueRequired":true,"valueName":"search_term_string"}}],"inLanguage":"fr-FR"},{"@type":"Organization","@id":"https:\/\/mafusa.net\/fr\/#organization","name":"Materiales de Fundici\u00f3n S.A.","url":"https:\/\/mafusa.net\/fr\/","logo":{"@type":"ImageObject","inLanguage":"fr-FR","@id":"https:\/\/mafusa.net\/fr\/#\/schema\/logo\/image\/","url":"https:\/\/mafusa.net\/wp-content\/uploads\/2020\/10\/mafusa-logo-color.svg","contentUrl":"https:\/\/mafusa.net\/wp-content\/uploads\/2020\/10\/mafusa-logo-color.svg","width":"90","height":"90","caption":"Materiales de Fundici\u00f3n S.A."},"image":{"@id":"https:\/\/mafusa.net\/fr\/#\/schema\/logo\/image\/"}}]}},"_links":{"self":[{"href":"https:\/\/mafusa.net\/fr\/wp-json\/wp\/v2\/product\/91148","targetHints":{"allow":["GET"]}}],"collection":[{"href":"https:\/\/mafusa.net\/fr\/wp-json\/wp\/v2\/product"}],"about":[{"href":"https:\/\/mafusa.net\/fr\/wp-json\/wp\/v2\/types\/product"}],"wp:featuredmedia":[{"embeddable":true,"href":"https:\/\/mafusa.net\/fr\/wp-json\/wp\/v2\/media\/91143"}],"wp:attachment":[{"href":"https:\/\/mafusa.net\/fr\/wp-json\/wp\/v2\/media?parent=91148"}],"wp:term":[{"taxonomy":"product_brand","embeddable":true,"href":"https:\/\/mafusa.net\/fr\/wp-json\/wp\/v2\/product_brand?post=91148"},{"taxonomy":"product_cat","embeddable":true,"href":"https:\/\/mafusa.net\/fr\/wp-json\/wp\/v2\/product_cat?post=91148"},{"taxonomy":"product_tag","embeddable":true,"href":"https:\/\/mafusa.net\/fr\/wp-json\/wp\/v2\/product_tag?post=91148"}],"curies":[{"name":"wp","href":"https:\/\/api.w.org\/{rel}","templated":true}]}}