{"id":90906,"date":"2024-06-20T10:42:03","date_gmt":"2024-06-20T10:44:22","guid":{"rendered":"https:\/\/mafusa.net\/?post_type=product&#038;p=90906"},"modified":"2024-07-02T08:42:09","modified_gmt":"2024-07-02T08:42:09","slug":"vanne-double-reducteur-de-pression-controlee-par-solenoide-2w-vh226","status":"publish","type":"product","link":"https:\/\/mafusa.net\/fr\/productos\/vannes\/vannes-de-regulation\/hidrauliques\/vanne-double-reducteur-de-pression-controlee-par-solenoide-2w-vh226\/","title":{"rendered":"Vanne double reducteur de pression contr\u00f4l\u00e9e par sol\u00e9no\u00efde 2W VH226"},"content":{"rendered":"<div class=\"page\" title=\"Page 4\">\n<div class=\"layoutArea\">\n<div class=\"column\">\n<p><strong>Description du produit<\/strong><\/p>\n<p>Vanne de base, pilote re\u0301ducteur haute pression, sole\u0301noi\u0308de Latch 3 voies, circuit de commande et accessoires, programmeur Latch avec jusqu\u2019a\u0300 3 programmes quotidiens et batterie avec estimation de dure\u0301e d\u2019un an.<\/p>\n<p><strong>Fonctionnement<\/strong><\/p>\n<p>Le re\u0301ducteur de pression 226 permet la diminution d\u2019une pression plus e\u0301leve\u0301e a\u0300 l\u2019entre\u0301e de la vanne a\u0300 une stabili- se\u0301e plus basse de sortie avec double plage de pressions par discrimination horaire. Pour ce faire, les pilotes dont la pression en aval est souhaite\u0301e dans les deux cre\u0301neaux horaires sont traite\u0301s et la vanne est automatiquement re\u0301ajuste\u0301e pour tenter de maintenir cette pression, la vanne et le pilote e\u0301tant comple\u0300tement ferme\u0301s si cette pres- sion de\u0301passe la limite fixe\u0301e. Le fonctionnement est subordonne\u0301 a\u0300 l\u2019ouverture du sole\u0301noi\u0308de qui fermera ou permet- tra le re\u0301glage du pilote a\u0300 haute pression, permettant de gouverner celui-ci, ou celui a\u0300 basse pression par de\u0301faut.<\/p>\n<\/div>\n<\/div>\n<\/div>\n<p>[vc_button button_color=\u00a0\u00bbcolor-prif\u00a0\u00bb radius=\u00a0\u00bbbtn-default-shape\u00a0\u00bb outline=\u00a0\u00bbyes\u00a0\u00bb border_width=\u00a0\u00bb0&Prime; link=\u00a0\u00bburl:https%3A%2F%2Fmafusa.net%2Fwp-content%2Fuploads%2F2024%2F07%2Fmafusa-dossier-vanneshidrauliques.pdf\u00a0\u00bb icon=\u00a0\u00bbfa fa-cogs\u00a0\u00bb]Configuration et plus de mod\u00e8les[\/vc_button]<\/p>\n","protected":false},"excerpt":{"rendered":"<p>Description du produit Vanne de base, pilote re\u0301ducteur haute pression, sole\u0301noi\u0308de Latch 3 voies, circuit de commande et accessoires, programmeur [&hellip;]<\/p>\n","protected":false},"featured_media":90837,"template":"","meta":{"_acf_changed":false},"product_brand":[],"product_cat":[203,208,209],"product_tag":[],"class_list":{"0":"post-90906","1":"product","2":"type-product","3":"status-publish","4":"has-post-thumbnail","6":"product_cat-hidrauliques","7":"product_cat-vannes","8":"product_cat-vannes-de-regulation","10":"first","11":"instock","12":"shipping-taxable","13":"product-type-simple"},"acf":[],"yoast_head":"<!-- This site is optimized with the Yoast SEO plugin v27.1.1 - https:\/\/yoast.com\/product\/yoast-seo-wordpress\/ -->\n<title>Vanne double reducteur de pression contr\u00f4l\u00e9e par sol\u00e9no\u00efde 2W VH226 - Mafusa<\/title>\n<meta name=\"description\" content=\"Le re\u0301ducteur de pression 226 permet la diminution d\u2019une pression plus e\u0301leve\u0301e a\u0300 l\u2019entre\u0301e de la vanne a\u0300 une stabili- se\u0301e plus basse de sortie avec double plage de pressions par discrimination horaire. Pour ce faire, les pilotes dont la pression en aval est souhaite\u0301e dans les deux cre\u0301neaux horaires sont traite\u0301s et la vanne est automatiquement re\u0301ajuste\u0301e pour tenter de maintenir cette pression, la vanne et le pilote e\u0301tant comple\u0300tement ferme\u0301s si cette pres- sion de\u0301passe la limite fixe\u0301e. Le fonctionnement est subordonne\u0301 a\u0300 l\u2019ouverture du sole\u0301noi\u0308de qui fermera ou permet- tra le re\u0301glage du pilote a\u0300 haute pression, permettant de gouverner celui-ci, ou celui a\u0300 basse pression par de\u0301faut.\" \/>\n<meta name=\"robots\" content=\"index, follow, max-snippet:-1, max-image-preview:large, max-video-preview:-1\" \/>\n<link rel=\"canonical\" href=\"https:\/\/mafusa.net\/fr\/productos\/vannes\/vannes-de-regulation\/hidrauliques\/vanne-double-reducteur-de-pression-controlee-par-solenoide-2w-vh226\/\" \/>\n<meta property=\"og:locale\" content=\"fr_FR\" \/>\n<meta property=\"og:type\" content=\"article\" \/>\n<meta property=\"og:title\" content=\"Vanne double reducteur de pression contr\u00f4l\u00e9e par sol\u00e9no\u00efde 2W VH226 - Mafusa\" \/>\n<meta property=\"og:description\" content=\"Le re\u0301ducteur de pression 226 permet la diminution d\u2019une pression plus e\u0301leve\u0301e a\u0300 l\u2019entre\u0301e de la vanne a\u0300 une stabili- se\u0301e plus basse de sortie avec double plage de pressions par discrimination horaire. Pour ce faire, les pilotes dont la pression en aval est souhaite\u0301e dans les deux cre\u0301neaux horaires sont traite\u0301s et la vanne est automatiquement re\u0301ajuste\u0301e pour tenter de maintenir cette pression, la vanne et le pilote e\u0301tant comple\u0300tement ferme\u0301s si cette pres- sion de\u0301passe la limite fixe\u0301e. Le fonctionnement est subordonne\u0301 a\u0300 l\u2019ouverture du sole\u0301noi\u0308de qui fermera ou permet- tra le re\u0301glage du pilote a\u0300 haute pression, permettant de gouverner celui-ci, ou celui a\u0300 basse pression par de\u0301faut.\" \/>\n<meta property=\"og:url\" content=\"https:\/\/mafusa.net\/fr\/productos\/vannes\/vannes-de-regulation\/hidrauliques\/vanne-double-reducteur-de-pression-controlee-par-solenoide-2w-vh226\/\" \/>\n<meta property=\"og:site_name\" content=\"Mafusa\" \/>\n<meta property=\"article:modified_time\" content=\"2024-07-02T08:42:09+00:00\" \/>\n<meta property=\"og:image\" content=\"https:\/\/mafusa.net\/wp-content\/uploads\/2024\/06\/mafusa-valvulashidraulicas-226.jpg\" \/>\n\t<meta property=\"og:image:width\" content=\"700\" \/>\n\t<meta property=\"og:image:height\" content=\"700\" \/>\n\t<meta property=\"og:image:type\" content=\"image\/jpeg\" \/>\n<meta name=\"twitter:card\" content=\"summary_large_image\" \/>\n<meta name=\"twitter:label1\" content=\"Dur\u00e9e de lecture estim\u00e9e\" \/>\n\t<meta name=\"twitter:data1\" content=\"1 minute\" \/>\n<script type=\"application\/ld+json\" class=\"yoast-schema-graph\">{\"@context\":\"https:\/\/schema.org\",\"@graph\":[{\"@type\":\"WebPage\",\"@id\":\"https:\/\/mafusa.net\/fr\/productos\/vannes\/vannes-de-regulation\/hidrauliques\/vanne-double-reducteur-de-pression-controlee-par-solenoide-2w-vh226\/\",\"url\":\"https:\/\/mafusa.net\/fr\/productos\/vannes\/vannes-de-regulation\/hidrauliques\/vanne-double-reducteur-de-pression-controlee-par-solenoide-2w-vh226\/\",\"name\":\"Vanne double reducteur de pression contr\u00f4l\u00e9e par sol\u00e9no\u00efde 2W VH226 - Mafusa\",\"isPartOf\":{\"@id\":\"https:\/\/mafusa.net\/fr\/#website\"},\"primaryImageOfPage\":{\"@id\":\"https:\/\/mafusa.net\/fr\/productos\/vannes\/vannes-de-regulation\/hidrauliques\/vanne-double-reducteur-de-pression-controlee-par-solenoide-2w-vh226\/#primaryimage\"},\"image\":{\"@id\":\"https:\/\/mafusa.net\/fr\/productos\/vannes\/vannes-de-regulation\/hidrauliques\/vanne-double-reducteur-de-pression-controlee-par-solenoide-2w-vh226\/#primaryimage\"},\"thumbnailUrl\":\"https:\/\/mafusa.net\/wp-content\/uploads\/2024\/06\/mafusa-valvulashidraulicas-226.jpg\",\"datePublished\":\"2024-06-20T10:44:22+00:00\",\"dateModified\":\"2024-07-02T08:42:09+00:00\",\"description\":\"Le re\u0301ducteur de pression 226 permet la diminution d\u2019une pression plus e\u0301leve\u0301e a\u0300 l\u2019entre\u0301e de la vanne a\u0300 une stabili- se\u0301e plus basse de sortie avec double plage de pressions par discrimination horaire. Pour ce faire, les pilotes dont la pression en aval est souhaite\u0301e dans les deux cre\u0301neaux horaires sont traite\u0301s et la vanne est automatiquement re\u0301ajuste\u0301e pour tenter de maintenir cette pression, la vanne et le pilote e\u0301tant comple\u0300tement ferme\u0301s si cette pres- sion de\u0301passe la limite fixe\u0301e. Le fonctionnement est subordonne\u0301 a\u0300 l\u2019ouverture du sole\u0301noi\u0308de qui fermera ou permet- tra le re\u0301glage du pilote a\u0300 haute pression, permettant de gouverner celui-ci, ou celui a\u0300 basse pression par de\u0301faut.\",\"breadcrumb\":{\"@id\":\"https:\/\/mafusa.net\/fr\/productos\/vannes\/vannes-de-regulation\/hidrauliques\/vanne-double-reducteur-de-pression-controlee-par-solenoide-2w-vh226\/#breadcrumb\"},\"inLanguage\":\"fr-FR\",\"potentialAction\":[{\"@type\":\"ReadAction\",\"target\":[\"https:\/\/mafusa.net\/fr\/productos\/vannes\/vannes-de-regulation\/hidrauliques\/vanne-double-reducteur-de-pression-controlee-par-solenoide-2w-vh226\/\"]}]},{\"@type\":\"ImageObject\",\"inLanguage\":\"fr-FR\",\"@id\":\"https:\/\/mafusa.net\/fr\/productos\/vannes\/vannes-de-regulation\/hidrauliques\/vanne-double-reducteur-de-pression-controlee-par-solenoide-2w-vh226\/#primaryimage\",\"url\":\"https:\/\/mafusa.net\/wp-content\/uploads\/2024\/06\/mafusa-valvulashidraulicas-226.jpg\",\"contentUrl\":\"https:\/\/mafusa.net\/wp-content\/uploads\/2024\/06\/mafusa-valvulashidraulicas-226.jpg\",\"width\":700,\"height\":700},{\"@type\":\"BreadcrumbList\",\"@id\":\"https:\/\/mafusa.net\/fr\/productos\/vannes\/vannes-de-regulation\/hidrauliques\/vanne-double-reducteur-de-pression-controlee-par-solenoide-2w-vh226\/#breadcrumb\",\"itemListElement\":[{\"@type\":\"ListItem\",\"position\":1,\"name\":\"D\u00e9but\",\"item\":\"https:\/\/mafusa.net\/fr\/\"},{\"@type\":\"ListItem\",\"position\":2,\"name\":\"Produits\",\"item\":\"https:\/\/mafusa.net\/fr\/produits-2\/\"},{\"@type\":\"ListItem\",\"position\":3,\"name\":\"Vannes\",\"item\":\"https:\/\/mafusa.net\/fr\/catalogue\/vannes\/\"},{\"@type\":\"ListItem\",\"position\":4,\"name\":\"Vannes de regulation\",\"item\":\"https:\/\/mafusa.net\/fr\/catalogue\/vannes\/vannes-de-regulation\/\"},{\"@type\":\"ListItem\",\"position\":5,\"name\":\"Hidrauliques\",\"item\":\"https:\/\/mafusa.net\/fr\/catalogue\/vannes\/vannes-de-regulation\/hidrauliques\/\"},{\"@type\":\"ListItem\",\"position\":6,\"name\":\"Vanne double reducteur de pression contr\u00f4l\u00e9e par sol\u00e9no\u00efde 2W VH226\"}]},{\"@type\":\"WebSite\",\"@id\":\"https:\/\/mafusa.net\/fr\/#website\",\"url\":\"https:\/\/mafusa.net\/fr\/\",\"name\":\"Mafusa\",\"description\":\"Materiales de fundici\u00f3n d\u00factil\",\"publisher\":{\"@id\":\"https:\/\/mafusa.net\/fr\/#organization\"},\"potentialAction\":[{\"@type\":\"SearchAction\",\"target\":{\"@type\":\"EntryPoint\",\"urlTemplate\":\"https:\/\/mafusa.net\/fr\/?s={search_term_string}\"},\"query-input\":{\"@type\":\"PropertyValueSpecification\",\"valueRequired\":true,\"valueName\":\"search_term_string\"}}],\"inLanguage\":\"fr-FR\"},{\"@type\":\"Organization\",\"@id\":\"https:\/\/mafusa.net\/fr\/#organization\",\"name\":\"Materiales de Fundici\u00f3n S.A.\",\"url\":\"https:\/\/mafusa.net\/fr\/\",\"logo\":{\"@type\":\"ImageObject\",\"inLanguage\":\"fr-FR\",\"@id\":\"https:\/\/mafusa.net\/fr\/#\/schema\/logo\/image\/\",\"url\":\"https:\/\/mafusa.net\/wp-content\/uploads\/2020\/10\/mafusa-logo-color.svg\",\"contentUrl\":\"https:\/\/mafusa.net\/wp-content\/uploads\/2020\/10\/mafusa-logo-color.svg\",\"width\":\"90\",\"height\":\"90\",\"caption\":\"Materiales de Fundici\u00f3n S.A.\"},\"image\":{\"@id\":\"https:\/\/mafusa.net\/fr\/#\/schema\/logo\/image\/\"}}]}<\/script>\n<!-- \/ Yoast SEO plugin. -->","yoast_head_json":{"title":"Vanne double reducteur de pression contr\u00f4l\u00e9e par sol\u00e9no\u00efde 2W VH226 - Mafusa","description":"Le re\u0301ducteur de pression 226 permet la diminution d\u2019une pression plus e\u0301leve\u0301e a\u0300 l\u2019entre\u0301e de la vanne a\u0300 une stabili- se\u0301e plus basse de sortie avec double plage de pressions par discrimination horaire. Pour ce faire, les pilotes dont la pression en aval est souhaite\u0301e dans les deux cre\u0301neaux horaires sont traite\u0301s et la vanne est automatiquement re\u0301ajuste\u0301e pour tenter de maintenir cette pression, la vanne et le pilote e\u0301tant comple\u0300tement ferme\u0301s si cette pres- sion de\u0301passe la limite fixe\u0301e. Le fonctionnement est subordonne\u0301 a\u0300 l\u2019ouverture du sole\u0301noi\u0308de qui fermera ou permet- tra le re\u0301glage du pilote a\u0300 haute pression, permettant de gouverner celui-ci, ou celui a\u0300 basse pression par de\u0301faut.","robots":{"index":"index","follow":"follow","max-snippet":"max-snippet:-1","max-image-preview":"max-image-preview:large","max-video-preview":"max-video-preview:-1"},"canonical":"https:\/\/mafusa.net\/fr\/productos\/vannes\/vannes-de-regulation\/hidrauliques\/vanne-double-reducteur-de-pression-controlee-par-solenoide-2w-vh226\/","og_locale":"fr_FR","og_type":"article","og_title":"Vanne double reducteur de pression contr\u00f4l\u00e9e par sol\u00e9no\u00efde 2W VH226 - Mafusa","og_description":"Le re\u0301ducteur de pression 226 permet la diminution d\u2019une pression plus e\u0301leve\u0301e a\u0300 l\u2019entre\u0301e de la vanne a\u0300 une stabili- se\u0301e plus basse de sortie avec double plage de pressions par discrimination horaire. Pour ce faire, les pilotes dont la pression en aval est souhaite\u0301e dans les deux cre\u0301neaux horaires sont traite\u0301s et la vanne est automatiquement re\u0301ajuste\u0301e pour tenter de maintenir cette pression, la vanne et le pilote e\u0301tant comple\u0300tement ferme\u0301s si cette pres- sion de\u0301passe la limite fixe\u0301e. Le fonctionnement est subordonne\u0301 a\u0300 l\u2019ouverture du sole\u0301noi\u0308de qui fermera ou permet- tra le re\u0301glage du pilote a\u0300 haute pression, permettant de gouverner celui-ci, ou celui a\u0300 basse pression par de\u0301faut.","og_url":"https:\/\/mafusa.net\/fr\/productos\/vannes\/vannes-de-regulation\/hidrauliques\/vanne-double-reducteur-de-pression-controlee-par-solenoide-2w-vh226\/","og_site_name":"Mafusa","article_modified_time":"2024-07-02T08:42:09+00:00","og_image":[{"width":700,"height":700,"url":"https:\/\/mafusa.net\/wp-content\/uploads\/2024\/06\/mafusa-valvulashidraulicas-226.jpg","type":"image\/jpeg"}],"twitter_card":"summary_large_image","twitter_misc":{"Dur\u00e9e de lecture estim\u00e9e":"1 minute"},"schema":{"@context":"https:\/\/schema.org","@graph":[{"@type":"WebPage","@id":"https:\/\/mafusa.net\/fr\/productos\/vannes\/vannes-de-regulation\/hidrauliques\/vanne-double-reducteur-de-pression-controlee-par-solenoide-2w-vh226\/","url":"https:\/\/mafusa.net\/fr\/productos\/vannes\/vannes-de-regulation\/hidrauliques\/vanne-double-reducteur-de-pression-controlee-par-solenoide-2w-vh226\/","name":"Vanne double reducteur de pression contr\u00f4l\u00e9e par sol\u00e9no\u00efde 2W VH226 - Mafusa","isPartOf":{"@id":"https:\/\/mafusa.net\/fr\/#website"},"primaryImageOfPage":{"@id":"https:\/\/mafusa.net\/fr\/productos\/vannes\/vannes-de-regulation\/hidrauliques\/vanne-double-reducteur-de-pression-controlee-par-solenoide-2w-vh226\/#primaryimage"},"image":{"@id":"https:\/\/mafusa.net\/fr\/productos\/vannes\/vannes-de-regulation\/hidrauliques\/vanne-double-reducteur-de-pression-controlee-par-solenoide-2w-vh226\/#primaryimage"},"thumbnailUrl":"https:\/\/mafusa.net\/wp-content\/uploads\/2024\/06\/mafusa-valvulashidraulicas-226.jpg","datePublished":"2024-06-20T10:44:22+00:00","dateModified":"2024-07-02T08:42:09+00:00","description":"Le re\u0301ducteur de pression 226 permet la diminution d\u2019une pression plus e\u0301leve\u0301e a\u0300 l\u2019entre\u0301e de la vanne a\u0300 une stabili- se\u0301e plus basse de sortie avec double plage de pressions par discrimination horaire. Pour ce faire, les pilotes dont la pression en aval est souhaite\u0301e dans les deux cre\u0301neaux horaires sont traite\u0301s et la vanne est automatiquement re\u0301ajuste\u0301e pour tenter de maintenir cette pression, la vanne et le pilote e\u0301tant comple\u0300tement ferme\u0301s si cette pres- sion de\u0301passe la limite fixe\u0301e. Le fonctionnement est subordonne\u0301 a\u0300 l\u2019ouverture du sole\u0301noi\u0308de qui fermera ou permet- tra le re\u0301glage du pilote a\u0300 haute pression, permettant de gouverner celui-ci, ou celui a\u0300 basse pression par de\u0301faut.","breadcrumb":{"@id":"https:\/\/mafusa.net\/fr\/productos\/vannes\/vannes-de-regulation\/hidrauliques\/vanne-double-reducteur-de-pression-controlee-par-solenoide-2w-vh226\/#breadcrumb"},"inLanguage":"fr-FR","potentialAction":[{"@type":"ReadAction","target":["https:\/\/mafusa.net\/fr\/productos\/vannes\/vannes-de-regulation\/hidrauliques\/vanne-double-reducteur-de-pression-controlee-par-solenoide-2w-vh226\/"]}]},{"@type":"ImageObject","inLanguage":"fr-FR","@id":"https:\/\/mafusa.net\/fr\/productos\/vannes\/vannes-de-regulation\/hidrauliques\/vanne-double-reducteur-de-pression-controlee-par-solenoide-2w-vh226\/#primaryimage","url":"https:\/\/mafusa.net\/wp-content\/uploads\/2024\/06\/mafusa-valvulashidraulicas-226.jpg","contentUrl":"https:\/\/mafusa.net\/wp-content\/uploads\/2024\/06\/mafusa-valvulashidraulicas-226.jpg","width":700,"height":700},{"@type":"BreadcrumbList","@id":"https:\/\/mafusa.net\/fr\/productos\/vannes\/vannes-de-regulation\/hidrauliques\/vanne-double-reducteur-de-pression-controlee-par-solenoide-2w-vh226\/#breadcrumb","itemListElement":[{"@type":"ListItem","position":1,"name":"D\u00e9but","item":"https:\/\/mafusa.net\/fr\/"},{"@type":"ListItem","position":2,"name":"Produits","item":"https:\/\/mafusa.net\/fr\/produits-2\/"},{"@type":"ListItem","position":3,"name":"Vannes","item":"https:\/\/mafusa.net\/fr\/catalogue\/vannes\/"},{"@type":"ListItem","position":4,"name":"Vannes de regulation","item":"https:\/\/mafusa.net\/fr\/catalogue\/vannes\/vannes-de-regulation\/"},{"@type":"ListItem","position":5,"name":"Hidrauliques","item":"https:\/\/mafusa.net\/fr\/catalogue\/vannes\/vannes-de-regulation\/hidrauliques\/"},{"@type":"ListItem","position":6,"name":"Vanne double reducteur de pression contr\u00f4l\u00e9e par sol\u00e9no\u00efde 2W VH226"}]},{"@type":"WebSite","@id":"https:\/\/mafusa.net\/fr\/#website","url":"https:\/\/mafusa.net\/fr\/","name":"Mafusa","description":"Materiales de fundici\u00f3n d\u00factil","publisher":{"@id":"https:\/\/mafusa.net\/fr\/#organization"},"potentialAction":[{"@type":"SearchAction","target":{"@type":"EntryPoint","urlTemplate":"https:\/\/mafusa.net\/fr\/?s={search_term_string}"},"query-input":{"@type":"PropertyValueSpecification","valueRequired":true,"valueName":"search_term_string"}}],"inLanguage":"fr-FR"},{"@type":"Organization","@id":"https:\/\/mafusa.net\/fr\/#organization","name":"Materiales de Fundici\u00f3n S.A.","url":"https:\/\/mafusa.net\/fr\/","logo":{"@type":"ImageObject","inLanguage":"fr-FR","@id":"https:\/\/mafusa.net\/fr\/#\/schema\/logo\/image\/","url":"https:\/\/mafusa.net\/wp-content\/uploads\/2020\/10\/mafusa-logo-color.svg","contentUrl":"https:\/\/mafusa.net\/wp-content\/uploads\/2020\/10\/mafusa-logo-color.svg","width":"90","height":"90","caption":"Materiales de Fundici\u00f3n S.A."},"image":{"@id":"https:\/\/mafusa.net\/fr\/#\/schema\/logo\/image\/"}}]}},"_links":{"self":[{"href":"https:\/\/mafusa.net\/fr\/wp-json\/wp\/v2\/product\/90906","targetHints":{"allow":["GET"]}}],"collection":[{"href":"https:\/\/mafusa.net\/fr\/wp-json\/wp\/v2\/product"}],"about":[{"href":"https:\/\/mafusa.net\/fr\/wp-json\/wp\/v2\/types\/product"}],"wp:featuredmedia":[{"embeddable":true,"href":"https:\/\/mafusa.net\/fr\/wp-json\/wp\/v2\/media\/90837"}],"wp:attachment":[{"href":"https:\/\/mafusa.net\/fr\/wp-json\/wp\/v2\/media?parent=90906"}],"wp:term":[{"taxonomy":"product_brand","embeddable":true,"href":"https:\/\/mafusa.net\/fr\/wp-json\/wp\/v2\/product_brand?post=90906"},{"taxonomy":"product_cat","embeddable":true,"href":"https:\/\/mafusa.net\/fr\/wp-json\/wp\/v2\/product_cat?post=90906"},{"taxonomy":"product_tag","embeddable":true,"href":"https:\/\/mafusa.net\/fr\/wp-json\/wp\/v2\/product_tag?post=90906"}],"curies":[{"name":"wp","href":"https:\/\/api.w.org\/{rel}","templated":true}]}}