{"id":90850,"date":"2024-06-20T08:16:46","date_gmt":"2024-06-20T08:57:43","guid":{"rendered":"https:\/\/mafusa.net\/?post_type=product&#038;p=90850"},"modified":"2024-07-01T10:41:46","modified_gmt":"2024-07-01T10:41:46","slug":"vanne-a-flotteur-modulant-simple-vh100","status":"publish","type":"product","link":"https:\/\/mafusa.net\/fr\/productos\/vannes\/vannes-de-regulation\/hidrauliques\/vanne-a-flotteur-modulant-simple-vh100\/","title":{"rendered":"Vanne \u00e0 flotteur modulant simple VH100"},"content":{"rendered":"<div class=\"page\" title=\"Page 4\">\n<div class=\"layoutArea\">\n<div class=\"column\">\n<p><strong>Description du produit<\/strong><\/p>\n<p>Vanne de base, pilote flotteur 2W, vanne a\u0300 aiguille et vanne a\u0300 sphe\u0300re a\u0300 partir de DN 250. Acce\u0301le\u0301rateur et orifices de restriction pre\u0301cis.<\/p>\n<p><strong>Fonctionnement<\/strong><\/p>\n<p>La vanne a\u0300 flotteur mode\u0300le 100 est de type modulant et sa fonction est de maintenir le niveau constant dans le re\u0301servoir. Il est conc\u0327u pour fermer la vanne progressivement que vous atteignez son niveau et ouvrir<br \/>\nde\u0300s que ce niveau commence a\u0300 descendre. Son fonctionnement est entie\u0300rement hydraulique et le pilote peut e\u0302tre monte\u0301 sur la vanne ou a\u0300 distance.<\/p>\n<\/div>\n<\/div>\n<\/div>\n<p>[vc_button button_color=\u00a0\u00bbcolor-prif\u00a0\u00bb radius=\u00a0\u00bbbtn-default-shape\u00a0\u00bb outline=\u00a0\u00bbyes\u00a0\u00bb border_width=\u00a0\u00bb0&Prime; link=\u00a0\u00bburl:https%3A%2F%2Fmafusa.net%2Fwp-content%2Fuploads%2F2024%2F07%2Fmafusa-dossier-vanneshidrauliques.pdf\u00a0\u00bb icon=\u00a0\u00bbfa fa-cogs\u00a0\u00bb]Configuration et plus de mod\u00e8les[\/vc_button]<\/p>\n","protected":false},"excerpt":{"rendered":"<p>Description du produit Vanne de base, pilote flotteur 2W, vanne a\u0300 aiguille et vanne a\u0300 sphe\u0300re a\u0300 partir de DN [&hellip;]<\/p>\n","protected":false},"featured_media":90825,"template":"","meta":{"_acf_changed":false},"product_brand":[],"product_cat":[203,208,209],"product_tag":[],"class_list":{"0":"post-90850","1":"product","2":"type-product","3":"status-publish","4":"has-post-thumbnail","6":"product_cat-hidrauliques","7":"product_cat-vannes","8":"product_cat-vannes-de-regulation","10":"first","11":"instock","12":"shipping-taxable","13":"product-type-simple"},"acf":[],"yoast_head":"<!-- This site is optimized with the Yoast SEO plugin v27.1.1 - https:\/\/yoast.com\/product\/yoast-seo-wordpress\/ -->\n<title>Vanne \u00e0 flotteur modulant simple VH100 - Mafusa<\/title>\n<meta name=\"description\" content=\"La vanne \u00e0 flotteur mod\u00e8le 100 est de type modulant et sa fonction est de maintenir le niveau constant dans le r\u00e9servoir. Il est con\u00e7u pour fermer la vanne progressivement que vous atteignez son niveau et ouvrird\u00e8s que ce niveau commence \u00e0 descendre.Son fonctionnement est enti\u00e8rement hydraulique et le pilote peut \u00eatre mont\u00e9 sur la vanne ou \u00e0 distance.\" \/>\n<meta name=\"robots\" content=\"index, follow, max-snippet:-1, max-image-preview:large, max-video-preview:-1\" \/>\n<link rel=\"canonical\" href=\"https:\/\/mafusa.net\/fr\/productos\/vannes\/vannes-de-regulation\/hidrauliques\/vanne-a-flotteur-modulant-simple-vh100\/\" \/>\n<meta property=\"og:locale\" content=\"fr_FR\" \/>\n<meta property=\"og:type\" content=\"article\" \/>\n<meta property=\"og:title\" content=\"Vanne \u00e0 flotteur modulant simple VH100 - Mafusa\" \/>\n<meta property=\"og:description\" content=\"La vanne \u00e0 flotteur mod\u00e8le 100 est de type modulant et sa fonction est de maintenir le niveau constant dans le r\u00e9servoir. Il est con\u00e7u pour fermer la vanne progressivement que vous atteignez son niveau et ouvrird\u00e8s que ce niveau commence \u00e0 descendre.Son fonctionnement est enti\u00e8rement hydraulique et le pilote peut \u00eatre mont\u00e9 sur la vanne ou \u00e0 distance.\" \/>\n<meta property=\"og:url\" content=\"https:\/\/mafusa.net\/fr\/productos\/vannes\/vannes-de-regulation\/hidrauliques\/vanne-a-flotteur-modulant-simple-vh100\/\" \/>\n<meta property=\"og:site_name\" content=\"Mafusa\" \/>\n<meta property=\"article:modified_time\" content=\"2024-07-01T10:41:46+00:00\" \/>\n<meta property=\"og:image\" content=\"https:\/\/mafusa.net\/wp-content\/uploads\/2024\/06\/mafusa-valvulashidraulicas-100.jpg\" \/>\n\t<meta property=\"og:image:width\" content=\"700\" \/>\n\t<meta property=\"og:image:height\" content=\"700\" \/>\n\t<meta property=\"og:image:type\" content=\"image\/jpeg\" \/>\n<meta name=\"twitter:card\" content=\"summary_large_image\" \/>\n<meta name=\"twitter:label1\" content=\"Dur\u00e9e de lecture estim\u00e9e\" \/>\n\t<meta name=\"twitter:data1\" content=\"1 minute\" \/>\n<script type=\"application\/ld+json\" class=\"yoast-schema-graph\">{\"@context\":\"https:\/\/schema.org\",\"@graph\":[{\"@type\":\"WebPage\",\"@id\":\"https:\/\/mafusa.net\/fr\/productos\/vannes\/vannes-de-regulation\/hidrauliques\/vanne-a-flotteur-modulant-simple-vh100\/\",\"url\":\"https:\/\/mafusa.net\/fr\/productos\/vannes\/vannes-de-regulation\/hidrauliques\/vanne-a-flotteur-modulant-simple-vh100\/\",\"name\":\"Vanne \u00e0 flotteur modulant simple VH100 - Mafusa\",\"isPartOf\":{\"@id\":\"https:\/\/mafusa.net\/fr\/#website\"},\"primaryImageOfPage\":{\"@id\":\"https:\/\/mafusa.net\/fr\/productos\/vannes\/vannes-de-regulation\/hidrauliques\/vanne-a-flotteur-modulant-simple-vh100\/#primaryimage\"},\"image\":{\"@id\":\"https:\/\/mafusa.net\/fr\/productos\/vannes\/vannes-de-regulation\/hidrauliques\/vanne-a-flotteur-modulant-simple-vh100\/#primaryimage\"},\"thumbnailUrl\":\"https:\/\/mafusa.net\/wp-content\/uploads\/2024\/06\/mafusa-valvulashidraulicas-100.jpg\",\"datePublished\":\"2024-06-20T08:57:43+00:00\",\"dateModified\":\"2024-07-01T10:41:46+00:00\",\"description\":\"La vanne \u00e0 flotteur mod\u00e8le 100 est de type modulant et sa fonction est de maintenir le niveau constant dans le r\u00e9servoir. Il est con\u00e7u pour fermer la vanne progressivement que vous atteignez son niveau et ouvrird\u00e8s que ce niveau commence \u00e0 descendre.Son fonctionnement est enti\u00e8rement hydraulique et le pilote peut \u00eatre mont\u00e9 sur la vanne ou \u00e0 distance.\",\"breadcrumb\":{\"@id\":\"https:\/\/mafusa.net\/fr\/productos\/vannes\/vannes-de-regulation\/hidrauliques\/vanne-a-flotteur-modulant-simple-vh100\/#breadcrumb\"},\"inLanguage\":\"fr-FR\",\"potentialAction\":[{\"@type\":\"ReadAction\",\"target\":[\"https:\/\/mafusa.net\/fr\/productos\/vannes\/vannes-de-regulation\/hidrauliques\/vanne-a-flotteur-modulant-simple-vh100\/\"]}]},{\"@type\":\"ImageObject\",\"inLanguage\":\"fr-FR\",\"@id\":\"https:\/\/mafusa.net\/fr\/productos\/vannes\/vannes-de-regulation\/hidrauliques\/vanne-a-flotteur-modulant-simple-vh100\/#primaryimage\",\"url\":\"https:\/\/mafusa.net\/wp-content\/uploads\/2024\/06\/mafusa-valvulashidraulicas-100.jpg\",\"contentUrl\":\"https:\/\/mafusa.net\/wp-content\/uploads\/2024\/06\/mafusa-valvulashidraulicas-100.jpg\",\"width\":700,\"height\":700},{\"@type\":\"BreadcrumbList\",\"@id\":\"https:\/\/mafusa.net\/fr\/productos\/vannes\/vannes-de-regulation\/hidrauliques\/vanne-a-flotteur-modulant-simple-vh100\/#breadcrumb\",\"itemListElement\":[{\"@type\":\"ListItem\",\"position\":1,\"name\":\"D\u00e9but\",\"item\":\"https:\/\/mafusa.net\/fr\/\"},{\"@type\":\"ListItem\",\"position\":2,\"name\":\"Produits\",\"item\":\"https:\/\/mafusa.net\/fr\/produits-2\/\"},{\"@type\":\"ListItem\",\"position\":3,\"name\":\"Vannes\",\"item\":\"https:\/\/mafusa.net\/fr\/catalogue\/vannes\/\"},{\"@type\":\"ListItem\",\"position\":4,\"name\":\"Vannes de regulation\",\"item\":\"https:\/\/mafusa.net\/fr\/catalogue\/vannes\/vannes-de-regulation\/\"},{\"@type\":\"ListItem\",\"position\":5,\"name\":\"Hidrauliques\",\"item\":\"https:\/\/mafusa.net\/fr\/catalogue\/vannes\/vannes-de-regulation\/hidrauliques\/\"},{\"@type\":\"ListItem\",\"position\":6,\"name\":\"Vanne \u00e0 flotteur modulant simple VH100\"}]},{\"@type\":\"WebSite\",\"@id\":\"https:\/\/mafusa.net\/fr\/#website\",\"url\":\"https:\/\/mafusa.net\/fr\/\",\"name\":\"Mafusa\",\"description\":\"Materiales de fundici\u00f3n d\u00factil\",\"publisher\":{\"@id\":\"https:\/\/mafusa.net\/fr\/#organization\"},\"potentialAction\":[{\"@type\":\"SearchAction\",\"target\":{\"@type\":\"EntryPoint\",\"urlTemplate\":\"https:\/\/mafusa.net\/fr\/?s={search_term_string}\"},\"query-input\":{\"@type\":\"PropertyValueSpecification\",\"valueRequired\":true,\"valueName\":\"search_term_string\"}}],\"inLanguage\":\"fr-FR\"},{\"@type\":\"Organization\",\"@id\":\"https:\/\/mafusa.net\/fr\/#organization\",\"name\":\"Materiales de Fundici\u00f3n S.A.\",\"url\":\"https:\/\/mafusa.net\/fr\/\",\"logo\":{\"@type\":\"ImageObject\",\"inLanguage\":\"fr-FR\",\"@id\":\"https:\/\/mafusa.net\/fr\/#\/schema\/logo\/image\/\",\"url\":\"https:\/\/mafusa.net\/wp-content\/uploads\/2020\/10\/mafusa-logo-color.svg\",\"contentUrl\":\"https:\/\/mafusa.net\/wp-content\/uploads\/2020\/10\/mafusa-logo-color.svg\",\"width\":\"90\",\"height\":\"90\",\"caption\":\"Materiales de Fundici\u00f3n S.A.\"},\"image\":{\"@id\":\"https:\/\/mafusa.net\/fr\/#\/schema\/logo\/image\/\"}}]}<\/script>\n<!-- \/ Yoast SEO plugin. -->","yoast_head_json":{"title":"Vanne \u00e0 flotteur modulant simple VH100 - Mafusa","description":"La vanne \u00e0 flotteur mod\u00e8le 100 est de type modulant et sa fonction est de maintenir le niveau constant dans le r\u00e9servoir. Il est con\u00e7u pour fermer la vanne progressivement que vous atteignez son niveau et ouvrird\u00e8s que ce niveau commence \u00e0 descendre.Son fonctionnement est enti\u00e8rement hydraulique et le pilote peut \u00eatre mont\u00e9 sur la vanne ou \u00e0 distance.","robots":{"index":"index","follow":"follow","max-snippet":"max-snippet:-1","max-image-preview":"max-image-preview:large","max-video-preview":"max-video-preview:-1"},"canonical":"https:\/\/mafusa.net\/fr\/productos\/vannes\/vannes-de-regulation\/hidrauliques\/vanne-a-flotteur-modulant-simple-vh100\/","og_locale":"fr_FR","og_type":"article","og_title":"Vanne \u00e0 flotteur modulant simple VH100 - Mafusa","og_description":"La vanne \u00e0 flotteur mod\u00e8le 100 est de type modulant et sa fonction est de maintenir le niveau constant dans le r\u00e9servoir. Il est con\u00e7u pour fermer la vanne progressivement que vous atteignez son niveau et ouvrird\u00e8s que ce niveau commence \u00e0 descendre.Son fonctionnement est enti\u00e8rement hydraulique et le pilote peut \u00eatre mont\u00e9 sur la vanne ou \u00e0 distance.","og_url":"https:\/\/mafusa.net\/fr\/productos\/vannes\/vannes-de-regulation\/hidrauliques\/vanne-a-flotteur-modulant-simple-vh100\/","og_site_name":"Mafusa","article_modified_time":"2024-07-01T10:41:46+00:00","og_image":[{"width":700,"height":700,"url":"https:\/\/mafusa.net\/wp-content\/uploads\/2024\/06\/mafusa-valvulashidraulicas-100.jpg","type":"image\/jpeg"}],"twitter_card":"summary_large_image","twitter_misc":{"Dur\u00e9e de lecture estim\u00e9e":"1 minute"},"schema":{"@context":"https:\/\/schema.org","@graph":[{"@type":"WebPage","@id":"https:\/\/mafusa.net\/fr\/productos\/vannes\/vannes-de-regulation\/hidrauliques\/vanne-a-flotteur-modulant-simple-vh100\/","url":"https:\/\/mafusa.net\/fr\/productos\/vannes\/vannes-de-regulation\/hidrauliques\/vanne-a-flotteur-modulant-simple-vh100\/","name":"Vanne \u00e0 flotteur modulant simple VH100 - Mafusa","isPartOf":{"@id":"https:\/\/mafusa.net\/fr\/#website"},"primaryImageOfPage":{"@id":"https:\/\/mafusa.net\/fr\/productos\/vannes\/vannes-de-regulation\/hidrauliques\/vanne-a-flotteur-modulant-simple-vh100\/#primaryimage"},"image":{"@id":"https:\/\/mafusa.net\/fr\/productos\/vannes\/vannes-de-regulation\/hidrauliques\/vanne-a-flotteur-modulant-simple-vh100\/#primaryimage"},"thumbnailUrl":"https:\/\/mafusa.net\/wp-content\/uploads\/2024\/06\/mafusa-valvulashidraulicas-100.jpg","datePublished":"2024-06-20T08:57:43+00:00","dateModified":"2024-07-01T10:41:46+00:00","description":"La vanne \u00e0 flotteur mod\u00e8le 100 est de type modulant et sa fonction est de maintenir le niveau constant dans le r\u00e9servoir. Il est con\u00e7u pour fermer la vanne progressivement que vous atteignez son niveau et ouvrird\u00e8s que ce niveau commence \u00e0 descendre.Son fonctionnement est enti\u00e8rement hydraulique et le pilote peut \u00eatre mont\u00e9 sur la vanne ou \u00e0 distance.","breadcrumb":{"@id":"https:\/\/mafusa.net\/fr\/productos\/vannes\/vannes-de-regulation\/hidrauliques\/vanne-a-flotteur-modulant-simple-vh100\/#breadcrumb"},"inLanguage":"fr-FR","potentialAction":[{"@type":"ReadAction","target":["https:\/\/mafusa.net\/fr\/productos\/vannes\/vannes-de-regulation\/hidrauliques\/vanne-a-flotteur-modulant-simple-vh100\/"]}]},{"@type":"ImageObject","inLanguage":"fr-FR","@id":"https:\/\/mafusa.net\/fr\/productos\/vannes\/vannes-de-regulation\/hidrauliques\/vanne-a-flotteur-modulant-simple-vh100\/#primaryimage","url":"https:\/\/mafusa.net\/wp-content\/uploads\/2024\/06\/mafusa-valvulashidraulicas-100.jpg","contentUrl":"https:\/\/mafusa.net\/wp-content\/uploads\/2024\/06\/mafusa-valvulashidraulicas-100.jpg","width":700,"height":700},{"@type":"BreadcrumbList","@id":"https:\/\/mafusa.net\/fr\/productos\/vannes\/vannes-de-regulation\/hidrauliques\/vanne-a-flotteur-modulant-simple-vh100\/#breadcrumb","itemListElement":[{"@type":"ListItem","position":1,"name":"D\u00e9but","item":"https:\/\/mafusa.net\/fr\/"},{"@type":"ListItem","position":2,"name":"Produits","item":"https:\/\/mafusa.net\/fr\/produits-2\/"},{"@type":"ListItem","position":3,"name":"Vannes","item":"https:\/\/mafusa.net\/fr\/catalogue\/vannes\/"},{"@type":"ListItem","position":4,"name":"Vannes de regulation","item":"https:\/\/mafusa.net\/fr\/catalogue\/vannes\/vannes-de-regulation\/"},{"@type":"ListItem","position":5,"name":"Hidrauliques","item":"https:\/\/mafusa.net\/fr\/catalogue\/vannes\/vannes-de-regulation\/hidrauliques\/"},{"@type":"ListItem","position":6,"name":"Vanne \u00e0 flotteur modulant simple VH100"}]},{"@type":"WebSite","@id":"https:\/\/mafusa.net\/fr\/#website","url":"https:\/\/mafusa.net\/fr\/","name":"Mafusa","description":"Materiales de fundici\u00f3n d\u00factil","publisher":{"@id":"https:\/\/mafusa.net\/fr\/#organization"},"potentialAction":[{"@type":"SearchAction","target":{"@type":"EntryPoint","urlTemplate":"https:\/\/mafusa.net\/fr\/?s={search_term_string}"},"query-input":{"@type":"PropertyValueSpecification","valueRequired":true,"valueName":"search_term_string"}}],"inLanguage":"fr-FR"},{"@type":"Organization","@id":"https:\/\/mafusa.net\/fr\/#organization","name":"Materiales de Fundici\u00f3n S.A.","url":"https:\/\/mafusa.net\/fr\/","logo":{"@type":"ImageObject","inLanguage":"fr-FR","@id":"https:\/\/mafusa.net\/fr\/#\/schema\/logo\/image\/","url":"https:\/\/mafusa.net\/wp-content\/uploads\/2020\/10\/mafusa-logo-color.svg","contentUrl":"https:\/\/mafusa.net\/wp-content\/uploads\/2020\/10\/mafusa-logo-color.svg","width":"90","height":"90","caption":"Materiales de Fundici\u00f3n S.A."},"image":{"@id":"https:\/\/mafusa.net\/fr\/#\/schema\/logo\/image\/"}}]}},"_links":{"self":[{"href":"https:\/\/mafusa.net\/fr\/wp-json\/wp\/v2\/product\/90850","targetHints":{"allow":["GET"]}}],"collection":[{"href":"https:\/\/mafusa.net\/fr\/wp-json\/wp\/v2\/product"}],"about":[{"href":"https:\/\/mafusa.net\/fr\/wp-json\/wp\/v2\/types\/product"}],"wp:featuredmedia":[{"embeddable":true,"href":"https:\/\/mafusa.net\/fr\/wp-json\/wp\/v2\/media\/90825"}],"wp:attachment":[{"href":"https:\/\/mafusa.net\/fr\/wp-json\/wp\/v2\/media?parent=90850"}],"wp:term":[{"taxonomy":"product_brand","embeddable":true,"href":"https:\/\/mafusa.net\/fr\/wp-json\/wp\/v2\/product_brand?post=90850"},{"taxonomy":"product_cat","embeddable":true,"href":"https:\/\/mafusa.net\/fr\/wp-json\/wp\/v2\/product_cat?post=90850"},{"taxonomy":"product_tag","embeddable":true,"href":"https:\/\/mafusa.net\/fr\/wp-json\/wp\/v2\/product_tag?post=90850"}],"curies":[{"name":"wp","href":"https:\/\/api.w.org\/{rel}","templated":true}]}}