{"id":90235,"date":"2021-07-16T07:52:36","date_gmt":"2021-07-16T07:52:36","guid":{"rendered":"https:\/\/mafusa.net\/productos\/non%20class\u00e9\/valvula-de-guillotina\/"},"modified":"2023-06-27T10:50:36","modified_gmt":"2023-06-27T10:50:36","slug":"vanne-a-guillotine","status":"publish","type":"product","link":"https:\/\/mafusa.net\/fr\/productos\/vannes\/vannes-sectionnement\/vanne-a-guillotine\/","title":{"rendered":"Vanne \u00e0 guillotine"},"content":{"rendered":"<p class=\"p2\"><b>Description du produit<\/b><\/p>\n<p>La vanne de guillotine est form\u00e9e par une structure de porte-couteau. Sa fermeture est produite par le contact entre la lame et le caoutchouc. Sa principale caract\u00e9ristique est que le joint en caoutchouc qui effectue l\u2019\u00e9tanch\u00e9it\u00e9 est install\u00e9 sur la rainure de si\u00e8ge et est verrouill\u00e9 par le si\u00e8ge en m\u00e9tal, ce qui l\u2019emp\u00eache de se d\u00e9tacher lors de l\u2019ouverture et de la fermeture de la soupape. En cas de rupture de la fermeture, le joint peut \u00eatre remplac\u00e9 en caoutchouc, ce qui am\u00e9liorera consid\u00e9rablement l\u2019efficacit\u00e9 de la vanne. Cette vanne de guillotine peut \u00eatre \u00e9quip\u00e9e avec actionneurs pneumatiques, pour r\u00e9pondre aux exigences de diff\u00e9rentes utilisations industrielles.<\/p>\n<p>&nbsp;<\/p>\n<p class=\"p2\"><b>Caract\u00e9ristiques<\/b><\/p>\n<ul>\n<li class=\"p2\">Fermeture unidirectionnelle<\/li>\n<li class=\"p2\">Conception corps<\/li>\n<li class=\"p3\">Conception passage integral<\/li>\n<\/ul>\n","protected":false},"excerpt":{"rendered":"<p>Description du produit La vanne de guillotine est form\u00e9e par une structure de porte-couteau. Sa fermeture est produite par le [&hellip;]<\/p>\n","protected":false},"featured_media":90039,"template":"","meta":{"_acf_changed":false},"product_brand":[],"product_cat":[199,208,254],"product_tag":[],"class_list":{"0":"post-90235","1":"product","2":"type-product","3":"status-publish","4":"has-post-thumbnail","6":"product_cat-vannes-sectionnement","7":"product_cat-vannes","8":"product_cat-guillotine-fr","10":"first","11":"instock","12":"shipping-taxable","13":"product-type-simple"},"acf":[],"yoast_head":"<!-- This site is optimized with the Yoast SEO plugin v27.1.1 - https:\/\/yoast.com\/product\/yoast-seo-wordpress\/ -->\n<title>Vanne \u00e0 guillotine - Mafusa<\/title>\n<meta name=\"description\" content=\"Form\u00e9e par une structure de porte-couteau. Fermeture unidirectionnelle. Conception corps. Conception passage integral.\" \/>\n<meta name=\"robots\" content=\"index, follow, max-snippet:-1, max-image-preview:large, max-video-preview:-1\" \/>\n<link rel=\"canonical\" href=\"https:\/\/mafusa.net\/fr\/productos\/vannes\/vannes-sectionnement\/vanne-a-guillotine\/\" \/>\n<meta property=\"og:locale\" content=\"fr_FR\" \/>\n<meta property=\"og:type\" content=\"article\" \/>\n<meta property=\"og:title\" content=\"Vanne \u00e0 guillotine - Mafusa\" \/>\n<meta property=\"og:description\" content=\"Form\u00e9e par une structure de porte-couteau. Fermeture unidirectionnelle. Conception corps. Conception passage integral.\" \/>\n<meta property=\"og:url\" content=\"https:\/\/mafusa.net\/fr\/productos\/vannes\/vannes-sectionnement\/vanne-a-guillotine\/\" \/>\n<meta property=\"og:site_name\" content=\"Mafusa\" \/>\n<meta property=\"article:modified_time\" content=\"2023-06-27T10:50:36+00:00\" \/>\n<meta property=\"og:image\" content=\"https:\/\/mafusa.net\/wp-content\/uploads\/2021\/07\/Mafusa_Valvula-Guillotina.jpg\" \/>\n\t<meta property=\"og:image:width\" content=\"700\" \/>\n\t<meta property=\"og:image:height\" content=\"700\" \/>\n\t<meta property=\"og:image:type\" content=\"image\/jpeg\" \/>\n<meta name=\"twitter:card\" content=\"summary_large_image\" \/>\n<meta name=\"twitter:label1\" content=\"Dur\u00e9e de lecture estim\u00e9e\" \/>\n\t<meta name=\"twitter:data1\" content=\"1 minute\" \/>\n<script type=\"application\/ld+json\" class=\"yoast-schema-graph\">{\"@context\":\"https:\/\/schema.org\",\"@graph\":[{\"@type\":\"WebPage\",\"@id\":\"https:\/\/mafusa.net\/fr\/productos\/vannes\/vannes-sectionnement\/vanne-a-guillotine\/\",\"url\":\"https:\/\/mafusa.net\/fr\/productos\/vannes\/vannes-sectionnement\/vanne-a-guillotine\/\",\"name\":\"Vanne \u00e0 guillotine - Mafusa\",\"isPartOf\":{\"@id\":\"https:\/\/mafusa.net\/fr\/#website\"},\"primaryImageOfPage\":{\"@id\":\"https:\/\/mafusa.net\/fr\/productos\/vannes\/vannes-sectionnement\/vanne-a-guillotine\/#primaryimage\"},\"image\":{\"@id\":\"https:\/\/mafusa.net\/fr\/productos\/vannes\/vannes-sectionnement\/vanne-a-guillotine\/#primaryimage\"},\"thumbnailUrl\":\"https:\/\/mafusa.net\/wp-content\/uploads\/2021\/07\/Mafusa_Valvula-Guillotina.jpg\",\"datePublished\":\"2021-07-16T07:52:36+00:00\",\"dateModified\":\"2023-06-27T10:50:36+00:00\",\"description\":\"Form\u00e9e par une structure de porte-couteau. Fermeture unidirectionnelle. Conception corps. Conception passage integral.\",\"breadcrumb\":{\"@id\":\"https:\/\/mafusa.net\/fr\/productos\/vannes\/vannes-sectionnement\/vanne-a-guillotine\/#breadcrumb\"},\"inLanguage\":\"fr-FR\",\"potentialAction\":[{\"@type\":\"ReadAction\",\"target\":[\"https:\/\/mafusa.net\/fr\/productos\/vannes\/vannes-sectionnement\/vanne-a-guillotine\/\"]}]},{\"@type\":\"ImageObject\",\"inLanguage\":\"fr-FR\",\"@id\":\"https:\/\/mafusa.net\/fr\/productos\/vannes\/vannes-sectionnement\/vanne-a-guillotine\/#primaryimage\",\"url\":\"https:\/\/mafusa.net\/wp-content\/uploads\/2021\/07\/Mafusa_Valvula-Guillotina.jpg\",\"contentUrl\":\"https:\/\/mafusa.net\/wp-content\/uploads\/2021\/07\/Mafusa_Valvula-Guillotina.jpg\",\"width\":700,\"height\":700},{\"@type\":\"BreadcrumbList\",\"@id\":\"https:\/\/mafusa.net\/fr\/productos\/vannes\/vannes-sectionnement\/vanne-a-guillotine\/#breadcrumb\",\"itemListElement\":[{\"@type\":\"ListItem\",\"position\":1,\"name\":\"D\u00e9but\",\"item\":\"https:\/\/mafusa.net\/fr\/\"},{\"@type\":\"ListItem\",\"position\":2,\"name\":\"Produits\",\"item\":\"https:\/\/mafusa.net\/fr\/produits-2\/\"},{\"@type\":\"ListItem\",\"position\":3,\"name\":\"Vannes\",\"item\":\"https:\/\/mafusa.net\/fr\/catalogue\/vannes\/\"},{\"@type\":\"ListItem\",\"position\":4,\"name\":\"Vannes de sectionnement\",\"item\":\"https:\/\/mafusa.net\/fr\/catalogue\/vannes\/vannes-sectionnement\/\"},{\"@type\":\"ListItem\",\"position\":5,\"name\":\"Guillotine\",\"item\":\"https:\/\/mafusa.net\/fr\/catalogue\/vannes\/vannes-sectionnement\/guillotine-fr\/\"},{\"@type\":\"ListItem\",\"position\":6,\"name\":\"Vanne \u00e0 guillotine\"}]},{\"@type\":\"WebSite\",\"@id\":\"https:\/\/mafusa.net\/fr\/#website\",\"url\":\"https:\/\/mafusa.net\/fr\/\",\"name\":\"Mafusa\",\"description\":\"Materiales de fundici\u00f3n d\u00factil\",\"publisher\":{\"@id\":\"https:\/\/mafusa.net\/fr\/#organization\"},\"potentialAction\":[{\"@type\":\"SearchAction\",\"target\":{\"@type\":\"EntryPoint\",\"urlTemplate\":\"https:\/\/mafusa.net\/fr\/?s={search_term_string}\"},\"query-input\":{\"@type\":\"PropertyValueSpecification\",\"valueRequired\":true,\"valueName\":\"search_term_string\"}}],\"inLanguage\":\"fr-FR\"},{\"@type\":\"Organization\",\"@id\":\"https:\/\/mafusa.net\/fr\/#organization\",\"name\":\"Materiales de Fundici\u00f3n S.A.\",\"url\":\"https:\/\/mafusa.net\/fr\/\",\"logo\":{\"@type\":\"ImageObject\",\"inLanguage\":\"fr-FR\",\"@id\":\"https:\/\/mafusa.net\/fr\/#\/schema\/logo\/image\/\",\"url\":\"https:\/\/mafusa.net\/wp-content\/uploads\/2020\/10\/mafusa-logo-color.svg\",\"contentUrl\":\"https:\/\/mafusa.net\/wp-content\/uploads\/2020\/10\/mafusa-logo-color.svg\",\"width\":\"90\",\"height\":\"90\",\"caption\":\"Materiales de Fundici\u00f3n S.A.\"},\"image\":{\"@id\":\"https:\/\/mafusa.net\/fr\/#\/schema\/logo\/image\/\"}}]}<\/script>\n<!-- \/ Yoast SEO plugin. -->","yoast_head_json":{"title":"Vanne \u00e0 guillotine - Mafusa","description":"Form\u00e9e par une structure de porte-couteau. Fermeture unidirectionnelle. Conception corps. Conception passage integral.","robots":{"index":"index","follow":"follow","max-snippet":"max-snippet:-1","max-image-preview":"max-image-preview:large","max-video-preview":"max-video-preview:-1"},"canonical":"https:\/\/mafusa.net\/fr\/productos\/vannes\/vannes-sectionnement\/vanne-a-guillotine\/","og_locale":"fr_FR","og_type":"article","og_title":"Vanne \u00e0 guillotine - Mafusa","og_description":"Form\u00e9e par une structure de porte-couteau. Fermeture unidirectionnelle. Conception corps. Conception passage integral.","og_url":"https:\/\/mafusa.net\/fr\/productos\/vannes\/vannes-sectionnement\/vanne-a-guillotine\/","og_site_name":"Mafusa","article_modified_time":"2023-06-27T10:50:36+00:00","og_image":[{"width":700,"height":700,"url":"https:\/\/mafusa.net\/wp-content\/uploads\/2021\/07\/Mafusa_Valvula-Guillotina.jpg","type":"image\/jpeg"}],"twitter_card":"summary_large_image","twitter_misc":{"Dur\u00e9e de lecture estim\u00e9e":"1 minute"},"schema":{"@context":"https:\/\/schema.org","@graph":[{"@type":"WebPage","@id":"https:\/\/mafusa.net\/fr\/productos\/vannes\/vannes-sectionnement\/vanne-a-guillotine\/","url":"https:\/\/mafusa.net\/fr\/productos\/vannes\/vannes-sectionnement\/vanne-a-guillotine\/","name":"Vanne \u00e0 guillotine - Mafusa","isPartOf":{"@id":"https:\/\/mafusa.net\/fr\/#website"},"primaryImageOfPage":{"@id":"https:\/\/mafusa.net\/fr\/productos\/vannes\/vannes-sectionnement\/vanne-a-guillotine\/#primaryimage"},"image":{"@id":"https:\/\/mafusa.net\/fr\/productos\/vannes\/vannes-sectionnement\/vanne-a-guillotine\/#primaryimage"},"thumbnailUrl":"https:\/\/mafusa.net\/wp-content\/uploads\/2021\/07\/Mafusa_Valvula-Guillotina.jpg","datePublished":"2021-07-16T07:52:36+00:00","dateModified":"2023-06-27T10:50:36+00:00","description":"Form\u00e9e par une structure de porte-couteau. Fermeture unidirectionnelle. Conception corps. Conception passage integral.","breadcrumb":{"@id":"https:\/\/mafusa.net\/fr\/productos\/vannes\/vannes-sectionnement\/vanne-a-guillotine\/#breadcrumb"},"inLanguage":"fr-FR","potentialAction":[{"@type":"ReadAction","target":["https:\/\/mafusa.net\/fr\/productos\/vannes\/vannes-sectionnement\/vanne-a-guillotine\/"]}]},{"@type":"ImageObject","inLanguage":"fr-FR","@id":"https:\/\/mafusa.net\/fr\/productos\/vannes\/vannes-sectionnement\/vanne-a-guillotine\/#primaryimage","url":"https:\/\/mafusa.net\/wp-content\/uploads\/2021\/07\/Mafusa_Valvula-Guillotina.jpg","contentUrl":"https:\/\/mafusa.net\/wp-content\/uploads\/2021\/07\/Mafusa_Valvula-Guillotina.jpg","width":700,"height":700},{"@type":"BreadcrumbList","@id":"https:\/\/mafusa.net\/fr\/productos\/vannes\/vannes-sectionnement\/vanne-a-guillotine\/#breadcrumb","itemListElement":[{"@type":"ListItem","position":1,"name":"D\u00e9but","item":"https:\/\/mafusa.net\/fr\/"},{"@type":"ListItem","position":2,"name":"Produits","item":"https:\/\/mafusa.net\/fr\/produits-2\/"},{"@type":"ListItem","position":3,"name":"Vannes","item":"https:\/\/mafusa.net\/fr\/catalogue\/vannes\/"},{"@type":"ListItem","position":4,"name":"Vannes de sectionnement","item":"https:\/\/mafusa.net\/fr\/catalogue\/vannes\/vannes-sectionnement\/"},{"@type":"ListItem","position":5,"name":"Guillotine","item":"https:\/\/mafusa.net\/fr\/catalogue\/vannes\/vannes-sectionnement\/guillotine-fr\/"},{"@type":"ListItem","position":6,"name":"Vanne \u00e0 guillotine"}]},{"@type":"WebSite","@id":"https:\/\/mafusa.net\/fr\/#website","url":"https:\/\/mafusa.net\/fr\/","name":"Mafusa","description":"Materiales de fundici\u00f3n d\u00factil","publisher":{"@id":"https:\/\/mafusa.net\/fr\/#organization"},"potentialAction":[{"@type":"SearchAction","target":{"@type":"EntryPoint","urlTemplate":"https:\/\/mafusa.net\/fr\/?s={search_term_string}"},"query-input":{"@type":"PropertyValueSpecification","valueRequired":true,"valueName":"search_term_string"}}],"inLanguage":"fr-FR"},{"@type":"Organization","@id":"https:\/\/mafusa.net\/fr\/#organization","name":"Materiales de Fundici\u00f3n S.A.","url":"https:\/\/mafusa.net\/fr\/","logo":{"@type":"ImageObject","inLanguage":"fr-FR","@id":"https:\/\/mafusa.net\/fr\/#\/schema\/logo\/image\/","url":"https:\/\/mafusa.net\/wp-content\/uploads\/2020\/10\/mafusa-logo-color.svg","contentUrl":"https:\/\/mafusa.net\/wp-content\/uploads\/2020\/10\/mafusa-logo-color.svg","width":"90","height":"90","caption":"Materiales de Fundici\u00f3n S.A."},"image":{"@id":"https:\/\/mafusa.net\/fr\/#\/schema\/logo\/image\/"}}]}},"_links":{"self":[{"href":"https:\/\/mafusa.net\/fr\/wp-json\/wp\/v2\/product\/90235","targetHints":{"allow":["GET"]}}],"collection":[{"href":"https:\/\/mafusa.net\/fr\/wp-json\/wp\/v2\/product"}],"about":[{"href":"https:\/\/mafusa.net\/fr\/wp-json\/wp\/v2\/types\/product"}],"wp:featuredmedia":[{"embeddable":true,"href":"https:\/\/mafusa.net\/fr\/wp-json\/wp\/v2\/media\/90039"}],"wp:attachment":[{"href":"https:\/\/mafusa.net\/fr\/wp-json\/wp\/v2\/media?parent=90235"}],"wp:term":[{"taxonomy":"product_brand","embeddable":true,"href":"https:\/\/mafusa.net\/fr\/wp-json\/wp\/v2\/product_brand?post=90235"},{"taxonomy":"product_cat","embeddable":true,"href":"https:\/\/mafusa.net\/fr\/wp-json\/wp\/v2\/product_cat?post=90235"},{"taxonomy":"product_tag","embeddable":true,"href":"https:\/\/mafusa.net\/fr\/wp-json\/wp\/v2\/product_tag?post=90235"}],"curies":[{"name":"wp","href":"https:\/\/api.w.org\/{rel}","templated":true}]}}