{"id":89830,"date":"2021-03-01T09:33:19","date_gmt":"2021-03-01T09:33:19","guid":{"rendered":"https:\/\/mafusa.net\/product\/valvula-acometida-roscada\/"},"modified":"2026-03-24T17:04:50","modified_gmt":"2026-03-24T16:04:50","slug":"vanne-de-branchement-avec-deux-sorties-taraudees","status":"publish","type":"product","link":"https:\/\/mafusa.net\/fr\/productos\/vannes\/vannes-sectionnement\/vanne-de-branchement-avec-deux-sorties-taraudees\/","title":{"rendered":"Vanne de branchement avec deux sorties taraud\u00e9es"},"content":{"rendered":"<p><strong>Caract\u00e9ristiques<\/strong><\/p>\n<p>La vanne de branchement filet\u00e9e Mafusa est utilis\u00e9e dans les installations hydrauliques, apportant fiabilit\u00e9 et s\u00e9curit\u00e9. Le si\u00e8ge \u00a0\u00e9lastique et la construction robuste ce qui garantit une longue dur\u00e9e de vie sans maintenance.<\/p>\n<ul>\n<li><strong>Pression nominale:<\/strong> PN10\/PN16<\/li>\n<li><strong>Temp\u00e9rature:<\/strong> -10\u00ba \u00e0 120\u00baC<\/li>\n<li><strong>Connexion:<\/strong> Filetage femelle BSP<\/li>\n<li><strong>Rev\u00eatement:<\/strong> R\u00e9sine \u00e9poxy<\/li>\n<\/ul>\n<p>&nbsp;<\/p>\n","protected":false},"excerpt":{"rendered":"<p>Caract\u00e9ristiques La vanne de branchement filet\u00e9e Mafusa est utilis\u00e9e dans les installations hydrauliques, apportant fiabilit\u00e9 et s\u00e9curit\u00e9. Le si\u00e8ge \u00a0\u00e9lastique [&hellip;]<\/p>\n","protected":false},"featured_media":89228,"template":"","meta":{"_acf_changed":false},"product_brand":[],"product_cat":[199,200,208],"product_tag":[],"class_list":{"0":"post-89830","1":"product","2":"type-product","3":"status-publish","4":"has-post-thumbnail","6":"product_cat-vannes-sectionnement","7":"product_cat-vanne-a-opercule","8":"product_cat-vannes","10":"first","11":"instock","12":"shipping-taxable","13":"product-type-simple"},"acf":[],"yoast_head":"<!-- This site is optimized with the Yoast SEO plugin v27.1.1 - https:\/\/yoast.com\/product\/yoast-seo-wordpress\/ -->\n<title>Vanne de branchement avec deux sorties taraud\u00e9es - Mafusa<\/title>\n<meta name=\"description\" content=\"La vanne de branchement filet\u00e9e Mafusa est utilis\u00e9e dans les installations hydrauliques, apportant fiabilit\u00e9 et s\u00e9curit\u00e9.\" \/>\n<meta name=\"robots\" content=\"index, follow, max-snippet:-1, max-image-preview:large, max-video-preview:-1\" \/>\n<link rel=\"canonical\" href=\"https:\/\/mafusa.net\/fr\/productos\/vannes\/vannes-sectionnement\/vanne-de-branchement-avec-deux-sorties-taraudees\/\" \/>\n<meta property=\"og:locale\" content=\"fr_FR\" \/>\n<meta property=\"og:type\" content=\"article\" \/>\n<meta property=\"og:title\" content=\"Vanne de branchement avec deux sorties taraud\u00e9es - Mafusa\" \/>\n<meta property=\"og:description\" content=\"La vanne de branchement filet\u00e9e Mafusa est utilis\u00e9e dans les installations hydrauliques, apportant fiabilit\u00e9 et s\u00e9curit\u00e9.\" \/>\n<meta property=\"og:url\" content=\"https:\/\/mafusa.net\/fr\/productos\/vannes\/vannes-sectionnement\/vanne-de-branchement-avec-deux-sorties-taraudees\/\" \/>\n<meta property=\"og:site_name\" content=\"Mafusa\" \/>\n<meta property=\"article:modified_time\" content=\"2026-03-24T16:04:50+00:00\" \/>\n<meta property=\"og:image\" content=\"https:\/\/mafusa.net\/wp-content\/uploads\/2021\/03\/Mafusa_Valvula-Compuerta-Acometida-Roscada.jpg\" \/>\n\t<meta property=\"og:image:width\" content=\"700\" \/>\n\t<meta property=\"og:image:height\" content=\"700\" \/>\n\t<meta property=\"og:image:type\" content=\"image\/jpeg\" \/>\n<meta name=\"twitter:card\" content=\"summary_large_image\" \/>\n<meta name=\"twitter:label1\" content=\"Dur\u00e9e de lecture estim\u00e9e\" \/>\n\t<meta name=\"twitter:data1\" content=\"1 minute\" \/>\n<script type=\"application\/ld+json\" class=\"yoast-schema-graph\">{\"@context\":\"https:\/\/schema.org\",\"@graph\":[{\"@type\":\"WebPage\",\"@id\":\"https:\/\/mafusa.net\/fr\/productos\/vannes\/vannes-sectionnement\/vanne-de-branchement-avec-deux-sorties-taraudees\/\",\"url\":\"https:\/\/mafusa.net\/fr\/productos\/vannes\/vannes-sectionnement\/vanne-de-branchement-avec-deux-sorties-taraudees\/\",\"name\":\"Vanne de branchement avec deux sorties taraud\u00e9es - Mafusa\",\"isPartOf\":{\"@id\":\"https:\/\/mafusa.net\/fr\/#website\"},\"primaryImageOfPage\":{\"@id\":\"https:\/\/mafusa.net\/fr\/productos\/vannes\/vannes-sectionnement\/vanne-de-branchement-avec-deux-sorties-taraudees\/#primaryimage\"},\"image\":{\"@id\":\"https:\/\/mafusa.net\/fr\/productos\/vannes\/vannes-sectionnement\/vanne-de-branchement-avec-deux-sorties-taraudees\/#primaryimage\"},\"thumbnailUrl\":\"https:\/\/mafusa.net\/wp-content\/uploads\/2021\/03\/Mafusa_Valvula-Compuerta-Acometida-Roscada.jpg\",\"datePublished\":\"2021-03-01T09:33:19+00:00\",\"dateModified\":\"2026-03-24T16:04:50+00:00\",\"description\":\"La vanne de branchement filet\u00e9e Mafusa est utilis\u00e9e dans les installations hydrauliques, apportant fiabilit\u00e9 et s\u00e9curit\u00e9.\",\"breadcrumb\":{\"@id\":\"https:\/\/mafusa.net\/fr\/productos\/vannes\/vannes-sectionnement\/vanne-de-branchement-avec-deux-sorties-taraudees\/#breadcrumb\"},\"inLanguage\":\"fr-FR\",\"potentialAction\":[{\"@type\":\"ReadAction\",\"target\":[\"https:\/\/mafusa.net\/fr\/productos\/vannes\/vannes-sectionnement\/vanne-de-branchement-avec-deux-sorties-taraudees\/\"]}]},{\"@type\":\"ImageObject\",\"inLanguage\":\"fr-FR\",\"@id\":\"https:\/\/mafusa.net\/fr\/productos\/vannes\/vannes-sectionnement\/vanne-de-branchement-avec-deux-sorties-taraudees\/#primaryimage\",\"url\":\"https:\/\/mafusa.net\/wp-content\/uploads\/2021\/03\/Mafusa_Valvula-Compuerta-Acometida-Roscada.jpg\",\"contentUrl\":\"https:\/\/mafusa.net\/wp-content\/uploads\/2021\/03\/Mafusa_Valvula-Compuerta-Acometida-Roscada.jpg\",\"width\":700,\"height\":700},{\"@type\":\"BreadcrumbList\",\"@id\":\"https:\/\/mafusa.net\/fr\/productos\/vannes\/vannes-sectionnement\/vanne-de-branchement-avec-deux-sorties-taraudees\/#breadcrumb\",\"itemListElement\":[{\"@type\":\"ListItem\",\"position\":1,\"name\":\"D\u00e9but\",\"item\":\"https:\/\/mafusa.net\/fr\/\"},{\"@type\":\"ListItem\",\"position\":2,\"name\":\"Produits\",\"item\":\"https:\/\/mafusa.net\/fr\/produits-2\/\"},{\"@type\":\"ListItem\",\"position\":3,\"name\":\"Vannes\",\"item\":\"https:\/\/mafusa.net\/fr\/catalogue\/vannes\/\"},{\"@type\":\"ListItem\",\"position\":4,\"name\":\"Vanne de branchement avec deux sorties taraud\u00e9es\"}]},{\"@type\":\"WebSite\",\"@id\":\"https:\/\/mafusa.net\/fr\/#website\",\"url\":\"https:\/\/mafusa.net\/fr\/\",\"name\":\"Mafusa\",\"description\":\"Materiales de fundici\u00f3n d\u00factil\",\"publisher\":{\"@id\":\"https:\/\/mafusa.net\/fr\/#organization\"},\"potentialAction\":[{\"@type\":\"SearchAction\",\"target\":{\"@type\":\"EntryPoint\",\"urlTemplate\":\"https:\/\/mafusa.net\/fr\/?s={search_term_string}\"},\"query-input\":{\"@type\":\"PropertyValueSpecification\",\"valueRequired\":true,\"valueName\":\"search_term_string\"}}],\"inLanguage\":\"fr-FR\"},{\"@type\":\"Organization\",\"@id\":\"https:\/\/mafusa.net\/fr\/#organization\",\"name\":\"Materiales de Fundici\u00f3n S.A.\",\"url\":\"https:\/\/mafusa.net\/fr\/\",\"logo\":{\"@type\":\"ImageObject\",\"inLanguage\":\"fr-FR\",\"@id\":\"https:\/\/mafusa.net\/fr\/#\/schema\/logo\/image\/\",\"url\":\"https:\/\/mafusa.net\/wp-content\/uploads\/2020\/10\/mafusa-logo-color.svg\",\"contentUrl\":\"https:\/\/mafusa.net\/wp-content\/uploads\/2020\/10\/mafusa-logo-color.svg\",\"width\":\"90\",\"height\":\"90\",\"caption\":\"Materiales de Fundici\u00f3n S.A.\"},\"image\":{\"@id\":\"https:\/\/mafusa.net\/fr\/#\/schema\/logo\/image\/\"}}]}<\/script>\n<!-- \/ Yoast SEO plugin. -->","yoast_head_json":{"title":"Vanne de branchement avec deux sorties taraud\u00e9es - Mafusa","description":"La vanne de branchement filet\u00e9e Mafusa est utilis\u00e9e dans les installations hydrauliques, apportant fiabilit\u00e9 et s\u00e9curit\u00e9.","robots":{"index":"index","follow":"follow","max-snippet":"max-snippet:-1","max-image-preview":"max-image-preview:large","max-video-preview":"max-video-preview:-1"},"canonical":"https:\/\/mafusa.net\/fr\/productos\/vannes\/vannes-sectionnement\/vanne-de-branchement-avec-deux-sorties-taraudees\/","og_locale":"fr_FR","og_type":"article","og_title":"Vanne de branchement avec deux sorties taraud\u00e9es - Mafusa","og_description":"La vanne de branchement filet\u00e9e Mafusa est utilis\u00e9e dans les installations hydrauliques, apportant fiabilit\u00e9 et s\u00e9curit\u00e9.","og_url":"https:\/\/mafusa.net\/fr\/productos\/vannes\/vannes-sectionnement\/vanne-de-branchement-avec-deux-sorties-taraudees\/","og_site_name":"Mafusa","article_modified_time":"2026-03-24T16:04:50+00:00","og_image":[{"width":700,"height":700,"url":"https:\/\/mafusa.net\/wp-content\/uploads\/2021\/03\/Mafusa_Valvula-Compuerta-Acometida-Roscada.jpg","type":"image\/jpeg"}],"twitter_card":"summary_large_image","twitter_misc":{"Dur\u00e9e de lecture estim\u00e9e":"1 minute"},"schema":{"@context":"https:\/\/schema.org","@graph":[{"@type":"WebPage","@id":"https:\/\/mafusa.net\/fr\/productos\/vannes\/vannes-sectionnement\/vanne-de-branchement-avec-deux-sorties-taraudees\/","url":"https:\/\/mafusa.net\/fr\/productos\/vannes\/vannes-sectionnement\/vanne-de-branchement-avec-deux-sorties-taraudees\/","name":"Vanne de branchement avec deux sorties taraud\u00e9es - Mafusa","isPartOf":{"@id":"https:\/\/mafusa.net\/fr\/#website"},"primaryImageOfPage":{"@id":"https:\/\/mafusa.net\/fr\/productos\/vannes\/vannes-sectionnement\/vanne-de-branchement-avec-deux-sorties-taraudees\/#primaryimage"},"image":{"@id":"https:\/\/mafusa.net\/fr\/productos\/vannes\/vannes-sectionnement\/vanne-de-branchement-avec-deux-sorties-taraudees\/#primaryimage"},"thumbnailUrl":"https:\/\/mafusa.net\/wp-content\/uploads\/2021\/03\/Mafusa_Valvula-Compuerta-Acometida-Roscada.jpg","datePublished":"2021-03-01T09:33:19+00:00","dateModified":"2026-03-24T16:04:50+00:00","description":"La vanne de branchement filet\u00e9e Mafusa est utilis\u00e9e dans les installations hydrauliques, apportant fiabilit\u00e9 et s\u00e9curit\u00e9.","breadcrumb":{"@id":"https:\/\/mafusa.net\/fr\/productos\/vannes\/vannes-sectionnement\/vanne-de-branchement-avec-deux-sorties-taraudees\/#breadcrumb"},"inLanguage":"fr-FR","potentialAction":[{"@type":"ReadAction","target":["https:\/\/mafusa.net\/fr\/productos\/vannes\/vannes-sectionnement\/vanne-de-branchement-avec-deux-sorties-taraudees\/"]}]},{"@type":"ImageObject","inLanguage":"fr-FR","@id":"https:\/\/mafusa.net\/fr\/productos\/vannes\/vannes-sectionnement\/vanne-de-branchement-avec-deux-sorties-taraudees\/#primaryimage","url":"https:\/\/mafusa.net\/wp-content\/uploads\/2021\/03\/Mafusa_Valvula-Compuerta-Acometida-Roscada.jpg","contentUrl":"https:\/\/mafusa.net\/wp-content\/uploads\/2021\/03\/Mafusa_Valvula-Compuerta-Acometida-Roscada.jpg","width":700,"height":700},{"@type":"BreadcrumbList","@id":"https:\/\/mafusa.net\/fr\/productos\/vannes\/vannes-sectionnement\/vanne-de-branchement-avec-deux-sorties-taraudees\/#breadcrumb","itemListElement":[{"@type":"ListItem","position":1,"name":"D\u00e9but","item":"https:\/\/mafusa.net\/fr\/"},{"@type":"ListItem","position":2,"name":"Produits","item":"https:\/\/mafusa.net\/fr\/produits-2\/"},{"@type":"ListItem","position":3,"name":"Vannes","item":"https:\/\/mafusa.net\/fr\/catalogue\/vannes\/"},{"@type":"ListItem","position":4,"name":"Vanne de branchement avec deux sorties taraud\u00e9es"}]},{"@type":"WebSite","@id":"https:\/\/mafusa.net\/fr\/#website","url":"https:\/\/mafusa.net\/fr\/","name":"Mafusa","description":"Materiales de fundici\u00f3n d\u00factil","publisher":{"@id":"https:\/\/mafusa.net\/fr\/#organization"},"potentialAction":[{"@type":"SearchAction","target":{"@type":"EntryPoint","urlTemplate":"https:\/\/mafusa.net\/fr\/?s={search_term_string}"},"query-input":{"@type":"PropertyValueSpecification","valueRequired":true,"valueName":"search_term_string"}}],"inLanguage":"fr-FR"},{"@type":"Organization","@id":"https:\/\/mafusa.net\/fr\/#organization","name":"Materiales de Fundici\u00f3n S.A.","url":"https:\/\/mafusa.net\/fr\/","logo":{"@type":"ImageObject","inLanguage":"fr-FR","@id":"https:\/\/mafusa.net\/fr\/#\/schema\/logo\/image\/","url":"https:\/\/mafusa.net\/wp-content\/uploads\/2020\/10\/mafusa-logo-color.svg","contentUrl":"https:\/\/mafusa.net\/wp-content\/uploads\/2020\/10\/mafusa-logo-color.svg","width":"90","height":"90","caption":"Materiales de Fundici\u00f3n S.A."},"image":{"@id":"https:\/\/mafusa.net\/fr\/#\/schema\/logo\/image\/"}}]}},"_links":{"self":[{"href":"https:\/\/mafusa.net\/fr\/wp-json\/wp\/v2\/product\/89830","targetHints":{"allow":["GET"]}}],"collection":[{"href":"https:\/\/mafusa.net\/fr\/wp-json\/wp\/v2\/product"}],"about":[{"href":"https:\/\/mafusa.net\/fr\/wp-json\/wp\/v2\/types\/product"}],"wp:featuredmedia":[{"embeddable":true,"href":"https:\/\/mafusa.net\/fr\/wp-json\/wp\/v2\/media\/89228"}],"wp:attachment":[{"href":"https:\/\/mafusa.net\/fr\/wp-json\/wp\/v2\/media?parent=89830"}],"wp:term":[{"taxonomy":"product_brand","embeddable":true,"href":"https:\/\/mafusa.net\/fr\/wp-json\/wp\/v2\/product_brand?post=89830"},{"taxonomy":"product_cat","embeddable":true,"href":"https:\/\/mafusa.net\/fr\/wp-json\/wp\/v2\/product_cat?post=89830"},{"taxonomy":"product_tag","embeddable":true,"href":"https:\/\/mafusa.net\/fr\/wp-json\/wp\/v2\/product_tag?post=89830"}],"curies":[{"name":"wp","href":"https:\/\/api.w.org\/{rel}","templated":true}]}}