{"id":89828,"date":"2017-08-17T14:37:34","date_gmt":"2017-08-17T13:37:34","guid":{"rendered":"https:\/\/mafusa.net\/product\/valvula-de-mariposa-bi-excentrica\/"},"modified":"2024-03-11T11:49:35","modified_gmt":"2024-03-11T11:49:35","slug":"vanne-papillon-double-excentrique","status":"publish","type":"product","link":"https:\/\/mafusa.net\/fr\/productos\/vannes\/vannes-sectionnement\/vanne-papillon-double-excentrique\/","title":{"rendered":"Vanne papillon double excentrique"},"content":{"rendered":"<p class=\"p1\"><strong>Propri\u00e9t\u00e9s<\/strong><\/p>\n<ul>\n<li class=\"p2\"><strong>Ex\u00e9cution:<\/strong> double excentrique, double bride BS EN 593<\/li>\n<li class=\"p2\"><strong>Norme de bride:<\/strong> BS EN 1092-2<\/li>\n<li class=\"p2\"><strong>Rapport de pression:<\/strong> PN 10\/16<\/li>\n<li class=\"p2\"><strong>Distance entre les brides:<\/strong> BS EN 558 1 s\u00e9rie 14<\/li>\n<li class=\"p2\"><strong>Corps:<\/strong> Fonte ductile GGG50, rev\u00eatement \u00e9poxy<\/li>\n<li class=\"p2\"><strong>Normes d\u2019essai:<\/strong> BS EN 12266-1<\/li>\n<\/ul>\n<p>&nbsp;<\/p>\n<p><strong>D<\/strong><b>onn\u00e9es g\u00e9n\u00e9riques<\/b><\/p>\n<ul>\n<li><strong>Pression Nominale (Mpa):<\/strong> 1,0 &#8211; 1,6<\/li>\n<li class=\"p1\"><strong>Pression d&rsquo;essai (Mpa):<\/strong> Corps 1,5 &#8211; 2,4, \u00c9tanch\u00e9ite de la fermeture 1,1 &#8211; 1,76<\/li>\n<li class=\"p1\"><strong>Presi\u00f3n de trabajo (Mpa):<\/strong> 1.6<\/li>\n<li class=\"p1\"><strong>Temp\u00e9rature id\u00e9ale (\u00baC):<\/strong> \u2264 80<\/li>\n<li class=\"p1\"><strong>Moyen ideal:<\/strong> Eau, huile<\/li>\n<\/ul>\n","protected":false},"excerpt":{"rendered":"<p>Propri\u00e9t\u00e9s Ex\u00e9cution: double excentrique, double bride BS EN 593 Norme de bride: BS EN 1092-2 Rapport de pression: PN 10\/16 [&hellip;]<\/p>\n","protected":false},"featured_media":90737,"template":"","meta":{"_acf_changed":false},"product_brand":[],"product_cat":[199,202,208],"product_tag":[],"class_list":{"0":"post-89828","1":"product","2":"type-product","3":"status-publish","4":"has-post-thumbnail","6":"product_cat-vannes-sectionnement","7":"product_cat-papillon","8":"product_cat-vannes","10":"first","11":"instock","12":"shipping-taxable","13":"product-type-simple"},"acf":[],"yoast_head":"<!-- This site is optimized with the Yoast SEO plugin v27.1.1 - https:\/\/yoast.com\/product\/yoast-seo-wordpress\/ -->\n<title>Vanne papillon double excentrique - Mafusa<\/title>\n<meta name=\"description\" content=\"Ex\u00e9cution: double excentrique, double bride BS EN 593 Norme de bride: BS EN 1092-2 Rapport de pression: PN 10\/16 Distance entre les brides: BS EN 558 1 s\u00e9rie 14 Corps: Fonte ductile GGG50, rev\u00eatement \u00e9poxy Normes d\u2019essai: BS EN 12266-1\" \/>\n<meta name=\"robots\" content=\"index, follow, max-snippet:-1, max-image-preview:large, max-video-preview:-1\" \/>\n<link rel=\"canonical\" href=\"https:\/\/mafusa.net\/fr\/productos\/vannes\/vannes-sectionnement\/vanne-papillon-double-excentrique\/\" \/>\n<meta property=\"og:locale\" content=\"fr_FR\" \/>\n<meta property=\"og:type\" content=\"article\" \/>\n<meta property=\"og:title\" content=\"Vanne papillon double excentrique - Mafusa\" \/>\n<meta property=\"og:description\" content=\"Ex\u00e9cution: double excentrique, double bride BS EN 593 Norme de bride: BS EN 1092-2 Rapport de pression: PN 10\/16 Distance entre les brides: BS EN 558 1 s\u00e9rie 14 Corps: Fonte ductile GGG50, rev\u00eatement \u00e9poxy Normes d\u2019essai: BS EN 12266-1\" \/>\n<meta property=\"og:url\" content=\"https:\/\/mafusa.net\/fr\/productos\/vannes\/vannes-sectionnement\/vanne-papillon-double-excentrique\/\" \/>\n<meta property=\"og:site_name\" content=\"Mafusa\" \/>\n<meta property=\"article:modified_time\" content=\"2024-03-11T11:49:35+00:00\" \/>\n<meta property=\"og:image\" content=\"https:\/\/mafusa.net\/wp-content\/uploads\/2017\/08\/mafusa-butterflyvalve-web.jpg\" \/>\n\t<meta property=\"og:image:width\" content=\"700\" \/>\n\t<meta property=\"og:image:height\" content=\"700\" \/>\n\t<meta property=\"og:image:type\" content=\"image\/jpeg\" \/>\n<meta name=\"twitter:card\" content=\"summary_large_image\" \/>\n<meta name=\"twitter:label1\" content=\"Dur\u00e9e de lecture estim\u00e9e\" \/>\n\t<meta name=\"twitter:data1\" content=\"1 minute\" \/>\n<script type=\"application\/ld+json\" class=\"yoast-schema-graph\">{\"@context\":\"https:\/\/schema.org\",\"@graph\":[{\"@type\":\"WebPage\",\"@id\":\"https:\/\/mafusa.net\/fr\/productos\/vannes\/vannes-sectionnement\/vanne-papillon-double-excentrique\/\",\"url\":\"https:\/\/mafusa.net\/fr\/productos\/vannes\/vannes-sectionnement\/vanne-papillon-double-excentrique\/\",\"name\":\"Vanne papillon double excentrique - Mafusa\",\"isPartOf\":{\"@id\":\"https:\/\/mafusa.net\/fr\/#website\"},\"primaryImageOfPage\":{\"@id\":\"https:\/\/mafusa.net\/fr\/productos\/vannes\/vannes-sectionnement\/vanne-papillon-double-excentrique\/#primaryimage\"},\"image\":{\"@id\":\"https:\/\/mafusa.net\/fr\/productos\/vannes\/vannes-sectionnement\/vanne-papillon-double-excentrique\/#primaryimage\"},\"thumbnailUrl\":\"https:\/\/mafusa.net\/wp-content\/uploads\/2017\/08\/mafusa-butterflyvalve-web.jpg\",\"datePublished\":\"2017-08-17T13:37:34+00:00\",\"dateModified\":\"2024-03-11T11:49:35+00:00\",\"description\":\"Ex\u00e9cution: double excentrique, double bride BS EN 593 Norme de bride: BS EN 1092-2 Rapport de pression: PN 10\/16 Distance entre les brides: BS EN 558 1 s\u00e9rie 14 Corps: Fonte ductile GGG50, rev\u00eatement \u00e9poxy Normes d\u2019essai: BS EN 12266-1\",\"breadcrumb\":{\"@id\":\"https:\/\/mafusa.net\/fr\/productos\/vannes\/vannes-sectionnement\/vanne-papillon-double-excentrique\/#breadcrumb\"},\"inLanguage\":\"fr-FR\",\"potentialAction\":[{\"@type\":\"ReadAction\",\"target\":[\"https:\/\/mafusa.net\/fr\/productos\/vannes\/vannes-sectionnement\/vanne-papillon-double-excentrique\/\"]}]},{\"@type\":\"ImageObject\",\"inLanguage\":\"fr-FR\",\"@id\":\"https:\/\/mafusa.net\/fr\/productos\/vannes\/vannes-sectionnement\/vanne-papillon-double-excentrique\/#primaryimage\",\"url\":\"https:\/\/mafusa.net\/wp-content\/uploads\/2017\/08\/mafusa-butterflyvalve-web.jpg\",\"contentUrl\":\"https:\/\/mafusa.net\/wp-content\/uploads\/2017\/08\/mafusa-butterflyvalve-web.jpg\",\"width\":700,\"height\":700},{\"@type\":\"BreadcrumbList\",\"@id\":\"https:\/\/mafusa.net\/fr\/productos\/vannes\/vannes-sectionnement\/vanne-papillon-double-excentrique\/#breadcrumb\",\"itemListElement\":[{\"@type\":\"ListItem\",\"position\":1,\"name\":\"D\u00e9but\",\"item\":\"https:\/\/mafusa.net\/fr\/\"},{\"@type\":\"ListItem\",\"position\":2,\"name\":\"Produits\",\"item\":\"https:\/\/mafusa.net\/fr\/produits-2\/\"},{\"@type\":\"ListItem\",\"position\":3,\"name\":\"Vannes\",\"item\":\"https:\/\/mafusa.net\/fr\/catalogue\/vannes\/\"},{\"@type\":\"ListItem\",\"position\":4,\"name\":\"Vanne papillon double excentrique\"}]},{\"@type\":\"WebSite\",\"@id\":\"https:\/\/mafusa.net\/fr\/#website\",\"url\":\"https:\/\/mafusa.net\/fr\/\",\"name\":\"Mafusa\",\"description\":\"Materiales de fundici\u00f3n d\u00factil\",\"publisher\":{\"@id\":\"https:\/\/mafusa.net\/fr\/#organization\"},\"potentialAction\":[{\"@type\":\"SearchAction\",\"target\":{\"@type\":\"EntryPoint\",\"urlTemplate\":\"https:\/\/mafusa.net\/fr\/?s={search_term_string}\"},\"query-input\":{\"@type\":\"PropertyValueSpecification\",\"valueRequired\":true,\"valueName\":\"search_term_string\"}}],\"inLanguage\":\"fr-FR\"},{\"@type\":\"Organization\",\"@id\":\"https:\/\/mafusa.net\/fr\/#organization\",\"name\":\"Materiales de Fundici\u00f3n S.A.\",\"url\":\"https:\/\/mafusa.net\/fr\/\",\"logo\":{\"@type\":\"ImageObject\",\"inLanguage\":\"fr-FR\",\"@id\":\"https:\/\/mafusa.net\/fr\/#\/schema\/logo\/image\/\",\"url\":\"https:\/\/mafusa.net\/wp-content\/uploads\/2020\/10\/mafusa-logo-color.svg\",\"contentUrl\":\"https:\/\/mafusa.net\/wp-content\/uploads\/2020\/10\/mafusa-logo-color.svg\",\"width\":\"90\",\"height\":\"90\",\"caption\":\"Materiales de Fundici\u00f3n S.A.\"},\"image\":{\"@id\":\"https:\/\/mafusa.net\/fr\/#\/schema\/logo\/image\/\"}}]}<\/script>\n<!-- \/ Yoast SEO plugin. -->","yoast_head_json":{"title":"Vanne papillon double excentrique - Mafusa","description":"Ex\u00e9cution: double excentrique, double bride BS EN 593 Norme de bride: BS EN 1092-2 Rapport de pression: PN 10\/16 Distance entre les brides: BS EN 558 1 s\u00e9rie 14 Corps: Fonte ductile GGG50, rev\u00eatement \u00e9poxy Normes d\u2019essai: BS EN 12266-1","robots":{"index":"index","follow":"follow","max-snippet":"max-snippet:-1","max-image-preview":"max-image-preview:large","max-video-preview":"max-video-preview:-1"},"canonical":"https:\/\/mafusa.net\/fr\/productos\/vannes\/vannes-sectionnement\/vanne-papillon-double-excentrique\/","og_locale":"fr_FR","og_type":"article","og_title":"Vanne papillon double excentrique - Mafusa","og_description":"Ex\u00e9cution: double excentrique, double bride BS EN 593 Norme de bride: BS EN 1092-2 Rapport de pression: PN 10\/16 Distance entre les brides: BS EN 558 1 s\u00e9rie 14 Corps: Fonte ductile GGG50, rev\u00eatement \u00e9poxy Normes d\u2019essai: BS EN 12266-1","og_url":"https:\/\/mafusa.net\/fr\/productos\/vannes\/vannes-sectionnement\/vanne-papillon-double-excentrique\/","og_site_name":"Mafusa","article_modified_time":"2024-03-11T11:49:35+00:00","og_image":[{"width":700,"height":700,"url":"https:\/\/mafusa.net\/wp-content\/uploads\/2017\/08\/mafusa-butterflyvalve-web.jpg","type":"image\/jpeg"}],"twitter_card":"summary_large_image","twitter_misc":{"Dur\u00e9e de lecture estim\u00e9e":"1 minute"},"schema":{"@context":"https:\/\/schema.org","@graph":[{"@type":"WebPage","@id":"https:\/\/mafusa.net\/fr\/productos\/vannes\/vannes-sectionnement\/vanne-papillon-double-excentrique\/","url":"https:\/\/mafusa.net\/fr\/productos\/vannes\/vannes-sectionnement\/vanne-papillon-double-excentrique\/","name":"Vanne papillon double excentrique - Mafusa","isPartOf":{"@id":"https:\/\/mafusa.net\/fr\/#website"},"primaryImageOfPage":{"@id":"https:\/\/mafusa.net\/fr\/productos\/vannes\/vannes-sectionnement\/vanne-papillon-double-excentrique\/#primaryimage"},"image":{"@id":"https:\/\/mafusa.net\/fr\/productos\/vannes\/vannes-sectionnement\/vanne-papillon-double-excentrique\/#primaryimage"},"thumbnailUrl":"https:\/\/mafusa.net\/wp-content\/uploads\/2017\/08\/mafusa-butterflyvalve-web.jpg","datePublished":"2017-08-17T13:37:34+00:00","dateModified":"2024-03-11T11:49:35+00:00","description":"Ex\u00e9cution: double excentrique, double bride BS EN 593 Norme de bride: BS EN 1092-2 Rapport de pression: PN 10\/16 Distance entre les brides: BS EN 558 1 s\u00e9rie 14 Corps: Fonte ductile GGG50, rev\u00eatement \u00e9poxy Normes d\u2019essai: BS EN 12266-1","breadcrumb":{"@id":"https:\/\/mafusa.net\/fr\/productos\/vannes\/vannes-sectionnement\/vanne-papillon-double-excentrique\/#breadcrumb"},"inLanguage":"fr-FR","potentialAction":[{"@type":"ReadAction","target":["https:\/\/mafusa.net\/fr\/productos\/vannes\/vannes-sectionnement\/vanne-papillon-double-excentrique\/"]}]},{"@type":"ImageObject","inLanguage":"fr-FR","@id":"https:\/\/mafusa.net\/fr\/productos\/vannes\/vannes-sectionnement\/vanne-papillon-double-excentrique\/#primaryimage","url":"https:\/\/mafusa.net\/wp-content\/uploads\/2017\/08\/mafusa-butterflyvalve-web.jpg","contentUrl":"https:\/\/mafusa.net\/wp-content\/uploads\/2017\/08\/mafusa-butterflyvalve-web.jpg","width":700,"height":700},{"@type":"BreadcrumbList","@id":"https:\/\/mafusa.net\/fr\/productos\/vannes\/vannes-sectionnement\/vanne-papillon-double-excentrique\/#breadcrumb","itemListElement":[{"@type":"ListItem","position":1,"name":"D\u00e9but","item":"https:\/\/mafusa.net\/fr\/"},{"@type":"ListItem","position":2,"name":"Produits","item":"https:\/\/mafusa.net\/fr\/produits-2\/"},{"@type":"ListItem","position":3,"name":"Vannes","item":"https:\/\/mafusa.net\/fr\/catalogue\/vannes\/"},{"@type":"ListItem","position":4,"name":"Vanne papillon double excentrique"}]},{"@type":"WebSite","@id":"https:\/\/mafusa.net\/fr\/#website","url":"https:\/\/mafusa.net\/fr\/","name":"Mafusa","description":"Materiales de fundici\u00f3n d\u00factil","publisher":{"@id":"https:\/\/mafusa.net\/fr\/#organization"},"potentialAction":[{"@type":"SearchAction","target":{"@type":"EntryPoint","urlTemplate":"https:\/\/mafusa.net\/fr\/?s={search_term_string}"},"query-input":{"@type":"PropertyValueSpecification","valueRequired":true,"valueName":"search_term_string"}}],"inLanguage":"fr-FR"},{"@type":"Organization","@id":"https:\/\/mafusa.net\/fr\/#organization","name":"Materiales de Fundici\u00f3n S.A.","url":"https:\/\/mafusa.net\/fr\/","logo":{"@type":"ImageObject","inLanguage":"fr-FR","@id":"https:\/\/mafusa.net\/fr\/#\/schema\/logo\/image\/","url":"https:\/\/mafusa.net\/wp-content\/uploads\/2020\/10\/mafusa-logo-color.svg","contentUrl":"https:\/\/mafusa.net\/wp-content\/uploads\/2020\/10\/mafusa-logo-color.svg","width":"90","height":"90","caption":"Materiales de Fundici\u00f3n S.A."},"image":{"@id":"https:\/\/mafusa.net\/fr\/#\/schema\/logo\/image\/"}}]}},"_links":{"self":[{"href":"https:\/\/mafusa.net\/fr\/wp-json\/wp\/v2\/product\/89828","targetHints":{"allow":["GET"]}}],"collection":[{"href":"https:\/\/mafusa.net\/fr\/wp-json\/wp\/v2\/product"}],"about":[{"href":"https:\/\/mafusa.net\/fr\/wp-json\/wp\/v2\/types\/product"}],"wp:featuredmedia":[{"embeddable":true,"href":"https:\/\/mafusa.net\/fr\/wp-json\/wp\/v2\/media\/90737"}],"wp:attachment":[{"href":"https:\/\/mafusa.net\/fr\/wp-json\/wp\/v2\/media?parent=89828"}],"wp:term":[{"taxonomy":"product_brand","embeddable":true,"href":"https:\/\/mafusa.net\/fr\/wp-json\/wp\/v2\/product_brand?post=89828"},{"taxonomy":"product_cat","embeddable":true,"href":"https:\/\/mafusa.net\/fr\/wp-json\/wp\/v2\/product_cat?post=89828"},{"taxonomy":"product_tag","embeddable":true,"href":"https:\/\/mafusa.net\/fr\/wp-json\/wp\/v2\/product_tag?post=89828"}],"curies":[{"name":"wp","href":"https:\/\/api.w.org\/{rel}","templated":true}]}}