{"id":89769,"date":"2017-08-17T12:38:38","date_gmt":"2017-08-17T12:38:38","guid":{"rendered":"https:\/\/mafusa.net\/product\/ball-check-valve\/"},"modified":"2023-06-27T10:54:18","modified_gmt":"2023-06-27T10:54:18","slug":"vanne-de-retenue-a-boule","status":"publish","type":"product","link":"https:\/\/mafusa.net\/fr\/productos\/vannes\/vannes-de-retenue\/vanne-de-retenue-a-boule\/","title":{"rendered":"Vanne de retenue \u00e0 boule"},"content":{"rendered":"<p class=\"p1\"><strong>Caracteristiques techniques<\/strong><\/p>\n<ul>\n<li class=\"p2\">Section total.<\/li>\n<li class=\"p2\">Balle autonettoyant .<\/li>\n<li class=\"p2\">Basse pression de fermeture.<\/li>\n<li class=\"p2\">Silencieuse.<\/li>\n<li class=\"p2\">Chapeau d\u00e9montable pour le remplecement de la vanne sans d\u00e9monter la tuyauterie.<\/li>\n<li class=\"p2\">Permet l\u2019installation verticale et horizontale.<\/li>\n<\/ul>\n<p>&nbsp;<\/p>\n<p class=\"p1\"><strong>Donnees techniques<\/strong><\/p>\n<ul>\n<li class=\"p2\">Gamme.<\/li>\n<li class=\"p2\">Extr\u00eames en forme de pas de vis 1 1\/4\u201d a 3\u201d.<\/li>\n<li class=\"p2\">Extr\u00eames brides de DN 40 jusqu\u2019a DN 300.<\/li>\n<li class=\"p2\">Pas de vis type ISO 228-1.<\/li>\n<li class=\"p2\">Bride type EN 1092-2.<\/li>\n<li class=\"p2\">Pression maximale de service PN 16.<\/li>\n<li class=\"p2\">Temp\u00e9rature maximale 80\u00ba C.<\/li>\n<li class=\"p2\">Pression minimale de fermeture entre 0,3 et 0,5 bar.<\/li>\n<li class=\"p2\">Dimentions bride-bride selon EN 558-1 (SERIE 48).<\/li>\n<\/ul>\n<p>&nbsp;<\/p>\n<p class=\"p1\"><strong>Aplications<\/strong><\/p>\n<p>Stations de pompage pour l\u2019eau potable. Us\u00e9e ou fluides visqueux.<\/p>\n<p>&nbsp;<\/p>\n<p class=\"p1\"><strong>Test hydraulique<\/strong><\/p>\n<ul>\n<li class=\"p2\">Si\u00e8ge 1,1 presion nominale.<\/li>\n<li class=\"p2\">Corps 1,5 fois la pression nominale.<\/li>\n<\/ul>\n","protected":false},"excerpt":{"rendered":"<p>Caracteristiques techniques Section total. Balle autonettoyant . Basse pression de fermeture. Silencieuse. Chapeau d\u00e9montable pour le remplecement de la vanne [&hellip;]<\/p>\n","protected":false},"featured_media":89284,"template":"","meta":{"_acf_changed":false},"product_brand":[],"product_cat":[208,210],"product_tag":[],"class_list":{"0":"post-89769","1":"product","2":"type-product","3":"status-publish","4":"has-post-thumbnail","6":"product_cat-vannes","7":"product_cat-vannes-de-retenue","9":"first","10":"instock","11":"shipping-taxable","12":"product-type-simple"},"acf":[],"yoast_head":"<!-- This site is optimized with the Yoast SEO plugin v27.1.1 - https:\/\/yoast.com\/product\/yoast-seo-wordpress\/ -->\n<title>Vanne de retenue \u00e0 boule - Mafusa<\/title>\n<meta name=\"description\" content=\"Section total.Balle autonettoyant. Basse pression de fermeture. Silencieuse. Chapeau d\u00e9montable pour le remplecement de la vanne sans d\u00e9monter la tuyauterie.\" \/>\n<meta name=\"robots\" content=\"index, follow, max-snippet:-1, max-image-preview:large, max-video-preview:-1\" \/>\n<link rel=\"canonical\" href=\"https:\/\/mafusa.net\/fr\/productos\/vannes\/vannes-de-retenue\/vanne-de-retenue-a-boule\/\" \/>\n<meta property=\"og:locale\" content=\"fr_FR\" \/>\n<meta property=\"og:type\" content=\"article\" \/>\n<meta property=\"og:title\" content=\"Vanne de retenue \u00e0 boule - Mafusa\" \/>\n<meta property=\"og:description\" content=\"Section total.Balle autonettoyant. Basse pression de fermeture. Silencieuse. Chapeau d\u00e9montable pour le remplecement de la vanne sans d\u00e9monter la tuyauterie.\" \/>\n<meta property=\"og:url\" content=\"https:\/\/mafusa.net\/fr\/productos\/vannes\/vannes-de-retenue\/vanne-de-retenue-a-boule\/\" \/>\n<meta property=\"og:site_name\" content=\"Mafusa\" \/>\n<meta property=\"article:modified_time\" content=\"2023-06-27T10:54:18+00:00\" \/>\n<meta property=\"og:image\" content=\"https:\/\/mafusa.net\/wp-content\/uploads\/2017\/08\/Mafusa_Valvula-Retencion-a-Bola.jpg\" \/>\n\t<meta property=\"og:image:width\" content=\"700\" \/>\n\t<meta property=\"og:image:height\" content=\"700\" \/>\n\t<meta property=\"og:image:type\" content=\"image\/jpeg\" \/>\n<meta name=\"twitter:card\" content=\"summary_large_image\" \/>\n<meta name=\"twitter:label1\" content=\"Dur\u00e9e de lecture estim\u00e9e\" \/>\n\t<meta name=\"twitter:data1\" content=\"1 minute\" \/>\n<script type=\"application\/ld+json\" class=\"yoast-schema-graph\">{\"@context\":\"https:\/\/schema.org\",\"@graph\":[{\"@type\":\"WebPage\",\"@id\":\"https:\/\/mafusa.net\/fr\/productos\/vannes\/vannes-de-retenue\/vanne-de-retenue-a-boule\/\",\"url\":\"https:\/\/mafusa.net\/fr\/productos\/vannes\/vannes-de-retenue\/vanne-de-retenue-a-boule\/\",\"name\":\"Vanne de retenue \u00e0 boule - Mafusa\",\"isPartOf\":{\"@id\":\"https:\/\/mafusa.net\/fr\/#website\"},\"primaryImageOfPage\":{\"@id\":\"https:\/\/mafusa.net\/fr\/productos\/vannes\/vannes-de-retenue\/vanne-de-retenue-a-boule\/#primaryimage\"},\"image\":{\"@id\":\"https:\/\/mafusa.net\/fr\/productos\/vannes\/vannes-de-retenue\/vanne-de-retenue-a-boule\/#primaryimage\"},\"thumbnailUrl\":\"https:\/\/mafusa.net\/wp-content\/uploads\/2017\/08\/Mafusa_Valvula-Retencion-a-Bola.jpg\",\"datePublished\":\"2017-08-17T12:38:38+00:00\",\"dateModified\":\"2023-06-27T10:54:18+00:00\",\"description\":\"Section total.Balle autonettoyant. Basse pression de fermeture. Silencieuse. Chapeau d\u00e9montable pour le remplecement de la vanne sans d\u00e9monter la tuyauterie.\",\"breadcrumb\":{\"@id\":\"https:\/\/mafusa.net\/fr\/productos\/vannes\/vannes-de-retenue\/vanne-de-retenue-a-boule\/#breadcrumb\"},\"inLanguage\":\"fr-FR\",\"potentialAction\":[{\"@type\":\"ReadAction\",\"target\":[\"https:\/\/mafusa.net\/fr\/productos\/vannes\/vannes-de-retenue\/vanne-de-retenue-a-boule\/\"]}]},{\"@type\":\"ImageObject\",\"inLanguage\":\"fr-FR\",\"@id\":\"https:\/\/mafusa.net\/fr\/productos\/vannes\/vannes-de-retenue\/vanne-de-retenue-a-boule\/#primaryimage\",\"url\":\"https:\/\/mafusa.net\/wp-content\/uploads\/2017\/08\/Mafusa_Valvula-Retencion-a-Bola.jpg\",\"contentUrl\":\"https:\/\/mafusa.net\/wp-content\/uploads\/2017\/08\/Mafusa_Valvula-Retencion-a-Bola.jpg\",\"width\":700,\"height\":700},{\"@type\":\"BreadcrumbList\",\"@id\":\"https:\/\/mafusa.net\/fr\/productos\/vannes\/vannes-de-retenue\/vanne-de-retenue-a-boule\/#breadcrumb\",\"itemListElement\":[{\"@type\":\"ListItem\",\"position\":1,\"name\":\"D\u00e9but\",\"item\":\"https:\/\/mafusa.net\/fr\/\"},{\"@type\":\"ListItem\",\"position\":2,\"name\":\"Produits\",\"item\":\"https:\/\/mafusa.net\/fr\/produits-2\/\"},{\"@type\":\"ListItem\",\"position\":3,\"name\":\"Vannes\",\"item\":\"https:\/\/mafusa.net\/fr\/catalogue\/vannes\/\"},{\"@type\":\"ListItem\",\"position\":4,\"name\":\"Vanne de retenue \u00e0 boule\"}]},{\"@type\":\"WebSite\",\"@id\":\"https:\/\/mafusa.net\/fr\/#website\",\"url\":\"https:\/\/mafusa.net\/fr\/\",\"name\":\"Mafusa\",\"description\":\"Materiales de fundici\u00f3n d\u00factil\",\"publisher\":{\"@id\":\"https:\/\/mafusa.net\/fr\/#organization\"},\"potentialAction\":[{\"@type\":\"SearchAction\",\"target\":{\"@type\":\"EntryPoint\",\"urlTemplate\":\"https:\/\/mafusa.net\/fr\/?s={search_term_string}\"},\"query-input\":{\"@type\":\"PropertyValueSpecification\",\"valueRequired\":true,\"valueName\":\"search_term_string\"}}],\"inLanguage\":\"fr-FR\"},{\"@type\":\"Organization\",\"@id\":\"https:\/\/mafusa.net\/fr\/#organization\",\"name\":\"Materiales de Fundici\u00f3n S.A.\",\"url\":\"https:\/\/mafusa.net\/fr\/\",\"logo\":{\"@type\":\"ImageObject\",\"inLanguage\":\"fr-FR\",\"@id\":\"https:\/\/mafusa.net\/fr\/#\/schema\/logo\/image\/\",\"url\":\"https:\/\/mafusa.net\/wp-content\/uploads\/2020\/10\/mafusa-logo-color.svg\",\"contentUrl\":\"https:\/\/mafusa.net\/wp-content\/uploads\/2020\/10\/mafusa-logo-color.svg\",\"width\":\"90\",\"height\":\"90\",\"caption\":\"Materiales de Fundici\u00f3n S.A.\"},\"image\":{\"@id\":\"https:\/\/mafusa.net\/fr\/#\/schema\/logo\/image\/\"}}]}<\/script>\n<!-- \/ Yoast SEO plugin. -->","yoast_head_json":{"title":"Vanne de retenue \u00e0 boule - Mafusa","description":"Section total.Balle autonettoyant. Basse pression de fermeture. Silencieuse. Chapeau d\u00e9montable pour le remplecement de la vanne sans d\u00e9monter la tuyauterie.","robots":{"index":"index","follow":"follow","max-snippet":"max-snippet:-1","max-image-preview":"max-image-preview:large","max-video-preview":"max-video-preview:-1"},"canonical":"https:\/\/mafusa.net\/fr\/productos\/vannes\/vannes-de-retenue\/vanne-de-retenue-a-boule\/","og_locale":"fr_FR","og_type":"article","og_title":"Vanne de retenue \u00e0 boule - Mafusa","og_description":"Section total.Balle autonettoyant. Basse pression de fermeture. Silencieuse. Chapeau d\u00e9montable pour le remplecement de la vanne sans d\u00e9monter la tuyauterie.","og_url":"https:\/\/mafusa.net\/fr\/productos\/vannes\/vannes-de-retenue\/vanne-de-retenue-a-boule\/","og_site_name":"Mafusa","article_modified_time":"2023-06-27T10:54:18+00:00","og_image":[{"width":700,"height":700,"url":"https:\/\/mafusa.net\/wp-content\/uploads\/2017\/08\/Mafusa_Valvula-Retencion-a-Bola.jpg","type":"image\/jpeg"}],"twitter_card":"summary_large_image","twitter_misc":{"Dur\u00e9e de lecture estim\u00e9e":"1 minute"},"schema":{"@context":"https:\/\/schema.org","@graph":[{"@type":"WebPage","@id":"https:\/\/mafusa.net\/fr\/productos\/vannes\/vannes-de-retenue\/vanne-de-retenue-a-boule\/","url":"https:\/\/mafusa.net\/fr\/productos\/vannes\/vannes-de-retenue\/vanne-de-retenue-a-boule\/","name":"Vanne de retenue \u00e0 boule - Mafusa","isPartOf":{"@id":"https:\/\/mafusa.net\/fr\/#website"},"primaryImageOfPage":{"@id":"https:\/\/mafusa.net\/fr\/productos\/vannes\/vannes-de-retenue\/vanne-de-retenue-a-boule\/#primaryimage"},"image":{"@id":"https:\/\/mafusa.net\/fr\/productos\/vannes\/vannes-de-retenue\/vanne-de-retenue-a-boule\/#primaryimage"},"thumbnailUrl":"https:\/\/mafusa.net\/wp-content\/uploads\/2017\/08\/Mafusa_Valvula-Retencion-a-Bola.jpg","datePublished":"2017-08-17T12:38:38+00:00","dateModified":"2023-06-27T10:54:18+00:00","description":"Section total.Balle autonettoyant. Basse pression de fermeture. Silencieuse. Chapeau d\u00e9montable pour le remplecement de la vanne sans d\u00e9monter la tuyauterie.","breadcrumb":{"@id":"https:\/\/mafusa.net\/fr\/productos\/vannes\/vannes-de-retenue\/vanne-de-retenue-a-boule\/#breadcrumb"},"inLanguage":"fr-FR","potentialAction":[{"@type":"ReadAction","target":["https:\/\/mafusa.net\/fr\/productos\/vannes\/vannes-de-retenue\/vanne-de-retenue-a-boule\/"]}]},{"@type":"ImageObject","inLanguage":"fr-FR","@id":"https:\/\/mafusa.net\/fr\/productos\/vannes\/vannes-de-retenue\/vanne-de-retenue-a-boule\/#primaryimage","url":"https:\/\/mafusa.net\/wp-content\/uploads\/2017\/08\/Mafusa_Valvula-Retencion-a-Bola.jpg","contentUrl":"https:\/\/mafusa.net\/wp-content\/uploads\/2017\/08\/Mafusa_Valvula-Retencion-a-Bola.jpg","width":700,"height":700},{"@type":"BreadcrumbList","@id":"https:\/\/mafusa.net\/fr\/productos\/vannes\/vannes-de-retenue\/vanne-de-retenue-a-boule\/#breadcrumb","itemListElement":[{"@type":"ListItem","position":1,"name":"D\u00e9but","item":"https:\/\/mafusa.net\/fr\/"},{"@type":"ListItem","position":2,"name":"Produits","item":"https:\/\/mafusa.net\/fr\/produits-2\/"},{"@type":"ListItem","position":3,"name":"Vannes","item":"https:\/\/mafusa.net\/fr\/catalogue\/vannes\/"},{"@type":"ListItem","position":4,"name":"Vanne de retenue \u00e0 boule"}]},{"@type":"WebSite","@id":"https:\/\/mafusa.net\/fr\/#website","url":"https:\/\/mafusa.net\/fr\/","name":"Mafusa","description":"Materiales de fundici\u00f3n d\u00factil","publisher":{"@id":"https:\/\/mafusa.net\/fr\/#organization"},"potentialAction":[{"@type":"SearchAction","target":{"@type":"EntryPoint","urlTemplate":"https:\/\/mafusa.net\/fr\/?s={search_term_string}"},"query-input":{"@type":"PropertyValueSpecification","valueRequired":true,"valueName":"search_term_string"}}],"inLanguage":"fr-FR"},{"@type":"Organization","@id":"https:\/\/mafusa.net\/fr\/#organization","name":"Materiales de Fundici\u00f3n S.A.","url":"https:\/\/mafusa.net\/fr\/","logo":{"@type":"ImageObject","inLanguage":"fr-FR","@id":"https:\/\/mafusa.net\/fr\/#\/schema\/logo\/image\/","url":"https:\/\/mafusa.net\/wp-content\/uploads\/2020\/10\/mafusa-logo-color.svg","contentUrl":"https:\/\/mafusa.net\/wp-content\/uploads\/2020\/10\/mafusa-logo-color.svg","width":"90","height":"90","caption":"Materiales de Fundici\u00f3n S.A."},"image":{"@id":"https:\/\/mafusa.net\/fr\/#\/schema\/logo\/image\/"}}]}},"_links":{"self":[{"href":"https:\/\/mafusa.net\/fr\/wp-json\/wp\/v2\/product\/89769","targetHints":{"allow":["GET"]}}],"collection":[{"href":"https:\/\/mafusa.net\/fr\/wp-json\/wp\/v2\/product"}],"about":[{"href":"https:\/\/mafusa.net\/fr\/wp-json\/wp\/v2\/types\/product"}],"wp:featuredmedia":[{"embeddable":true,"href":"https:\/\/mafusa.net\/fr\/wp-json\/wp\/v2\/media\/89284"}],"wp:attachment":[{"href":"https:\/\/mafusa.net\/fr\/wp-json\/wp\/v2\/media?parent=89769"}],"wp:term":[{"taxonomy":"product_brand","embeddable":true,"href":"https:\/\/mafusa.net\/fr\/wp-json\/wp\/v2\/product_brand?post=89769"},{"taxonomy":"product_cat","embeddable":true,"href":"https:\/\/mafusa.net\/fr\/wp-json\/wp\/v2\/product_cat?post=89769"},{"taxonomy":"product_tag","embeddable":true,"href":"https:\/\/mafusa.net\/fr\/wp-json\/wp\/v2\/product_tag?post=89769"}],"curies":[{"name":"wp","href":"https:\/\/api.w.org\/{rel}","templated":true}]}}