{"id":89720,"date":"2021-04-30T08:38:28","date_gmt":"2021-04-30T08:38:28","guid":{"rendered":"https:\/\/mafusa.net\/product\/filtro-cazapiedras-extremos-roscados\/"},"modified":"2023-06-27T10:09:21","modified_gmt":"2023-06-27T10:09:21","slug":"filtre-a-tamis-filete","status":"publish","type":"product","link":"https:\/\/mafusa.net\/fr\/productos\/filtres-a-tamis\/filtre-a-tamis-filete\/","title":{"rendered":"Filtre \u00e0 tamis filet\u00e9"},"content":{"rendered":"<p><strong>Caract\u00e9ristiques<\/strong><\/p>\n<ul>\n<li>Corps en fonte<\/li>\n<li>Pression du travail PN10\/PN16<\/li>\n<li>Connexion filet\u00e9e<\/li>\n<li class=\"p1\">Tamis SS304 Maille 40 Metallique<\/li>\n<li class=\"p1\">Joint SS304 + Graphite<\/li>\n<\/ul>\n","protected":false},"excerpt":{"rendered":"<p>Caract\u00e9ristiques Corps en fonte Pression du travail PN10\/PN16 Connexion filet\u00e9e Tamis SS304 Maille 40 Metallique Joint SS304 + Graphite<\/p>\n","protected":false},"featured_media":89315,"template":"","meta":{"_acf_changed":false},"product_brand":[],"product_cat":[205],"product_tag":[],"class_list":{"0":"post-89720","1":"product","2":"type-product","3":"status-publish","4":"has-post-thumbnail","6":"product_cat-filtres-a-tamis","8":"first","9":"instock","10":"shipping-taxable","11":"product-type-simple"},"acf":[],"yoast_head":"<!-- This site is optimized with the Yoast SEO plugin v27.1.1 - https:\/\/yoast.com\/product\/yoast-seo-wordpress\/ -->\n<title>Filtre \u00e0 tamis filet\u00e9 - Mafusa<\/title>\n<meta name=\"description\" content=\"Corps en fonte. Pression du travail PN10\/PN16. Connexion filet\u00e9e. Tamis SS304 Maille 40 Metallique. Joint SS304 + Graphite.\" \/>\n<meta name=\"robots\" content=\"index, follow, max-snippet:-1, max-image-preview:large, max-video-preview:-1\" \/>\n<link rel=\"canonical\" href=\"https:\/\/mafusa.net\/fr\/productos\/filtres-a-tamis\/filtre-a-tamis-filete\/\" \/>\n<meta property=\"og:locale\" content=\"fr_FR\" \/>\n<meta property=\"og:type\" content=\"article\" \/>\n<meta property=\"og:title\" content=\"Filtre \u00e0 tamis filet\u00e9 - Mafusa\" \/>\n<meta property=\"og:description\" content=\"Corps en fonte. Pression du travail PN10\/PN16. Connexion filet\u00e9e. Tamis SS304 Maille 40 Metallique. Joint SS304 + Graphite.\" \/>\n<meta property=\"og:url\" content=\"https:\/\/mafusa.net\/fr\/productos\/filtres-a-tamis\/filtre-a-tamis-filete\/\" \/>\n<meta property=\"og:site_name\" content=\"Mafusa\" \/>\n<meta property=\"article:modified_time\" content=\"2023-06-27T10:09:21+00:00\" \/>\n<meta property=\"og:image\" content=\"https:\/\/mafusa.net\/wp-content\/uploads\/2021\/04\/Mafusa_Filtro-Cazapiedras-Extremos-Roscados.jpg\" \/>\n\t<meta property=\"og:image:width\" content=\"700\" \/>\n\t<meta property=\"og:image:height\" content=\"700\" \/>\n\t<meta property=\"og:image:type\" content=\"image\/jpeg\" \/>\n<meta name=\"twitter:card\" content=\"summary_large_image\" \/>\n<meta name=\"twitter:label1\" content=\"Dur\u00e9e de lecture estim\u00e9e\" \/>\n\t<meta name=\"twitter:data1\" content=\"1 minute\" \/>\n<script type=\"application\/ld+json\" class=\"yoast-schema-graph\">{\"@context\":\"https:\/\/schema.org\",\"@graph\":[{\"@type\":\"WebPage\",\"@id\":\"https:\/\/mafusa.net\/fr\/productos\/filtres-a-tamis\/filtre-a-tamis-filete\/\",\"url\":\"https:\/\/mafusa.net\/fr\/productos\/filtres-a-tamis\/filtre-a-tamis-filete\/\",\"name\":\"Filtre \u00e0 tamis filet\u00e9 - Mafusa\",\"isPartOf\":{\"@id\":\"https:\/\/mafusa.net\/fr\/#website\"},\"primaryImageOfPage\":{\"@id\":\"https:\/\/mafusa.net\/fr\/productos\/filtres-a-tamis\/filtre-a-tamis-filete\/#primaryimage\"},\"image\":{\"@id\":\"https:\/\/mafusa.net\/fr\/productos\/filtres-a-tamis\/filtre-a-tamis-filete\/#primaryimage\"},\"thumbnailUrl\":\"https:\/\/mafusa.net\/wp-content\/uploads\/2021\/04\/Mafusa_Filtro-Cazapiedras-Extremos-Roscados.jpg\",\"datePublished\":\"2021-04-30T08:38:28+00:00\",\"dateModified\":\"2023-06-27T10:09:21+00:00\",\"description\":\"Corps en fonte. Pression du travail PN10\/PN16. Connexion filet\u00e9e. Tamis SS304 Maille 40 Metallique. Joint SS304 + Graphite.\",\"breadcrumb\":{\"@id\":\"https:\/\/mafusa.net\/fr\/productos\/filtres-a-tamis\/filtre-a-tamis-filete\/#breadcrumb\"},\"inLanguage\":\"fr-FR\",\"potentialAction\":[{\"@type\":\"ReadAction\",\"target\":[\"https:\/\/mafusa.net\/fr\/productos\/filtres-a-tamis\/filtre-a-tamis-filete\/\"]}]},{\"@type\":\"ImageObject\",\"inLanguage\":\"fr-FR\",\"@id\":\"https:\/\/mafusa.net\/fr\/productos\/filtres-a-tamis\/filtre-a-tamis-filete\/#primaryimage\",\"url\":\"https:\/\/mafusa.net\/wp-content\/uploads\/2021\/04\/Mafusa_Filtro-Cazapiedras-Extremos-Roscados.jpg\",\"contentUrl\":\"https:\/\/mafusa.net\/wp-content\/uploads\/2021\/04\/Mafusa_Filtro-Cazapiedras-Extremos-Roscados.jpg\",\"width\":700,\"height\":700},{\"@type\":\"BreadcrumbList\",\"@id\":\"https:\/\/mafusa.net\/fr\/productos\/filtres-a-tamis\/filtre-a-tamis-filete\/#breadcrumb\",\"itemListElement\":[{\"@type\":\"ListItem\",\"position\":1,\"name\":\"D\u00e9but\",\"item\":\"https:\/\/mafusa.net\/fr\/\"},{\"@type\":\"ListItem\",\"position\":2,\"name\":\"Produits\",\"item\":\"https:\/\/mafusa.net\/fr\/produits-2\/\"},{\"@type\":\"ListItem\",\"position\":3,\"name\":\"Filtres \u00e0 tamis\",\"item\":\"https:\/\/mafusa.net\/fr\/catalogue\/filtres-a-tamis\/\"},{\"@type\":\"ListItem\",\"position\":4,\"name\":\"Filtre \u00e0 tamis filet\u00e9\"}]},{\"@type\":\"WebSite\",\"@id\":\"https:\/\/mafusa.net\/fr\/#website\",\"url\":\"https:\/\/mafusa.net\/fr\/\",\"name\":\"Mafusa\",\"description\":\"Materiales de fundici\u00f3n d\u00factil\",\"publisher\":{\"@id\":\"https:\/\/mafusa.net\/fr\/#organization\"},\"potentialAction\":[{\"@type\":\"SearchAction\",\"target\":{\"@type\":\"EntryPoint\",\"urlTemplate\":\"https:\/\/mafusa.net\/fr\/?s={search_term_string}\"},\"query-input\":{\"@type\":\"PropertyValueSpecification\",\"valueRequired\":true,\"valueName\":\"search_term_string\"}}],\"inLanguage\":\"fr-FR\"},{\"@type\":\"Organization\",\"@id\":\"https:\/\/mafusa.net\/fr\/#organization\",\"name\":\"Materiales de Fundici\u00f3n S.A.\",\"url\":\"https:\/\/mafusa.net\/fr\/\",\"logo\":{\"@type\":\"ImageObject\",\"inLanguage\":\"fr-FR\",\"@id\":\"https:\/\/mafusa.net\/fr\/#\/schema\/logo\/image\/\",\"url\":\"https:\/\/mafusa.net\/wp-content\/uploads\/2020\/10\/mafusa-logo-color.svg\",\"contentUrl\":\"https:\/\/mafusa.net\/wp-content\/uploads\/2020\/10\/mafusa-logo-color.svg\",\"width\":\"90\",\"height\":\"90\",\"caption\":\"Materiales de Fundici\u00f3n S.A.\"},\"image\":{\"@id\":\"https:\/\/mafusa.net\/fr\/#\/schema\/logo\/image\/\"}}]}<\/script>\n<!-- \/ Yoast SEO plugin. -->","yoast_head_json":{"title":"Filtre \u00e0 tamis filet\u00e9 - Mafusa","description":"Corps en fonte. Pression du travail PN10\/PN16. Connexion filet\u00e9e. Tamis SS304 Maille 40 Metallique. Joint SS304 + Graphite.","robots":{"index":"index","follow":"follow","max-snippet":"max-snippet:-1","max-image-preview":"max-image-preview:large","max-video-preview":"max-video-preview:-1"},"canonical":"https:\/\/mafusa.net\/fr\/productos\/filtres-a-tamis\/filtre-a-tamis-filete\/","og_locale":"fr_FR","og_type":"article","og_title":"Filtre \u00e0 tamis filet\u00e9 - Mafusa","og_description":"Corps en fonte. Pression du travail PN10\/PN16. Connexion filet\u00e9e. Tamis SS304 Maille 40 Metallique. Joint SS304 + Graphite.","og_url":"https:\/\/mafusa.net\/fr\/productos\/filtres-a-tamis\/filtre-a-tamis-filete\/","og_site_name":"Mafusa","article_modified_time":"2023-06-27T10:09:21+00:00","og_image":[{"width":700,"height":700,"url":"https:\/\/mafusa.net\/wp-content\/uploads\/2021\/04\/Mafusa_Filtro-Cazapiedras-Extremos-Roscados.jpg","type":"image\/jpeg"}],"twitter_card":"summary_large_image","twitter_misc":{"Dur\u00e9e de lecture estim\u00e9e":"1 minute"},"schema":{"@context":"https:\/\/schema.org","@graph":[{"@type":"WebPage","@id":"https:\/\/mafusa.net\/fr\/productos\/filtres-a-tamis\/filtre-a-tamis-filete\/","url":"https:\/\/mafusa.net\/fr\/productos\/filtres-a-tamis\/filtre-a-tamis-filete\/","name":"Filtre \u00e0 tamis filet\u00e9 - Mafusa","isPartOf":{"@id":"https:\/\/mafusa.net\/fr\/#website"},"primaryImageOfPage":{"@id":"https:\/\/mafusa.net\/fr\/productos\/filtres-a-tamis\/filtre-a-tamis-filete\/#primaryimage"},"image":{"@id":"https:\/\/mafusa.net\/fr\/productos\/filtres-a-tamis\/filtre-a-tamis-filete\/#primaryimage"},"thumbnailUrl":"https:\/\/mafusa.net\/wp-content\/uploads\/2021\/04\/Mafusa_Filtro-Cazapiedras-Extremos-Roscados.jpg","datePublished":"2021-04-30T08:38:28+00:00","dateModified":"2023-06-27T10:09:21+00:00","description":"Corps en fonte. Pression du travail PN10\/PN16. Connexion filet\u00e9e. Tamis SS304 Maille 40 Metallique. Joint SS304 + Graphite.","breadcrumb":{"@id":"https:\/\/mafusa.net\/fr\/productos\/filtres-a-tamis\/filtre-a-tamis-filete\/#breadcrumb"},"inLanguage":"fr-FR","potentialAction":[{"@type":"ReadAction","target":["https:\/\/mafusa.net\/fr\/productos\/filtres-a-tamis\/filtre-a-tamis-filete\/"]}]},{"@type":"ImageObject","inLanguage":"fr-FR","@id":"https:\/\/mafusa.net\/fr\/productos\/filtres-a-tamis\/filtre-a-tamis-filete\/#primaryimage","url":"https:\/\/mafusa.net\/wp-content\/uploads\/2021\/04\/Mafusa_Filtro-Cazapiedras-Extremos-Roscados.jpg","contentUrl":"https:\/\/mafusa.net\/wp-content\/uploads\/2021\/04\/Mafusa_Filtro-Cazapiedras-Extremos-Roscados.jpg","width":700,"height":700},{"@type":"BreadcrumbList","@id":"https:\/\/mafusa.net\/fr\/productos\/filtres-a-tamis\/filtre-a-tamis-filete\/#breadcrumb","itemListElement":[{"@type":"ListItem","position":1,"name":"D\u00e9but","item":"https:\/\/mafusa.net\/fr\/"},{"@type":"ListItem","position":2,"name":"Produits","item":"https:\/\/mafusa.net\/fr\/produits-2\/"},{"@type":"ListItem","position":3,"name":"Filtres \u00e0 tamis","item":"https:\/\/mafusa.net\/fr\/catalogue\/filtres-a-tamis\/"},{"@type":"ListItem","position":4,"name":"Filtre \u00e0 tamis filet\u00e9"}]},{"@type":"WebSite","@id":"https:\/\/mafusa.net\/fr\/#website","url":"https:\/\/mafusa.net\/fr\/","name":"Mafusa","description":"Materiales de fundici\u00f3n d\u00factil","publisher":{"@id":"https:\/\/mafusa.net\/fr\/#organization"},"potentialAction":[{"@type":"SearchAction","target":{"@type":"EntryPoint","urlTemplate":"https:\/\/mafusa.net\/fr\/?s={search_term_string}"},"query-input":{"@type":"PropertyValueSpecification","valueRequired":true,"valueName":"search_term_string"}}],"inLanguage":"fr-FR"},{"@type":"Organization","@id":"https:\/\/mafusa.net\/fr\/#organization","name":"Materiales de Fundici\u00f3n S.A.","url":"https:\/\/mafusa.net\/fr\/","logo":{"@type":"ImageObject","inLanguage":"fr-FR","@id":"https:\/\/mafusa.net\/fr\/#\/schema\/logo\/image\/","url":"https:\/\/mafusa.net\/wp-content\/uploads\/2020\/10\/mafusa-logo-color.svg","contentUrl":"https:\/\/mafusa.net\/wp-content\/uploads\/2020\/10\/mafusa-logo-color.svg","width":"90","height":"90","caption":"Materiales de Fundici\u00f3n S.A."},"image":{"@id":"https:\/\/mafusa.net\/fr\/#\/schema\/logo\/image\/"}}]}},"_links":{"self":[{"href":"https:\/\/mafusa.net\/fr\/wp-json\/wp\/v2\/product\/89720","targetHints":{"allow":["GET"]}}],"collection":[{"href":"https:\/\/mafusa.net\/fr\/wp-json\/wp\/v2\/product"}],"about":[{"href":"https:\/\/mafusa.net\/fr\/wp-json\/wp\/v2\/types\/product"}],"wp:featuredmedia":[{"embeddable":true,"href":"https:\/\/mafusa.net\/fr\/wp-json\/wp\/v2\/media\/89315"}],"wp:attachment":[{"href":"https:\/\/mafusa.net\/fr\/wp-json\/wp\/v2\/media?parent=89720"}],"wp:term":[{"taxonomy":"product_brand","embeddable":true,"href":"https:\/\/mafusa.net\/fr\/wp-json\/wp\/v2\/product_brand?post=89720"},{"taxonomy":"product_cat","embeddable":true,"href":"https:\/\/mafusa.net\/fr\/wp-json\/wp\/v2\/product_cat?post=89720"},{"taxonomy":"product_tag","embeddable":true,"href":"https:\/\/mafusa.net\/fr\/wp-json\/wp\/v2\/product_tag?post=89720"}],"curies":[{"name":"wp","href":"https:\/\/api.w.org\/{rel}","templated":true}]}}