{"id":89701,"date":"2021-04-29T11:30:27","date_gmt":"2021-04-29T11:30:27","guid":{"rendered":"https:\/\/mafusa.net\/product\/ventosa-trifuncional-agua-residual\/"},"modified":"2025-05-07T10:32:58","modified_gmt":"2025-05-07T10:32:58","slug":"ventouse-fonte-assainissement-3-fonctions","status":"publish","type":"product","link":"https:\/\/mafusa.net\/fr\/productos\/vannes\/vannes-d-aeration\/ventouse-fonte-assainissement-3-fonctions\/","title":{"rendered":"Ventouse fonte assainissement 3 fonctions"},"content":{"rendered":"<p class=\"p2\"><b>Caract\u00e9ristiques techniques<\/b><\/p>\n<ul>\n<li class=\"p3\">Conception avanc\u00e9e avec un m\u00e9canisme simple, flotteur r\u00e9sistant pour emp\u00eacher la rupture lors des coups de b\u00e9lier soudains et des fermetures rapides.<\/li>\n<li class=\"p3\">M\u00e9canisme a\u00e9rocin\u00e9tique pour \u00e9viter les fermetures dues \u00e0 des vitesses d\u2019air \u00e9lev\u00e9es, m\u00eame supersoniques.<\/li>\n<li class=\"p3\">Corps sp\u00e9cial \u00e9paissi pour r\u00e9duire la vitesse de l\u2019eau et permettre l\u2019\u00e9vacuation de l\u2019air en maintenant le niveau de l\u2019eau sale au-dessous.<\/li>\n<li class=\"p3\">Capable de maintenir l\u2019eau sale ou m\u00eame corrosive dans le corps de la ventouse pendant l\u2019op\u00e9ration afin d\u2019\u00e9viter des dommages aux op\u00e9rateurs ou \u00e0 l\u2019environnement.<\/li>\n<li class=\"p3\">Guide int\u00e9rieur et paroi sup\u00e9rieure qui maintient le flotteur dans son Rail et conserve les turbulences du liquide qui coule dans cette zone. Beaucoup plus de flux d\u2019air \u00e0 travers le trou, m\u00eame pour le liquide \u00e0 haute viscosit\u00e9<\/li>\n<li class=\"p3\">Maille ext\u00e9rieure pour \u00e9viter l\u2019entr\u00e9e accidentelle d\u2019insectes ou de restes v\u00e9g\u00e9taux pendant la vidange.<\/li>\n<li class=\"p3\">Rev\u00eatement \u00e9poxy int\u00e9rieur et ext\u00e9rieur pour une plus grande long\u00e9vit\u00e9.<\/li>\n<li class=\"p4\">Standard de fabrication EN1074-4 et AWWA C512 per\u00e7age de la bride selon EN1092 et EN558 ou ANSI.<\/li>\n<\/ul>\n<p>&nbsp;<\/p>\n<p class=\"p2\"><b>Donn\u00e9es techniques<\/b><\/p>\n<ul>\n<li class=\"p3\"><b>Gamme diam\u00e8tres: <\/b>De 50 \u00e0 200mm<\/li>\n<li class=\"p3\"><b>Pressions: <\/b>1,0 Mpa \u00e0 1,6 mp (Brides)<\/li>\n<li class=\"p3\"><b>Temp\u00e9rature de travail: <\/b>-10\u00baC \u00e0 80\u00baC<\/li>\n<li class=\"p3\"><b>Eau: <\/b>Assainissement<\/li>\n<li class=\"p4\"><b>Applications: <\/b>Syst\u00e8mes d\u2019assainissement<\/li>\n<\/ul>\n<p>&nbsp;<\/p>\n<p class=\"p2\"><b>Fonctions<\/b><\/p>\n<p>Cette ventouse cin\u00e9tique fournit 3 fonctions :<\/p>\n<p class=\"p3\">1. \u00c9limination de grandes quantit\u00e9s d\u2019air pendant le remplissage de la canalisation.<br \/>\n2. \u00c9limination de petites quantit\u00e9s d\u2019air sous pression de la conduite en service.<br \/>\n3. Introduction de grandes quantit\u00e9s d\u2019air lors de la vidange de la conduite.<\/p>\n","protected":false},"excerpt":{"rendered":"<p>Caract\u00e9ristiques techniques Conception avanc\u00e9e avec un m\u00e9canisme simple, flotteur r\u00e9sistant pour emp\u00eacher la rupture lors des coups de b\u00e9lier soudains [&hellip;]<\/p>\n","protected":false},"featured_media":91035,"template":"","meta":{"_acf_changed":false},"product_brand":[],"product_cat":[208,211],"product_tag":[],"class_list":{"0":"post-89701","1":"product","2":"type-product","3":"status-publish","4":"has-post-thumbnail","6":"product_cat-vannes","7":"product_cat-vannes-d-aeration","9":"first","10":"instock","11":"shipping-taxable","12":"product-type-simple"},"acf":[],"yoast_head":"<!-- This site is optimized with the Yoast SEO plugin v27.1.1 - https:\/\/yoast.com\/product\/yoast-seo-wordpress\/ -->\n<title>Ventouse fonte assainissement 3 fonctions - Mafusa<\/title>\n<meta name=\"description\" content=\"Conception avanc\u00e9e avec un m\u00e9canisme simple, flotteur r\u00e9sistant pour emp\u00eacher la rupture lors des coups de b\u00e9lier soudains et des fermetures rapides.\" \/>\n<meta name=\"robots\" content=\"index, follow, max-snippet:-1, max-image-preview:large, max-video-preview:-1\" \/>\n<link rel=\"canonical\" href=\"https:\/\/mafusa.net\/fr\/productos\/vannes\/vannes-d-aeration\/ventouse-fonte-assainissement-3-fonctions\/\" \/>\n<meta property=\"og:locale\" content=\"fr_FR\" \/>\n<meta property=\"og:type\" content=\"article\" \/>\n<meta property=\"og:title\" content=\"Ventouse fonte assainissement 3 fonctions - Mafusa\" \/>\n<meta property=\"og:description\" content=\"Conception avanc\u00e9e avec un m\u00e9canisme simple, flotteur r\u00e9sistant pour emp\u00eacher la rupture lors des coups de b\u00e9lier soudains et des fermetures rapides.\" \/>\n<meta property=\"og:url\" content=\"https:\/\/mafusa.net\/fr\/productos\/vannes\/vannes-d-aeration\/ventouse-fonte-assainissement-3-fonctions\/\" \/>\n<meta property=\"og:site_name\" content=\"Mafusa\" \/>\n<meta property=\"article:modified_time\" content=\"2025-05-07T10:32:58+00:00\" \/>\n<meta property=\"og:image\" content=\"https:\/\/mafusa.net\/wp-content\/uploads\/2021\/04\/mafusa-ventosatrifuncional-residuales700.jpg\" \/>\n\t<meta property=\"og:image:width\" content=\"700\" \/>\n\t<meta property=\"og:image:height\" content=\"700\" \/>\n\t<meta property=\"og:image:type\" content=\"image\/jpeg\" \/>\n<meta name=\"twitter:card\" content=\"summary_large_image\" \/>\n<meta name=\"twitter:label1\" content=\"Dur\u00e9e de lecture estim\u00e9e\" \/>\n\t<meta name=\"twitter:data1\" content=\"2 minutes\" \/>\n<script type=\"application\/ld+json\" class=\"yoast-schema-graph\">{\"@context\":\"https:\/\/schema.org\",\"@graph\":[{\"@type\":\"WebPage\",\"@id\":\"https:\/\/mafusa.net\/fr\/productos\/vannes\/vannes-d-aeration\/ventouse-fonte-assainissement-3-fonctions\/\",\"url\":\"https:\/\/mafusa.net\/fr\/productos\/vannes\/vannes-d-aeration\/ventouse-fonte-assainissement-3-fonctions\/\",\"name\":\"Ventouse fonte assainissement 3 fonctions - Mafusa\",\"isPartOf\":{\"@id\":\"https:\/\/mafusa.net\/fr\/#website\"},\"primaryImageOfPage\":{\"@id\":\"https:\/\/mafusa.net\/fr\/productos\/vannes\/vannes-d-aeration\/ventouse-fonte-assainissement-3-fonctions\/#primaryimage\"},\"image\":{\"@id\":\"https:\/\/mafusa.net\/fr\/productos\/vannes\/vannes-d-aeration\/ventouse-fonte-assainissement-3-fonctions\/#primaryimage\"},\"thumbnailUrl\":\"https:\/\/mafusa.net\/wp-content\/uploads\/2021\/04\/mafusa-ventosatrifuncional-residuales700.jpg\",\"datePublished\":\"2021-04-29T11:30:27+00:00\",\"dateModified\":\"2025-05-07T10:32:58+00:00\",\"description\":\"Conception avanc\u00e9e avec un m\u00e9canisme simple, flotteur r\u00e9sistant pour emp\u00eacher la rupture lors des coups de b\u00e9lier soudains et des fermetures rapides.\",\"breadcrumb\":{\"@id\":\"https:\/\/mafusa.net\/fr\/productos\/vannes\/vannes-d-aeration\/ventouse-fonte-assainissement-3-fonctions\/#breadcrumb\"},\"inLanguage\":\"fr-FR\",\"potentialAction\":[{\"@type\":\"ReadAction\",\"target\":[\"https:\/\/mafusa.net\/fr\/productos\/vannes\/vannes-d-aeration\/ventouse-fonte-assainissement-3-fonctions\/\"]}]},{\"@type\":\"ImageObject\",\"inLanguage\":\"fr-FR\",\"@id\":\"https:\/\/mafusa.net\/fr\/productos\/vannes\/vannes-d-aeration\/ventouse-fonte-assainissement-3-fonctions\/#primaryimage\",\"url\":\"https:\/\/mafusa.net\/wp-content\/uploads\/2021\/04\/mafusa-ventosatrifuncional-residuales700.jpg\",\"contentUrl\":\"https:\/\/mafusa.net\/wp-content\/uploads\/2021\/04\/mafusa-ventosatrifuncional-residuales700.jpg\",\"width\":700,\"height\":700},{\"@type\":\"BreadcrumbList\",\"@id\":\"https:\/\/mafusa.net\/fr\/productos\/vannes\/vannes-d-aeration\/ventouse-fonte-assainissement-3-fonctions\/#breadcrumb\",\"itemListElement\":[{\"@type\":\"ListItem\",\"position\":1,\"name\":\"D\u00e9but\",\"item\":\"https:\/\/mafusa.net\/fr\/\"},{\"@type\":\"ListItem\",\"position\":2,\"name\":\"Produits\",\"item\":\"https:\/\/mafusa.net\/fr\/produits-2\/\"},{\"@type\":\"ListItem\",\"position\":3,\"name\":\"Vannes\",\"item\":\"https:\/\/mafusa.net\/fr\/catalogue\/vannes\/\"},{\"@type\":\"ListItem\",\"position\":4,\"name\":\"Vannes d\u2019a\u00e9ration\",\"item\":\"https:\/\/mafusa.net\/fr\/catalogue\/vannes\/vannes-d-aeration\/\"},{\"@type\":\"ListItem\",\"position\":5,\"name\":\"Ventouse fonte assainissement 3 fonctions\"}]},{\"@type\":\"WebSite\",\"@id\":\"https:\/\/mafusa.net\/fr\/#website\",\"url\":\"https:\/\/mafusa.net\/fr\/\",\"name\":\"Mafusa\",\"description\":\"Materiales de fundici\u00f3n d\u00factil\",\"publisher\":{\"@id\":\"https:\/\/mafusa.net\/fr\/#organization\"},\"potentialAction\":[{\"@type\":\"SearchAction\",\"target\":{\"@type\":\"EntryPoint\",\"urlTemplate\":\"https:\/\/mafusa.net\/fr\/?s={search_term_string}\"},\"query-input\":{\"@type\":\"PropertyValueSpecification\",\"valueRequired\":true,\"valueName\":\"search_term_string\"}}],\"inLanguage\":\"fr-FR\"},{\"@type\":\"Organization\",\"@id\":\"https:\/\/mafusa.net\/fr\/#organization\",\"name\":\"Materiales de Fundici\u00f3n S.A.\",\"url\":\"https:\/\/mafusa.net\/fr\/\",\"logo\":{\"@type\":\"ImageObject\",\"inLanguage\":\"fr-FR\",\"@id\":\"https:\/\/mafusa.net\/fr\/#\/schema\/logo\/image\/\",\"url\":\"https:\/\/mafusa.net\/wp-content\/uploads\/2020\/10\/mafusa-logo-color.svg\",\"contentUrl\":\"https:\/\/mafusa.net\/wp-content\/uploads\/2020\/10\/mafusa-logo-color.svg\",\"width\":\"90\",\"height\":\"90\",\"caption\":\"Materiales de Fundici\u00f3n S.A.\"},\"image\":{\"@id\":\"https:\/\/mafusa.net\/fr\/#\/schema\/logo\/image\/\"}}]}<\/script>\n<!-- \/ Yoast SEO plugin. -->","yoast_head_json":{"title":"Ventouse fonte assainissement 3 fonctions - Mafusa","description":"Conception avanc\u00e9e avec un m\u00e9canisme simple, flotteur r\u00e9sistant pour emp\u00eacher la rupture lors des coups de b\u00e9lier soudains et des fermetures rapides.","robots":{"index":"index","follow":"follow","max-snippet":"max-snippet:-1","max-image-preview":"max-image-preview:large","max-video-preview":"max-video-preview:-1"},"canonical":"https:\/\/mafusa.net\/fr\/productos\/vannes\/vannes-d-aeration\/ventouse-fonte-assainissement-3-fonctions\/","og_locale":"fr_FR","og_type":"article","og_title":"Ventouse fonte assainissement 3 fonctions - Mafusa","og_description":"Conception avanc\u00e9e avec un m\u00e9canisme simple, flotteur r\u00e9sistant pour emp\u00eacher la rupture lors des coups de b\u00e9lier soudains et des fermetures rapides.","og_url":"https:\/\/mafusa.net\/fr\/productos\/vannes\/vannes-d-aeration\/ventouse-fonte-assainissement-3-fonctions\/","og_site_name":"Mafusa","article_modified_time":"2025-05-07T10:32:58+00:00","og_image":[{"width":700,"height":700,"url":"https:\/\/mafusa.net\/wp-content\/uploads\/2021\/04\/mafusa-ventosatrifuncional-residuales700.jpg","type":"image\/jpeg"}],"twitter_card":"summary_large_image","twitter_misc":{"Dur\u00e9e de lecture estim\u00e9e":"2 minutes"},"schema":{"@context":"https:\/\/schema.org","@graph":[{"@type":"WebPage","@id":"https:\/\/mafusa.net\/fr\/productos\/vannes\/vannes-d-aeration\/ventouse-fonte-assainissement-3-fonctions\/","url":"https:\/\/mafusa.net\/fr\/productos\/vannes\/vannes-d-aeration\/ventouse-fonte-assainissement-3-fonctions\/","name":"Ventouse fonte assainissement 3 fonctions - Mafusa","isPartOf":{"@id":"https:\/\/mafusa.net\/fr\/#website"},"primaryImageOfPage":{"@id":"https:\/\/mafusa.net\/fr\/productos\/vannes\/vannes-d-aeration\/ventouse-fonte-assainissement-3-fonctions\/#primaryimage"},"image":{"@id":"https:\/\/mafusa.net\/fr\/productos\/vannes\/vannes-d-aeration\/ventouse-fonte-assainissement-3-fonctions\/#primaryimage"},"thumbnailUrl":"https:\/\/mafusa.net\/wp-content\/uploads\/2021\/04\/mafusa-ventosatrifuncional-residuales700.jpg","datePublished":"2021-04-29T11:30:27+00:00","dateModified":"2025-05-07T10:32:58+00:00","description":"Conception avanc\u00e9e avec un m\u00e9canisme simple, flotteur r\u00e9sistant pour emp\u00eacher la rupture lors des coups de b\u00e9lier soudains et des fermetures rapides.","breadcrumb":{"@id":"https:\/\/mafusa.net\/fr\/productos\/vannes\/vannes-d-aeration\/ventouse-fonte-assainissement-3-fonctions\/#breadcrumb"},"inLanguage":"fr-FR","potentialAction":[{"@type":"ReadAction","target":["https:\/\/mafusa.net\/fr\/productos\/vannes\/vannes-d-aeration\/ventouse-fonte-assainissement-3-fonctions\/"]}]},{"@type":"ImageObject","inLanguage":"fr-FR","@id":"https:\/\/mafusa.net\/fr\/productos\/vannes\/vannes-d-aeration\/ventouse-fonte-assainissement-3-fonctions\/#primaryimage","url":"https:\/\/mafusa.net\/wp-content\/uploads\/2021\/04\/mafusa-ventosatrifuncional-residuales700.jpg","contentUrl":"https:\/\/mafusa.net\/wp-content\/uploads\/2021\/04\/mafusa-ventosatrifuncional-residuales700.jpg","width":700,"height":700},{"@type":"BreadcrumbList","@id":"https:\/\/mafusa.net\/fr\/productos\/vannes\/vannes-d-aeration\/ventouse-fonte-assainissement-3-fonctions\/#breadcrumb","itemListElement":[{"@type":"ListItem","position":1,"name":"D\u00e9but","item":"https:\/\/mafusa.net\/fr\/"},{"@type":"ListItem","position":2,"name":"Produits","item":"https:\/\/mafusa.net\/fr\/produits-2\/"},{"@type":"ListItem","position":3,"name":"Vannes","item":"https:\/\/mafusa.net\/fr\/catalogue\/vannes\/"},{"@type":"ListItem","position":4,"name":"Vannes d\u2019a\u00e9ration","item":"https:\/\/mafusa.net\/fr\/catalogue\/vannes\/vannes-d-aeration\/"},{"@type":"ListItem","position":5,"name":"Ventouse fonte assainissement 3 fonctions"}]},{"@type":"WebSite","@id":"https:\/\/mafusa.net\/fr\/#website","url":"https:\/\/mafusa.net\/fr\/","name":"Mafusa","description":"Materiales de fundici\u00f3n d\u00factil","publisher":{"@id":"https:\/\/mafusa.net\/fr\/#organization"},"potentialAction":[{"@type":"SearchAction","target":{"@type":"EntryPoint","urlTemplate":"https:\/\/mafusa.net\/fr\/?s={search_term_string}"},"query-input":{"@type":"PropertyValueSpecification","valueRequired":true,"valueName":"search_term_string"}}],"inLanguage":"fr-FR"},{"@type":"Organization","@id":"https:\/\/mafusa.net\/fr\/#organization","name":"Materiales de Fundici\u00f3n S.A.","url":"https:\/\/mafusa.net\/fr\/","logo":{"@type":"ImageObject","inLanguage":"fr-FR","@id":"https:\/\/mafusa.net\/fr\/#\/schema\/logo\/image\/","url":"https:\/\/mafusa.net\/wp-content\/uploads\/2020\/10\/mafusa-logo-color.svg","contentUrl":"https:\/\/mafusa.net\/wp-content\/uploads\/2020\/10\/mafusa-logo-color.svg","width":"90","height":"90","caption":"Materiales de Fundici\u00f3n S.A."},"image":{"@id":"https:\/\/mafusa.net\/fr\/#\/schema\/logo\/image\/"}}]}},"_links":{"self":[{"href":"https:\/\/mafusa.net\/fr\/wp-json\/wp\/v2\/product\/89701","targetHints":{"allow":["GET"]}}],"collection":[{"href":"https:\/\/mafusa.net\/fr\/wp-json\/wp\/v2\/product"}],"about":[{"href":"https:\/\/mafusa.net\/fr\/wp-json\/wp\/v2\/types\/product"}],"wp:featuredmedia":[{"embeddable":true,"href":"https:\/\/mafusa.net\/fr\/wp-json\/wp\/v2\/media\/91035"}],"wp:attachment":[{"href":"https:\/\/mafusa.net\/fr\/wp-json\/wp\/v2\/media?parent=89701"}],"wp:term":[{"taxonomy":"product_brand","embeddable":true,"href":"https:\/\/mafusa.net\/fr\/wp-json\/wp\/v2\/product_brand?post=89701"},{"taxonomy":"product_cat","embeddable":true,"href":"https:\/\/mafusa.net\/fr\/wp-json\/wp\/v2\/product_cat?post=89701"},{"taxonomy":"product_tag","embeddable":true,"href":"https:\/\/mafusa.net\/fr\/wp-json\/wp\/v2\/product_tag?post=89701"}],"curies":[{"name":"wp","href":"https:\/\/api.w.org\/{rel}","templated":true}]}}