{"id":89649,"date":"2021-04-30T10:10:52","date_gmt":"2021-04-30T10:10:52","guid":{"rendered":"https:\/\/mafusa.net\/product\/abrazadera-reparacion-acero-inoxidable\/"},"modified":"2023-06-28T08:39:08","modified_gmt":"2023-06-28T08:39:08","slug":"collier-reparation-acier-inoxydable","status":"publish","type":"product","link":"https:\/\/mafusa.net\/fr\/productos\/accessoire\/abrazadera-reparacion-fr\/collier-reparation-acier-inoxydable\/","title":{"rendered":"Collier reparation acier inoxydable"},"content":{"rendered":"<p class=\"p1\"><strong>Aplications<\/strong><\/p>\n<p class=\"p1\">Le collier de r\u00e9paration MAFUSA donne une solution pour r\u00e9parer la plus pu\u00e2t des tuyaux endommag\u00e9s avec tous, fissures ou cass\u00e9s. Se compose d\u2019une ou plusieres bandes en acier inoxydable AISI 304 avec les fermetures AUSSI en acier inox. Chaque collier couvre une large gamme de diam\u00e8tres des tuyauteries en tonte grise, fonte ductile, acier, amiante-ciment, plastique&#8230;<\/p>\n<p>&nbsp;<\/p>\n<p class=\"p1\"><strong>Propietes<\/strong><\/p>\n<ul>\n<li class=\"p1\"><em>R\u00e9sistant \u00e0 la corrosion.<\/em><br \/>\nEl\u00e9ments en acier inoxydable qui n\u2019ont pas besoin de protection suppl\u00e9mentaire. Boullons et \u00e9crous Dacromet.<\/li>\n<li class=\"p1\"><em>Etanqueit\u00e9 fiable.<\/em><br \/>\nJoint en caoutchout qui couvre toute la circonf\u00e9rence et garantie l\u2019absence de fuite.<\/li>\n<li class=\"p1\"><em>Facilit\u00e9 d\u2019installation.<\/em><br \/>\nPeut \u00eatre facilement mise en place dans les lieux plus compliqu\u00e9s avec un simple chevauchement des fermetures et le serrage des boulons. Nul n\u2019est besoin d\u2019outillage sp\u00e9cial. On peut \u00eatre plac\u00e9 sur une large gamme de diam\u00e8tres.<\/li>\n<\/ul>\n<p class=\"p1\"><strong>\u00a0<\/strong><strong>\u00a0<\/strong><\/p>\n<p class=\"p1\"><strong>Caracteristiques<\/strong><\/p>\n<ul>\n<li class=\"p1\">Facilit\u00e9 d\u2019installation.<\/li>\n<li class=\"p1\">Totalement fabriqu\u00e9 en acier inoxydable.<\/li>\n<li class=\"p1\">Il y a une larque gamme de tolerance quant \u00e0 le diame- tre exterieur du tuyau.<\/li>\n<li class=\"p1\">Possibilit\u00e9 de s\u2019adapter aux et\/ou avalisation.<\/li>\n<li class=\"p1\">Resistante \u00e1 la corrosion.<\/li>\n<li class=\"p1\">Le surfaces et les bords out une finition impecable afin d\u2019eviter se faire mal au cours de l\u2019installation.<\/li>\n<li class=\"p1\">Temps minimal d\u2019interruption de l\u2019installation pendant la mis en place.<strong style=\"font-family: -apple-system, BlinkMacSystemFont, 'Segoe UI', Roboto, Oxygen-Sans, Ubuntu, Cantarell, 'Helvetica Neue', sans-serif;\">\u00a0<\/strong><\/li>\n<\/ul>\n","protected":false},"excerpt":{"rendered":"<p>Aplications Le collier de r\u00e9paration MAFUSA donne une solution pour r\u00e9parer la plus pu\u00e2t des tuyaux endommag\u00e9s avec tous, fissures [&hellip;]<\/p>\n","protected":false},"featured_media":89409,"template":"","meta":{"_acf_changed":false},"product_brand":[],"product_cat":[213,222],"product_tag":[],"class_list":{"0":"post-89649","1":"product","2":"type-product","3":"status-publish","4":"has-post-thumbnail","6":"product_cat-accessoire","7":"product_cat-abrazadera-reparacion-fr","9":"first","10":"instock","11":"shipping-taxable","12":"product-type-simple"},"acf":[],"yoast_head":"<!-- This site is optimized with the Yoast SEO plugin v27.1.1 - https:\/\/yoast.com\/product\/yoast-seo-wordpress\/ -->\n<title>Collier reparation acier inoxydable - Mafusa<\/title>\n<meta name=\"description\" content=\"Le collier de r\u00e9paration MAFUSA donne une solution pour r\u00e9parer la plus pu\u00e2t des tuyaux endommag\u00e9s avec tous, fissures ou cass\u00e9s.\" \/>\n<meta name=\"robots\" content=\"index, follow, max-snippet:-1, max-image-preview:large, max-video-preview:-1\" \/>\n<link rel=\"canonical\" href=\"https:\/\/mafusa.net\/fr\/productos\/accessoire\/abrazadera-reparacion-fr\/collier-reparation-acier-inoxydable\/\" \/>\n<meta property=\"og:locale\" content=\"fr_FR\" \/>\n<meta property=\"og:type\" content=\"article\" \/>\n<meta property=\"og:title\" content=\"Collier reparation acier inoxydable - Mafusa\" \/>\n<meta property=\"og:description\" content=\"Le collier de r\u00e9paration MAFUSA donne une solution pour r\u00e9parer la plus pu\u00e2t des tuyaux endommag\u00e9s avec tous, fissures ou cass\u00e9s.\" \/>\n<meta property=\"og:url\" content=\"https:\/\/mafusa.net\/fr\/productos\/accessoire\/abrazadera-reparacion-fr\/collier-reparation-acier-inoxydable\/\" \/>\n<meta property=\"og:site_name\" content=\"Mafusa\" \/>\n<meta property=\"article:modified_time\" content=\"2023-06-28T08:39:08+00:00\" \/>\n<meta property=\"og:image\" content=\"https:\/\/mafusa.net\/wp-content\/uploads\/2021\/04\/Mafusa_Abrazadera-Reparacion-Acero-Inox-1-Cierre.jpg\" \/>\n\t<meta property=\"og:image:width\" content=\"700\" \/>\n\t<meta property=\"og:image:height\" content=\"700\" \/>\n\t<meta property=\"og:image:type\" content=\"image\/jpeg\" \/>\n<meta name=\"twitter:card\" content=\"summary_large_image\" \/>\n<meta name=\"twitter:label1\" content=\"Dur\u00e9e de lecture estim\u00e9e\" \/>\n\t<meta name=\"twitter:data1\" content=\"1 minute\" \/>\n<script type=\"application\/ld+json\" class=\"yoast-schema-graph\">{\"@context\":\"https:\/\/schema.org\",\"@graph\":[{\"@type\":\"WebPage\",\"@id\":\"https:\/\/mafusa.net\/fr\/productos\/accessoire\/abrazadera-reparacion-fr\/collier-reparation-acier-inoxydable\/\",\"url\":\"https:\/\/mafusa.net\/fr\/productos\/accessoire\/abrazadera-reparacion-fr\/collier-reparation-acier-inoxydable\/\",\"name\":\"Collier reparation acier inoxydable - Mafusa\",\"isPartOf\":{\"@id\":\"https:\/\/mafusa.net\/fr\/#website\"},\"primaryImageOfPage\":{\"@id\":\"https:\/\/mafusa.net\/fr\/productos\/accessoire\/abrazadera-reparacion-fr\/collier-reparation-acier-inoxydable\/#primaryimage\"},\"image\":{\"@id\":\"https:\/\/mafusa.net\/fr\/productos\/accessoire\/abrazadera-reparacion-fr\/collier-reparation-acier-inoxydable\/#primaryimage\"},\"thumbnailUrl\":\"https:\/\/mafusa.net\/wp-content\/uploads\/2021\/04\/Mafusa_Abrazadera-Reparacion-Acero-Inox-1-Cierre.jpg\",\"datePublished\":\"2021-04-30T10:10:52+00:00\",\"dateModified\":\"2023-06-28T08:39:08+00:00\",\"description\":\"Le collier de r\u00e9paration MAFUSA donne une solution pour r\u00e9parer la plus pu\u00e2t des tuyaux endommag\u00e9s avec tous, fissures ou cass\u00e9s.\",\"breadcrumb\":{\"@id\":\"https:\/\/mafusa.net\/fr\/productos\/accessoire\/abrazadera-reparacion-fr\/collier-reparation-acier-inoxydable\/#breadcrumb\"},\"inLanguage\":\"fr-FR\",\"potentialAction\":[{\"@type\":\"ReadAction\",\"target\":[\"https:\/\/mafusa.net\/fr\/productos\/accessoire\/abrazadera-reparacion-fr\/collier-reparation-acier-inoxydable\/\"]}]},{\"@type\":\"ImageObject\",\"inLanguage\":\"fr-FR\",\"@id\":\"https:\/\/mafusa.net\/fr\/productos\/accessoire\/abrazadera-reparacion-fr\/collier-reparation-acier-inoxydable\/#primaryimage\",\"url\":\"https:\/\/mafusa.net\/wp-content\/uploads\/2021\/04\/Mafusa_Abrazadera-Reparacion-Acero-Inox-1-Cierre.jpg\",\"contentUrl\":\"https:\/\/mafusa.net\/wp-content\/uploads\/2021\/04\/Mafusa_Abrazadera-Reparacion-Acero-Inox-1-Cierre.jpg\",\"width\":700,\"height\":700},{\"@type\":\"BreadcrumbList\",\"@id\":\"https:\/\/mafusa.net\/fr\/productos\/accessoire\/abrazadera-reparacion-fr\/collier-reparation-acier-inoxydable\/#breadcrumb\",\"itemListElement\":[{\"@type\":\"ListItem\",\"position\":1,\"name\":\"D\u00e9but\",\"item\":\"https:\/\/mafusa.net\/fr\/\"},{\"@type\":\"ListItem\",\"position\":2,\"name\":\"Produits\",\"item\":\"https:\/\/mafusa.net\/fr\/produits-2\/\"},{\"@type\":\"ListItem\",\"position\":3,\"name\":\"Accessoire\",\"item\":\"https:\/\/mafusa.net\/fr\/catalogue\/accessoire\/\"},{\"@type\":\"ListItem\",\"position\":4,\"name\":\"Abrazadera Reparaci\u00f3n\",\"item\":\"https:\/\/mafusa.net\/fr\/catalogue\/accessoire\/abrazadera-reparacion-fr\/\"},{\"@type\":\"ListItem\",\"position\":5,\"name\":\"Collier reparation acier inoxydable\"}]},{\"@type\":\"WebSite\",\"@id\":\"https:\/\/mafusa.net\/fr\/#website\",\"url\":\"https:\/\/mafusa.net\/fr\/\",\"name\":\"Mafusa\",\"description\":\"Materiales de fundici\u00f3n d\u00factil\",\"publisher\":{\"@id\":\"https:\/\/mafusa.net\/fr\/#organization\"},\"potentialAction\":[{\"@type\":\"SearchAction\",\"target\":{\"@type\":\"EntryPoint\",\"urlTemplate\":\"https:\/\/mafusa.net\/fr\/?s={search_term_string}\"},\"query-input\":{\"@type\":\"PropertyValueSpecification\",\"valueRequired\":true,\"valueName\":\"search_term_string\"}}],\"inLanguage\":\"fr-FR\"},{\"@type\":\"Organization\",\"@id\":\"https:\/\/mafusa.net\/fr\/#organization\",\"name\":\"Materiales de Fundici\u00f3n S.A.\",\"url\":\"https:\/\/mafusa.net\/fr\/\",\"logo\":{\"@type\":\"ImageObject\",\"inLanguage\":\"fr-FR\",\"@id\":\"https:\/\/mafusa.net\/fr\/#\/schema\/logo\/image\/\",\"url\":\"https:\/\/mafusa.net\/wp-content\/uploads\/2020\/10\/mafusa-logo-color.svg\",\"contentUrl\":\"https:\/\/mafusa.net\/wp-content\/uploads\/2020\/10\/mafusa-logo-color.svg\",\"width\":\"90\",\"height\":\"90\",\"caption\":\"Materiales de Fundici\u00f3n S.A.\"},\"image\":{\"@id\":\"https:\/\/mafusa.net\/fr\/#\/schema\/logo\/image\/\"}}]}<\/script>\n<!-- \/ Yoast SEO plugin. -->","yoast_head_json":{"title":"Collier reparation acier inoxydable - Mafusa","description":"Le collier de r\u00e9paration MAFUSA donne une solution pour r\u00e9parer la plus pu\u00e2t des tuyaux endommag\u00e9s avec tous, fissures ou cass\u00e9s.","robots":{"index":"index","follow":"follow","max-snippet":"max-snippet:-1","max-image-preview":"max-image-preview:large","max-video-preview":"max-video-preview:-1"},"canonical":"https:\/\/mafusa.net\/fr\/productos\/accessoire\/abrazadera-reparacion-fr\/collier-reparation-acier-inoxydable\/","og_locale":"fr_FR","og_type":"article","og_title":"Collier reparation acier inoxydable - Mafusa","og_description":"Le collier de r\u00e9paration MAFUSA donne une solution pour r\u00e9parer la plus pu\u00e2t des tuyaux endommag\u00e9s avec tous, fissures ou cass\u00e9s.","og_url":"https:\/\/mafusa.net\/fr\/productos\/accessoire\/abrazadera-reparacion-fr\/collier-reparation-acier-inoxydable\/","og_site_name":"Mafusa","article_modified_time":"2023-06-28T08:39:08+00:00","og_image":[{"width":700,"height":700,"url":"https:\/\/mafusa.net\/wp-content\/uploads\/2021\/04\/Mafusa_Abrazadera-Reparacion-Acero-Inox-1-Cierre.jpg","type":"image\/jpeg"}],"twitter_card":"summary_large_image","twitter_misc":{"Dur\u00e9e de lecture estim\u00e9e":"1 minute"},"schema":{"@context":"https:\/\/schema.org","@graph":[{"@type":"WebPage","@id":"https:\/\/mafusa.net\/fr\/productos\/accessoire\/abrazadera-reparacion-fr\/collier-reparation-acier-inoxydable\/","url":"https:\/\/mafusa.net\/fr\/productos\/accessoire\/abrazadera-reparacion-fr\/collier-reparation-acier-inoxydable\/","name":"Collier reparation acier inoxydable - Mafusa","isPartOf":{"@id":"https:\/\/mafusa.net\/fr\/#website"},"primaryImageOfPage":{"@id":"https:\/\/mafusa.net\/fr\/productos\/accessoire\/abrazadera-reparacion-fr\/collier-reparation-acier-inoxydable\/#primaryimage"},"image":{"@id":"https:\/\/mafusa.net\/fr\/productos\/accessoire\/abrazadera-reparacion-fr\/collier-reparation-acier-inoxydable\/#primaryimage"},"thumbnailUrl":"https:\/\/mafusa.net\/wp-content\/uploads\/2021\/04\/Mafusa_Abrazadera-Reparacion-Acero-Inox-1-Cierre.jpg","datePublished":"2021-04-30T10:10:52+00:00","dateModified":"2023-06-28T08:39:08+00:00","description":"Le collier de r\u00e9paration MAFUSA donne une solution pour r\u00e9parer la plus pu\u00e2t des tuyaux endommag\u00e9s avec tous, fissures ou cass\u00e9s.","breadcrumb":{"@id":"https:\/\/mafusa.net\/fr\/productos\/accessoire\/abrazadera-reparacion-fr\/collier-reparation-acier-inoxydable\/#breadcrumb"},"inLanguage":"fr-FR","potentialAction":[{"@type":"ReadAction","target":["https:\/\/mafusa.net\/fr\/productos\/accessoire\/abrazadera-reparacion-fr\/collier-reparation-acier-inoxydable\/"]}]},{"@type":"ImageObject","inLanguage":"fr-FR","@id":"https:\/\/mafusa.net\/fr\/productos\/accessoire\/abrazadera-reparacion-fr\/collier-reparation-acier-inoxydable\/#primaryimage","url":"https:\/\/mafusa.net\/wp-content\/uploads\/2021\/04\/Mafusa_Abrazadera-Reparacion-Acero-Inox-1-Cierre.jpg","contentUrl":"https:\/\/mafusa.net\/wp-content\/uploads\/2021\/04\/Mafusa_Abrazadera-Reparacion-Acero-Inox-1-Cierre.jpg","width":700,"height":700},{"@type":"BreadcrumbList","@id":"https:\/\/mafusa.net\/fr\/productos\/accessoire\/abrazadera-reparacion-fr\/collier-reparation-acier-inoxydable\/#breadcrumb","itemListElement":[{"@type":"ListItem","position":1,"name":"D\u00e9but","item":"https:\/\/mafusa.net\/fr\/"},{"@type":"ListItem","position":2,"name":"Produits","item":"https:\/\/mafusa.net\/fr\/produits-2\/"},{"@type":"ListItem","position":3,"name":"Accessoire","item":"https:\/\/mafusa.net\/fr\/catalogue\/accessoire\/"},{"@type":"ListItem","position":4,"name":"Abrazadera Reparaci\u00f3n","item":"https:\/\/mafusa.net\/fr\/catalogue\/accessoire\/abrazadera-reparacion-fr\/"},{"@type":"ListItem","position":5,"name":"Collier reparation acier inoxydable"}]},{"@type":"WebSite","@id":"https:\/\/mafusa.net\/fr\/#website","url":"https:\/\/mafusa.net\/fr\/","name":"Mafusa","description":"Materiales de fundici\u00f3n d\u00factil","publisher":{"@id":"https:\/\/mafusa.net\/fr\/#organization"},"potentialAction":[{"@type":"SearchAction","target":{"@type":"EntryPoint","urlTemplate":"https:\/\/mafusa.net\/fr\/?s={search_term_string}"},"query-input":{"@type":"PropertyValueSpecification","valueRequired":true,"valueName":"search_term_string"}}],"inLanguage":"fr-FR"},{"@type":"Organization","@id":"https:\/\/mafusa.net\/fr\/#organization","name":"Materiales de Fundici\u00f3n S.A.","url":"https:\/\/mafusa.net\/fr\/","logo":{"@type":"ImageObject","inLanguage":"fr-FR","@id":"https:\/\/mafusa.net\/fr\/#\/schema\/logo\/image\/","url":"https:\/\/mafusa.net\/wp-content\/uploads\/2020\/10\/mafusa-logo-color.svg","contentUrl":"https:\/\/mafusa.net\/wp-content\/uploads\/2020\/10\/mafusa-logo-color.svg","width":"90","height":"90","caption":"Materiales de Fundici\u00f3n S.A."},"image":{"@id":"https:\/\/mafusa.net\/fr\/#\/schema\/logo\/image\/"}}]}},"_links":{"self":[{"href":"https:\/\/mafusa.net\/fr\/wp-json\/wp\/v2\/product\/89649","targetHints":{"allow":["GET"]}}],"collection":[{"href":"https:\/\/mafusa.net\/fr\/wp-json\/wp\/v2\/product"}],"about":[{"href":"https:\/\/mafusa.net\/fr\/wp-json\/wp\/v2\/types\/product"}],"wp:featuredmedia":[{"embeddable":true,"href":"https:\/\/mafusa.net\/fr\/wp-json\/wp\/v2\/media\/89409"}],"wp:attachment":[{"href":"https:\/\/mafusa.net\/fr\/wp-json\/wp\/v2\/media?parent=89649"}],"wp:term":[{"taxonomy":"product_brand","embeddable":true,"href":"https:\/\/mafusa.net\/fr\/wp-json\/wp\/v2\/product_brand?post=89649"},{"taxonomy":"product_cat","embeddable":true,"href":"https:\/\/mafusa.net\/fr\/wp-json\/wp\/v2\/product_cat?post=89649"},{"taxonomy":"product_tag","embeddable":true,"href":"https:\/\/mafusa.net\/fr\/wp-json\/wp\/v2\/product_tag?post=89649"}],"curies":[{"name":"wp","href":"https:\/\/api.w.org\/{rel}","templated":true}]}}