{"id":89590,"date":"2021-04-30T09:27:38","date_gmt":"2021-04-30T09:27:38","guid":{"rendered":"https:\/\/mafusa.net\/product\/brida-enchufe-antitraccion\/"},"modified":"2025-10-28T11:05:03","modified_gmt":"2025-10-28T11:05:03","slug":"bride-emboitement-antitraction-pe-pvc","status":"publish","type":"product","link":"https:\/\/mafusa.net\/fr\/productos\/accessoire\/accesorio-pvc-pe-fr\/bride-emboitement-antitraction-pe-pvc\/","title":{"rendered":"Bride \u00e0 embo\u00eetement anti-traction PE\/PVC"},"content":{"rendered":"<p class=\"p1\"><strong>Donnees g\u00e9n\u00e9riques<\/strong><\/p>\n<ul>\n<li class=\"p1\"><b>Mat\u00e9riau du corps: <\/b>Fonte ductile GGG50 avec rev\u00eatement FBE (Fusion Bonded Epoxy).<\/li>\n<li class=\"p1\"><b>Pression de service: <\/b>PN10\/PN16<\/li>\n<li class=\"p1\"><b>Syst\u00e8me de fixation: <\/b>\u00c9quip\u00e9 de boulons et d\u2019\u00e9crous en acier inoxydable.<\/li>\n<li class=\"p1\"><b>Joint d\u2019\u00e9tanch\u00e9it\u00e9: <\/b>Anneaux en EPDM ou NBR (caoutchouc nitrile).<\/li>\n<li class=\"p1\"><b>Type de produit: <\/b>Raccords de tuyauterie m\u00e9caniques de haute tol\u00e9rance.<\/li>\n<\/ul>\n","protected":false},"excerpt":{"rendered":"<p>Donnees g\u00e9n\u00e9riques Mat\u00e9riau du corps: Fonte ductile GGG50 avec rev\u00eatement FBE (Fusion Bonded Epoxy). Pression de service: PN10\/PN16 Syst\u00e8me de [&hellip;]<\/p>\n","protected":false},"featured_media":89371,"template":"","meta":{"_acf_changed":false},"product_brand":[],"product_cat":[213,221],"product_tag":[],"class_list":{"0":"post-89590","1":"product","2":"type-product","3":"status-publish","4":"has-post-thumbnail","6":"product_cat-accessoire","7":"product_cat-accesorio-pvc-pe-fr","9":"first","10":"instock","11":"shipping-taxable","12":"product-type-simple"},"acf":[],"yoast_head":"<!-- This site is optimized with the Yoast SEO plugin v27.1.1 - https:\/\/yoast.com\/product\/yoast-seo-wordpress\/ -->\n<title>Bride \u00e0 embo\u00eetement anti-traction PE\/PVC - Mafusa<\/title>\n<meta name=\"description\" content=\"Bride \u00e0 embo\u00eetement antitraction PE\/PVC. Corps et contrebride en fonte ductile GGG-50 avec rev\u00eatement epoxy. Pression de service PN 10, PN16. Equip\u00e9 des \u00e9crous et rondelles en acier avec rev\u00eatement Dacromet. Joint EPDM o NBR.\" \/>\n<meta name=\"robots\" content=\"index, follow, max-snippet:-1, max-image-preview:large, max-video-preview:-1\" \/>\n<link rel=\"canonical\" href=\"https:\/\/mafusa.net\/fr\/productos\/accessoire\/accesorio-pvc-pe-fr\/bride-emboitement-antitraction-pe-pvc\/\" \/>\n<meta property=\"og:locale\" content=\"fr_FR\" \/>\n<meta property=\"og:type\" content=\"article\" \/>\n<meta property=\"og:title\" content=\"Bride \u00e0 embo\u00eetement anti-traction PE\/PVC - Mafusa\" \/>\n<meta property=\"og:description\" content=\"Bride \u00e0 embo\u00eetement antitraction PE\/PVC. Corps et contrebride en fonte ductile GGG-50 avec rev\u00eatement epoxy. Pression de service PN 10, PN16. Equip\u00e9 des \u00e9crous et rondelles en acier avec rev\u00eatement Dacromet. Joint EPDM o NBR.\" \/>\n<meta property=\"og:url\" content=\"https:\/\/mafusa.net\/fr\/productos\/accessoire\/accesorio-pvc-pe-fr\/bride-emboitement-antitraction-pe-pvc\/\" \/>\n<meta property=\"og:site_name\" content=\"Mafusa\" \/>\n<meta property=\"article:modified_time\" content=\"2025-10-28T11:05:03+00:00\" \/>\n<meta property=\"og:image\" content=\"https:\/\/mafusa.net\/wp-content\/uploads\/2021\/04\/Mafusa_Brida-Enchufe-Antitraccion.jpg\" \/>\n\t<meta property=\"og:image:width\" content=\"700\" \/>\n\t<meta property=\"og:image:height\" content=\"700\" \/>\n\t<meta property=\"og:image:type\" content=\"image\/jpeg\" \/>\n<meta name=\"twitter:card\" content=\"summary_large_image\" \/>\n<meta name=\"twitter:label1\" content=\"Dur\u00e9e de lecture estim\u00e9e\" \/>\n\t<meta name=\"twitter:data1\" content=\"1 minute\" \/>\n<script type=\"application\/ld+json\" class=\"yoast-schema-graph\">{\"@context\":\"https:\/\/schema.org\",\"@graph\":[{\"@type\":\"WebPage\",\"@id\":\"https:\/\/mafusa.net\/fr\/productos\/accessoire\/accesorio-pvc-pe-fr\/bride-emboitement-antitraction-pe-pvc\/\",\"url\":\"https:\/\/mafusa.net\/fr\/productos\/accessoire\/accesorio-pvc-pe-fr\/bride-emboitement-antitraction-pe-pvc\/\",\"name\":\"Bride \u00e0 embo\u00eetement anti-traction PE\/PVC - Mafusa\",\"isPartOf\":{\"@id\":\"https:\/\/mafusa.net\/fr\/#website\"},\"primaryImageOfPage\":{\"@id\":\"https:\/\/mafusa.net\/fr\/productos\/accessoire\/accesorio-pvc-pe-fr\/bride-emboitement-antitraction-pe-pvc\/#primaryimage\"},\"image\":{\"@id\":\"https:\/\/mafusa.net\/fr\/productos\/accessoire\/accesorio-pvc-pe-fr\/bride-emboitement-antitraction-pe-pvc\/#primaryimage\"},\"thumbnailUrl\":\"https:\/\/mafusa.net\/wp-content\/uploads\/2021\/04\/Mafusa_Brida-Enchufe-Antitraccion.jpg\",\"datePublished\":\"2021-04-30T09:27:38+00:00\",\"dateModified\":\"2025-10-28T11:05:03+00:00\",\"description\":\"Bride \u00e0 embo\u00eetement antitraction PE\/PVC. Corps et contrebride en fonte ductile GGG-50 avec rev\u00eatement epoxy. Pression de service PN 10, PN16. Equip\u00e9 des \u00e9crous et rondelles en acier avec rev\u00eatement Dacromet. Joint EPDM o NBR.\",\"breadcrumb\":{\"@id\":\"https:\/\/mafusa.net\/fr\/productos\/accessoire\/accesorio-pvc-pe-fr\/bride-emboitement-antitraction-pe-pvc\/#breadcrumb\"},\"inLanguage\":\"fr-FR\",\"potentialAction\":[{\"@type\":\"ReadAction\",\"target\":[\"https:\/\/mafusa.net\/fr\/productos\/accessoire\/accesorio-pvc-pe-fr\/bride-emboitement-antitraction-pe-pvc\/\"]}]},{\"@type\":\"ImageObject\",\"inLanguage\":\"fr-FR\",\"@id\":\"https:\/\/mafusa.net\/fr\/productos\/accessoire\/accesorio-pvc-pe-fr\/bride-emboitement-antitraction-pe-pvc\/#primaryimage\",\"url\":\"https:\/\/mafusa.net\/wp-content\/uploads\/2021\/04\/Mafusa_Brida-Enchufe-Antitraccion.jpg\",\"contentUrl\":\"https:\/\/mafusa.net\/wp-content\/uploads\/2021\/04\/Mafusa_Brida-Enchufe-Antitraccion.jpg\",\"width\":700,\"height\":700},{\"@type\":\"BreadcrumbList\",\"@id\":\"https:\/\/mafusa.net\/fr\/productos\/accessoire\/accesorio-pvc-pe-fr\/bride-emboitement-antitraction-pe-pvc\/#breadcrumb\",\"itemListElement\":[{\"@type\":\"ListItem\",\"position\":1,\"name\":\"D\u00e9but\",\"item\":\"https:\/\/mafusa.net\/fr\/\"},{\"@type\":\"ListItem\",\"position\":2,\"name\":\"Produits\",\"item\":\"https:\/\/mafusa.net\/fr\/produits-2\/\"},{\"@type\":\"ListItem\",\"position\":3,\"name\":\"Accessoire\",\"item\":\"https:\/\/mafusa.net\/fr\/catalogue\/accessoire\/\"},{\"@type\":\"ListItem\",\"position\":4,\"name\":\"Bride \u00e0 embo\u00eetement anti-traction PE\/PVC\"}]},{\"@type\":\"WebSite\",\"@id\":\"https:\/\/mafusa.net\/fr\/#website\",\"url\":\"https:\/\/mafusa.net\/fr\/\",\"name\":\"Mafusa\",\"description\":\"Materiales de fundici\u00f3n d\u00factil\",\"publisher\":{\"@id\":\"https:\/\/mafusa.net\/fr\/#organization\"},\"potentialAction\":[{\"@type\":\"SearchAction\",\"target\":{\"@type\":\"EntryPoint\",\"urlTemplate\":\"https:\/\/mafusa.net\/fr\/?s={search_term_string}\"},\"query-input\":{\"@type\":\"PropertyValueSpecification\",\"valueRequired\":true,\"valueName\":\"search_term_string\"}}],\"inLanguage\":\"fr-FR\"},{\"@type\":\"Organization\",\"@id\":\"https:\/\/mafusa.net\/fr\/#organization\",\"name\":\"Materiales de Fundici\u00f3n S.A.\",\"url\":\"https:\/\/mafusa.net\/fr\/\",\"logo\":{\"@type\":\"ImageObject\",\"inLanguage\":\"fr-FR\",\"@id\":\"https:\/\/mafusa.net\/fr\/#\/schema\/logo\/image\/\",\"url\":\"https:\/\/mafusa.net\/wp-content\/uploads\/2020\/10\/mafusa-logo-color.svg\",\"contentUrl\":\"https:\/\/mafusa.net\/wp-content\/uploads\/2020\/10\/mafusa-logo-color.svg\",\"width\":\"90\",\"height\":\"90\",\"caption\":\"Materiales de Fundici\u00f3n S.A.\"},\"image\":{\"@id\":\"https:\/\/mafusa.net\/fr\/#\/schema\/logo\/image\/\"}}]}<\/script>\n<!-- \/ Yoast SEO plugin. -->","yoast_head_json":{"title":"Bride \u00e0 embo\u00eetement anti-traction PE\/PVC - Mafusa","description":"Bride \u00e0 embo\u00eetement antitraction PE\/PVC. Corps et contrebride en fonte ductile GGG-50 avec rev\u00eatement epoxy. Pression de service PN 10, PN16. Equip\u00e9 des \u00e9crous et rondelles en acier avec rev\u00eatement Dacromet. Joint EPDM o NBR.","robots":{"index":"index","follow":"follow","max-snippet":"max-snippet:-1","max-image-preview":"max-image-preview:large","max-video-preview":"max-video-preview:-1"},"canonical":"https:\/\/mafusa.net\/fr\/productos\/accessoire\/accesorio-pvc-pe-fr\/bride-emboitement-antitraction-pe-pvc\/","og_locale":"fr_FR","og_type":"article","og_title":"Bride \u00e0 embo\u00eetement anti-traction PE\/PVC - Mafusa","og_description":"Bride \u00e0 embo\u00eetement antitraction PE\/PVC. Corps et contrebride en fonte ductile GGG-50 avec rev\u00eatement epoxy. Pression de service PN 10, PN16. Equip\u00e9 des \u00e9crous et rondelles en acier avec rev\u00eatement Dacromet. Joint EPDM o NBR.","og_url":"https:\/\/mafusa.net\/fr\/productos\/accessoire\/accesorio-pvc-pe-fr\/bride-emboitement-antitraction-pe-pvc\/","og_site_name":"Mafusa","article_modified_time":"2025-10-28T11:05:03+00:00","og_image":[{"width":700,"height":700,"url":"https:\/\/mafusa.net\/wp-content\/uploads\/2021\/04\/Mafusa_Brida-Enchufe-Antitraccion.jpg","type":"image\/jpeg"}],"twitter_card":"summary_large_image","twitter_misc":{"Dur\u00e9e de lecture estim\u00e9e":"1 minute"},"schema":{"@context":"https:\/\/schema.org","@graph":[{"@type":"WebPage","@id":"https:\/\/mafusa.net\/fr\/productos\/accessoire\/accesorio-pvc-pe-fr\/bride-emboitement-antitraction-pe-pvc\/","url":"https:\/\/mafusa.net\/fr\/productos\/accessoire\/accesorio-pvc-pe-fr\/bride-emboitement-antitraction-pe-pvc\/","name":"Bride \u00e0 embo\u00eetement anti-traction PE\/PVC - Mafusa","isPartOf":{"@id":"https:\/\/mafusa.net\/fr\/#website"},"primaryImageOfPage":{"@id":"https:\/\/mafusa.net\/fr\/productos\/accessoire\/accesorio-pvc-pe-fr\/bride-emboitement-antitraction-pe-pvc\/#primaryimage"},"image":{"@id":"https:\/\/mafusa.net\/fr\/productos\/accessoire\/accesorio-pvc-pe-fr\/bride-emboitement-antitraction-pe-pvc\/#primaryimage"},"thumbnailUrl":"https:\/\/mafusa.net\/wp-content\/uploads\/2021\/04\/Mafusa_Brida-Enchufe-Antitraccion.jpg","datePublished":"2021-04-30T09:27:38+00:00","dateModified":"2025-10-28T11:05:03+00:00","description":"Bride \u00e0 embo\u00eetement antitraction PE\/PVC. Corps et contrebride en fonte ductile GGG-50 avec rev\u00eatement epoxy. Pression de service PN 10, PN16. Equip\u00e9 des \u00e9crous et rondelles en acier avec rev\u00eatement Dacromet. Joint EPDM o NBR.","breadcrumb":{"@id":"https:\/\/mafusa.net\/fr\/productos\/accessoire\/accesorio-pvc-pe-fr\/bride-emboitement-antitraction-pe-pvc\/#breadcrumb"},"inLanguage":"fr-FR","potentialAction":[{"@type":"ReadAction","target":["https:\/\/mafusa.net\/fr\/productos\/accessoire\/accesorio-pvc-pe-fr\/bride-emboitement-antitraction-pe-pvc\/"]}]},{"@type":"ImageObject","inLanguage":"fr-FR","@id":"https:\/\/mafusa.net\/fr\/productos\/accessoire\/accesorio-pvc-pe-fr\/bride-emboitement-antitraction-pe-pvc\/#primaryimage","url":"https:\/\/mafusa.net\/wp-content\/uploads\/2021\/04\/Mafusa_Brida-Enchufe-Antitraccion.jpg","contentUrl":"https:\/\/mafusa.net\/wp-content\/uploads\/2021\/04\/Mafusa_Brida-Enchufe-Antitraccion.jpg","width":700,"height":700},{"@type":"BreadcrumbList","@id":"https:\/\/mafusa.net\/fr\/productos\/accessoire\/accesorio-pvc-pe-fr\/bride-emboitement-antitraction-pe-pvc\/#breadcrumb","itemListElement":[{"@type":"ListItem","position":1,"name":"D\u00e9but","item":"https:\/\/mafusa.net\/fr\/"},{"@type":"ListItem","position":2,"name":"Produits","item":"https:\/\/mafusa.net\/fr\/produits-2\/"},{"@type":"ListItem","position":3,"name":"Accessoire","item":"https:\/\/mafusa.net\/fr\/catalogue\/accessoire\/"},{"@type":"ListItem","position":4,"name":"Bride \u00e0 embo\u00eetement anti-traction PE\/PVC"}]},{"@type":"WebSite","@id":"https:\/\/mafusa.net\/fr\/#website","url":"https:\/\/mafusa.net\/fr\/","name":"Mafusa","description":"Materiales de fundici\u00f3n d\u00factil","publisher":{"@id":"https:\/\/mafusa.net\/fr\/#organization"},"potentialAction":[{"@type":"SearchAction","target":{"@type":"EntryPoint","urlTemplate":"https:\/\/mafusa.net\/fr\/?s={search_term_string}"},"query-input":{"@type":"PropertyValueSpecification","valueRequired":true,"valueName":"search_term_string"}}],"inLanguage":"fr-FR"},{"@type":"Organization","@id":"https:\/\/mafusa.net\/fr\/#organization","name":"Materiales de Fundici\u00f3n S.A.","url":"https:\/\/mafusa.net\/fr\/","logo":{"@type":"ImageObject","inLanguage":"fr-FR","@id":"https:\/\/mafusa.net\/fr\/#\/schema\/logo\/image\/","url":"https:\/\/mafusa.net\/wp-content\/uploads\/2020\/10\/mafusa-logo-color.svg","contentUrl":"https:\/\/mafusa.net\/wp-content\/uploads\/2020\/10\/mafusa-logo-color.svg","width":"90","height":"90","caption":"Materiales de Fundici\u00f3n S.A."},"image":{"@id":"https:\/\/mafusa.net\/fr\/#\/schema\/logo\/image\/"}}]}},"_links":{"self":[{"href":"https:\/\/mafusa.net\/fr\/wp-json\/wp\/v2\/product\/89590","targetHints":{"allow":["GET"]}}],"collection":[{"href":"https:\/\/mafusa.net\/fr\/wp-json\/wp\/v2\/product"}],"about":[{"href":"https:\/\/mafusa.net\/fr\/wp-json\/wp\/v2\/types\/product"}],"wp:featuredmedia":[{"embeddable":true,"href":"https:\/\/mafusa.net\/fr\/wp-json\/wp\/v2\/media\/89371"}],"wp:attachment":[{"href":"https:\/\/mafusa.net\/fr\/wp-json\/wp\/v2\/media?parent=89590"}],"wp:term":[{"taxonomy":"product_brand","embeddable":true,"href":"https:\/\/mafusa.net\/fr\/wp-json\/wp\/v2\/product_brand?post=89590"},{"taxonomy":"product_cat","embeddable":true,"href":"https:\/\/mafusa.net\/fr\/wp-json\/wp\/v2\/product_cat?post=89590"},{"taxonomy":"product_tag","embeddable":true,"href":"https:\/\/mafusa.net\/fr\/wp-json\/wp\/v2\/product_tag?post=89590"}],"curies":[{"name":"wp","href":"https:\/\/api.w.org\/{rel}","templated":true}]}}