{"id":89562,"date":"2017-08-17T14:52:41","date_gmt":"2017-08-17T14:52:41","guid":{"rendered":"https:\/\/mafusa.net\/product\/universal-coupling\/"},"modified":"2023-06-28T09:38:52","modified_gmt":"2023-06-28T09:38:52","slug":"manchon-a-emboitement-universel","status":"publish","type":"product","link":"https:\/\/mafusa.net\/fr\/productos\/accessoire\/universales-fr\/manchon-a-emboitement-universel\/","title":{"rendered":"Manchon \u00e0 embo\u00eetement universel FC10A"},"content":{"rendered":"<p class=\"p1\"><strong>Donnees g\u00e9n\u00e9riques<\/strong><\/p>\n<ul>\n<li class=\"p1\">Fonte ductile GGG50 avec rev\u00eatement epoxy.<\/li>\n<li class=\"p1\">Pression de service PN 10, PN 16.<\/li>\n<li class=\"p1\">Equip\u00e9 des rondelles et \u00e9crous en acier avec rev\u00eatement Dacromet.<\/li>\n<li class=\"p1\">Joint EPDM or NBR.<\/li>\n<li class=\"p1\">Haute r\u00e9sistance \u00e0 traction des tuyaux<\/li>\n<li class=\"p1\">Deflexion angulaire +\/- 6\u00ba.<\/li>\n<\/ul>\n","protected":false},"excerpt":{"rendered":"<p>Donnees g\u00e9n\u00e9riques Fonte ductile GGG50 avec rev\u00eatement epoxy. Pression de service PN 10, PN 16. Equip\u00e9 des rondelles et \u00e9crous [&hellip;]<\/p>\n","protected":false},"featured_media":89318,"template":"","meta":{"_acf_changed":false},"product_brand":[],"product_cat":[214,213],"product_tag":[],"class_list":{"0":"post-89562","1":"product","2":"type-product","3":"status-publish","4":"has-post-thumbnail","6":"product_cat-universales-fr","7":"product_cat-accessoire","9":"first","10":"instock","11":"shipping-taxable","12":"product-type-simple"},"acf":[],"yoast_head":"<!-- This site is optimized with the Yoast SEO plugin v27.1.1 - https:\/\/yoast.com\/product\/yoast-seo-wordpress\/ -->\n<title>Manchon \u00e0 embo\u00eetement universel FC10A - Mafusa<\/title>\n<meta name=\"description\" content=\"Manchon \u00e0 embo\u00eetement universel. Fonte ductile GGG50 avec rev\u00eatement epoxy. Pression de service PN 10, PN 16. Equip\u00e9 des rondelles et \u00e9crous en acier avec rev\u00eatement Dacromet. Joint EPDM or NBR.\" \/>\n<meta name=\"robots\" content=\"index, follow, max-snippet:-1, max-image-preview:large, max-video-preview:-1\" \/>\n<link rel=\"canonical\" href=\"https:\/\/mafusa.net\/fr\/productos\/accessoire\/universales-fr\/manchon-a-emboitement-universel\/\" \/>\n<meta property=\"og:locale\" content=\"fr_FR\" \/>\n<meta property=\"og:type\" content=\"article\" \/>\n<meta property=\"og:title\" content=\"Manchon \u00e0 embo\u00eetement universel FC10A - Mafusa\" \/>\n<meta property=\"og:description\" content=\"Manchon \u00e0 embo\u00eetement universel. Fonte ductile GGG50 avec rev\u00eatement epoxy. Pression de service PN 10, PN 16. Equip\u00e9 des rondelles et \u00e9crous en acier avec rev\u00eatement Dacromet. Joint EPDM or NBR.\" \/>\n<meta property=\"og:url\" content=\"https:\/\/mafusa.net\/fr\/productos\/accessoire\/universales-fr\/manchon-a-emboitement-universel\/\" \/>\n<meta property=\"og:site_name\" content=\"Mafusa\" \/>\n<meta property=\"article:modified_time\" content=\"2023-06-28T09:38:52+00:00\" \/>\n<meta property=\"og:image\" content=\"https:\/\/mafusa.net\/wp-content\/uploads\/2017\/08\/Mafusa_Manguito-Enchufe-Universal-FC10A.jpg\" \/>\n\t<meta property=\"og:image:width\" content=\"700\" \/>\n\t<meta property=\"og:image:height\" content=\"700\" \/>\n\t<meta property=\"og:image:type\" content=\"image\/jpeg\" \/>\n<meta name=\"twitter:card\" content=\"summary_large_image\" \/>\n<meta name=\"twitter:label1\" content=\"Dur\u00e9e de lecture estim\u00e9e\" \/>\n\t<meta name=\"twitter:data1\" content=\"1 minute\" \/>\n<script type=\"application\/ld+json\" class=\"yoast-schema-graph\">{\"@context\":\"https:\/\/schema.org\",\"@graph\":[{\"@type\":\"WebPage\",\"@id\":\"https:\/\/mafusa.net\/fr\/productos\/accessoire\/universales-fr\/manchon-a-emboitement-universel\/\",\"url\":\"https:\/\/mafusa.net\/fr\/productos\/accessoire\/universales-fr\/manchon-a-emboitement-universel\/\",\"name\":\"Manchon \u00e0 embo\u00eetement universel FC10A - Mafusa\",\"isPartOf\":{\"@id\":\"https:\/\/mafusa.net\/fr\/#website\"},\"primaryImageOfPage\":{\"@id\":\"https:\/\/mafusa.net\/fr\/productos\/accessoire\/universales-fr\/manchon-a-emboitement-universel\/#primaryimage\"},\"image\":{\"@id\":\"https:\/\/mafusa.net\/fr\/productos\/accessoire\/universales-fr\/manchon-a-emboitement-universel\/#primaryimage\"},\"thumbnailUrl\":\"https:\/\/mafusa.net\/wp-content\/uploads\/2017\/08\/Mafusa_Manguito-Enchufe-Universal-FC10A.jpg\",\"datePublished\":\"2017-08-17T14:52:41+00:00\",\"dateModified\":\"2023-06-28T09:38:52+00:00\",\"description\":\"Manchon \u00e0 embo\u00eetement universel. Fonte ductile GGG50 avec rev\u00eatement epoxy. Pression de service PN 10, PN 16. Equip\u00e9 des rondelles et \u00e9crous en acier avec rev\u00eatement Dacromet. Joint EPDM or NBR.\",\"breadcrumb\":{\"@id\":\"https:\/\/mafusa.net\/fr\/productos\/accessoire\/universales-fr\/manchon-a-emboitement-universel\/#breadcrumb\"},\"inLanguage\":\"fr-FR\",\"potentialAction\":[{\"@type\":\"ReadAction\",\"target\":[\"https:\/\/mafusa.net\/fr\/productos\/accessoire\/universales-fr\/manchon-a-emboitement-universel\/\"]}]},{\"@type\":\"ImageObject\",\"inLanguage\":\"fr-FR\",\"@id\":\"https:\/\/mafusa.net\/fr\/productos\/accessoire\/universales-fr\/manchon-a-emboitement-universel\/#primaryimage\",\"url\":\"https:\/\/mafusa.net\/wp-content\/uploads\/2017\/08\/Mafusa_Manguito-Enchufe-Universal-FC10A.jpg\",\"contentUrl\":\"https:\/\/mafusa.net\/wp-content\/uploads\/2017\/08\/Mafusa_Manguito-Enchufe-Universal-FC10A.jpg\",\"width\":700,\"height\":700},{\"@type\":\"BreadcrumbList\",\"@id\":\"https:\/\/mafusa.net\/fr\/productos\/accessoire\/universales-fr\/manchon-a-emboitement-universel\/#breadcrumb\",\"itemListElement\":[{\"@type\":\"ListItem\",\"position\":1,\"name\":\"D\u00e9but\",\"item\":\"https:\/\/mafusa.net\/fr\/\"},{\"@type\":\"ListItem\",\"position\":2,\"name\":\"Produits\",\"item\":\"https:\/\/mafusa.net\/fr\/produits-2\/\"},{\"@type\":\"ListItem\",\"position\":3,\"name\":\"Accessoire\",\"item\":\"https:\/\/mafusa.net\/fr\/catalogue\/accessoire\/\"},{\"@type\":\"ListItem\",\"position\":4,\"name\":\"Manchon \u00e0 embo\u00eetement universel FC10A\"}]},{\"@type\":\"WebSite\",\"@id\":\"https:\/\/mafusa.net\/fr\/#website\",\"url\":\"https:\/\/mafusa.net\/fr\/\",\"name\":\"Mafusa\",\"description\":\"Materiales de fundici\u00f3n d\u00factil\",\"publisher\":{\"@id\":\"https:\/\/mafusa.net\/fr\/#organization\"},\"potentialAction\":[{\"@type\":\"SearchAction\",\"target\":{\"@type\":\"EntryPoint\",\"urlTemplate\":\"https:\/\/mafusa.net\/fr\/?s={search_term_string}\"},\"query-input\":{\"@type\":\"PropertyValueSpecification\",\"valueRequired\":true,\"valueName\":\"search_term_string\"}}],\"inLanguage\":\"fr-FR\"},{\"@type\":\"Organization\",\"@id\":\"https:\/\/mafusa.net\/fr\/#organization\",\"name\":\"Materiales de Fundici\u00f3n S.A.\",\"url\":\"https:\/\/mafusa.net\/fr\/\",\"logo\":{\"@type\":\"ImageObject\",\"inLanguage\":\"fr-FR\",\"@id\":\"https:\/\/mafusa.net\/fr\/#\/schema\/logo\/image\/\",\"url\":\"https:\/\/mafusa.net\/wp-content\/uploads\/2020\/10\/mafusa-logo-color.svg\",\"contentUrl\":\"https:\/\/mafusa.net\/wp-content\/uploads\/2020\/10\/mafusa-logo-color.svg\",\"width\":\"90\",\"height\":\"90\",\"caption\":\"Materiales de Fundici\u00f3n S.A.\"},\"image\":{\"@id\":\"https:\/\/mafusa.net\/fr\/#\/schema\/logo\/image\/\"}}]}<\/script>\n<!-- \/ Yoast SEO plugin. -->","yoast_head_json":{"title":"Manchon \u00e0 embo\u00eetement universel FC10A - Mafusa","description":"Manchon \u00e0 embo\u00eetement universel. Fonte ductile GGG50 avec rev\u00eatement epoxy. Pression de service PN 10, PN 16. Equip\u00e9 des rondelles et \u00e9crous en acier avec rev\u00eatement Dacromet. Joint EPDM or NBR.","robots":{"index":"index","follow":"follow","max-snippet":"max-snippet:-1","max-image-preview":"max-image-preview:large","max-video-preview":"max-video-preview:-1"},"canonical":"https:\/\/mafusa.net\/fr\/productos\/accessoire\/universales-fr\/manchon-a-emboitement-universel\/","og_locale":"fr_FR","og_type":"article","og_title":"Manchon \u00e0 embo\u00eetement universel FC10A - Mafusa","og_description":"Manchon \u00e0 embo\u00eetement universel. Fonte ductile GGG50 avec rev\u00eatement epoxy. Pression de service PN 10, PN 16. Equip\u00e9 des rondelles et \u00e9crous en acier avec rev\u00eatement Dacromet. Joint EPDM or NBR.","og_url":"https:\/\/mafusa.net\/fr\/productos\/accessoire\/universales-fr\/manchon-a-emboitement-universel\/","og_site_name":"Mafusa","article_modified_time":"2023-06-28T09:38:52+00:00","og_image":[{"width":700,"height":700,"url":"https:\/\/mafusa.net\/wp-content\/uploads\/2017\/08\/Mafusa_Manguito-Enchufe-Universal-FC10A.jpg","type":"image\/jpeg"}],"twitter_card":"summary_large_image","twitter_misc":{"Dur\u00e9e de lecture estim\u00e9e":"1 minute"},"schema":{"@context":"https:\/\/schema.org","@graph":[{"@type":"WebPage","@id":"https:\/\/mafusa.net\/fr\/productos\/accessoire\/universales-fr\/manchon-a-emboitement-universel\/","url":"https:\/\/mafusa.net\/fr\/productos\/accessoire\/universales-fr\/manchon-a-emboitement-universel\/","name":"Manchon \u00e0 embo\u00eetement universel FC10A - Mafusa","isPartOf":{"@id":"https:\/\/mafusa.net\/fr\/#website"},"primaryImageOfPage":{"@id":"https:\/\/mafusa.net\/fr\/productos\/accessoire\/universales-fr\/manchon-a-emboitement-universel\/#primaryimage"},"image":{"@id":"https:\/\/mafusa.net\/fr\/productos\/accessoire\/universales-fr\/manchon-a-emboitement-universel\/#primaryimage"},"thumbnailUrl":"https:\/\/mafusa.net\/wp-content\/uploads\/2017\/08\/Mafusa_Manguito-Enchufe-Universal-FC10A.jpg","datePublished":"2017-08-17T14:52:41+00:00","dateModified":"2023-06-28T09:38:52+00:00","description":"Manchon \u00e0 embo\u00eetement universel. Fonte ductile GGG50 avec rev\u00eatement epoxy. Pression de service PN 10, PN 16. Equip\u00e9 des rondelles et \u00e9crous en acier avec rev\u00eatement Dacromet. Joint EPDM or NBR.","breadcrumb":{"@id":"https:\/\/mafusa.net\/fr\/productos\/accessoire\/universales-fr\/manchon-a-emboitement-universel\/#breadcrumb"},"inLanguage":"fr-FR","potentialAction":[{"@type":"ReadAction","target":["https:\/\/mafusa.net\/fr\/productos\/accessoire\/universales-fr\/manchon-a-emboitement-universel\/"]}]},{"@type":"ImageObject","inLanguage":"fr-FR","@id":"https:\/\/mafusa.net\/fr\/productos\/accessoire\/universales-fr\/manchon-a-emboitement-universel\/#primaryimage","url":"https:\/\/mafusa.net\/wp-content\/uploads\/2017\/08\/Mafusa_Manguito-Enchufe-Universal-FC10A.jpg","contentUrl":"https:\/\/mafusa.net\/wp-content\/uploads\/2017\/08\/Mafusa_Manguito-Enchufe-Universal-FC10A.jpg","width":700,"height":700},{"@type":"BreadcrumbList","@id":"https:\/\/mafusa.net\/fr\/productos\/accessoire\/universales-fr\/manchon-a-emboitement-universel\/#breadcrumb","itemListElement":[{"@type":"ListItem","position":1,"name":"D\u00e9but","item":"https:\/\/mafusa.net\/fr\/"},{"@type":"ListItem","position":2,"name":"Produits","item":"https:\/\/mafusa.net\/fr\/produits-2\/"},{"@type":"ListItem","position":3,"name":"Accessoire","item":"https:\/\/mafusa.net\/fr\/catalogue\/accessoire\/"},{"@type":"ListItem","position":4,"name":"Manchon \u00e0 embo\u00eetement universel FC10A"}]},{"@type":"WebSite","@id":"https:\/\/mafusa.net\/fr\/#website","url":"https:\/\/mafusa.net\/fr\/","name":"Mafusa","description":"Materiales de fundici\u00f3n d\u00factil","publisher":{"@id":"https:\/\/mafusa.net\/fr\/#organization"},"potentialAction":[{"@type":"SearchAction","target":{"@type":"EntryPoint","urlTemplate":"https:\/\/mafusa.net\/fr\/?s={search_term_string}"},"query-input":{"@type":"PropertyValueSpecification","valueRequired":true,"valueName":"search_term_string"}}],"inLanguage":"fr-FR"},{"@type":"Organization","@id":"https:\/\/mafusa.net\/fr\/#organization","name":"Materiales de Fundici\u00f3n S.A.","url":"https:\/\/mafusa.net\/fr\/","logo":{"@type":"ImageObject","inLanguage":"fr-FR","@id":"https:\/\/mafusa.net\/fr\/#\/schema\/logo\/image\/","url":"https:\/\/mafusa.net\/wp-content\/uploads\/2020\/10\/mafusa-logo-color.svg","contentUrl":"https:\/\/mafusa.net\/wp-content\/uploads\/2020\/10\/mafusa-logo-color.svg","width":"90","height":"90","caption":"Materiales de Fundici\u00f3n S.A."},"image":{"@id":"https:\/\/mafusa.net\/fr\/#\/schema\/logo\/image\/"}}]}},"_links":{"self":[{"href":"https:\/\/mafusa.net\/fr\/wp-json\/wp\/v2\/product\/89562","targetHints":{"allow":["GET"]}}],"collection":[{"href":"https:\/\/mafusa.net\/fr\/wp-json\/wp\/v2\/product"}],"about":[{"href":"https:\/\/mafusa.net\/fr\/wp-json\/wp\/v2\/types\/product"}],"wp:featuredmedia":[{"embeddable":true,"href":"https:\/\/mafusa.net\/fr\/wp-json\/wp\/v2\/media\/89318"}],"wp:attachment":[{"href":"https:\/\/mafusa.net\/fr\/wp-json\/wp\/v2\/media?parent=89562"}],"wp:term":[{"taxonomy":"product_brand","embeddable":true,"href":"https:\/\/mafusa.net\/fr\/wp-json\/wp\/v2\/product_brand?post=89562"},{"taxonomy":"product_cat","embeddable":true,"href":"https:\/\/mafusa.net\/fr\/wp-json\/wp\/v2\/product_cat?post=89562"},{"taxonomy":"product_tag","embeddable":true,"href":"https:\/\/mafusa.net\/fr\/wp-json\/wp\/v2\/product_tag?post=89562"}],"curies":[{"name":"wp","href":"https:\/\/api.w.org\/{rel}","templated":true}]}}