{"id":89521,"date":"2021-04-30T09:04:49","date_gmt":"2021-04-30T09:04:49","guid":{"rendered":"https:\/\/mafusa.net\/product\/carrete-desmontaje\/"},"modified":"2025-04-15T11:13:57","modified_gmt":"2025-04-15T11:13:57","slug":"joint-de-demontage-en-fonte-ductile","status":"publish","type":"product","link":"https:\/\/mafusa.net\/fr\/productos\/accessoire\/carrete-desmontaje-fr\/joint-de-demontage-en-fonte-ductile\/","title":{"rendered":"Joint de d\u00e9montage en fonte ductile"},"content":{"rendered":"<p><strong>Caract\u00e9ristiques<\/strong><\/p>\n<ul>\n<li class=\"p1\">Fonte ductile GGG50 avec rev\u00eatement \u00e9poxy.<\/li>\n<li class=\"p1\">Pression de trevail PN10\/PN16\/PN25.<\/li>\n<li class=\"p1\">Equip\u00e9 avec boulonnerie en acier zingu\u00e9.<\/li>\n<li class=\"p1\">Joints EPDM ou NBR.<\/li>\n<li class=\"p1\">Plage de diam\u00e8tres de 50 mm jusqu\u2019au 1200 mm.<\/li>\n<\/ul>\n","protected":false},"excerpt":{"rendered":"<p>Caract\u00e9ristiques Fonte ductile GGG50 avec rev\u00eatement \u00e9poxy. Pression de trevail PN10\/PN16\/PN25. Equip\u00e9 avec boulonnerie en acier zingu\u00e9. Joints EPDM ou [&hellip;]<\/p>\n","protected":false},"featured_media":89349,"template":"","meta":{"_acf_changed":false},"product_brand":[],"product_cat":[213,220],"product_tag":[],"class_list":{"0":"post-89521","1":"product","2":"type-product","3":"status-publish","4":"has-post-thumbnail","6":"product_cat-accessoire","7":"product_cat-carrete-desmontaje-fr","9":"first","10":"instock","11":"shipping-taxable","12":"product-type-simple"},"acf":[],"yoast_head":"<!-- This site is optimized with the Yoast SEO plugin v27.1.1 - https:\/\/yoast.com\/product\/yoast-seo-wordpress\/ -->\n<title>Joint de d\u00e9montage en fonte ductile - Mafusa<\/title>\n<meta name=\"description\" content=\"Joint de demontage en fonte ductile GGG50 avec rev\u00eatement \u00e9poxy. Pression de trevail PN 16. Equip\u00e9 avec boulonnerie en acier zingu\u00e9.Joints EPDM ou NBR. Plage de diam\u00e8tres de 50 mm jusqu\u2019au 1200 mm.\" \/>\n<meta name=\"robots\" content=\"index, follow, max-snippet:-1, max-image-preview:large, max-video-preview:-1\" \/>\n<link rel=\"canonical\" href=\"https:\/\/mafusa.net\/fr\/productos\/accessoire\/carrete-desmontaje-fr\/joint-de-demontage-en-fonte-ductile\/\" \/>\n<meta property=\"og:locale\" content=\"fr_FR\" \/>\n<meta property=\"og:type\" content=\"article\" \/>\n<meta property=\"og:title\" content=\"Joint de d\u00e9montage en fonte ductile - Mafusa\" \/>\n<meta property=\"og:description\" content=\"Joint de demontage en fonte ductile GGG50 avec rev\u00eatement \u00e9poxy. Pression de trevail PN 16. Equip\u00e9 avec boulonnerie en acier zingu\u00e9.Joints EPDM ou NBR. Plage de diam\u00e8tres de 50 mm jusqu\u2019au 1200 mm.\" \/>\n<meta property=\"og:url\" content=\"https:\/\/mafusa.net\/fr\/productos\/accessoire\/carrete-desmontaje-fr\/joint-de-demontage-en-fonte-ductile\/\" \/>\n<meta property=\"og:site_name\" content=\"Mafusa\" \/>\n<meta property=\"article:modified_time\" content=\"2025-04-15T11:13:57+00:00\" \/>\n<meta property=\"og:image\" content=\"https:\/\/mafusa.net\/wp-content\/uploads\/2021\/04\/Mafusa_Carrete-Desmontaje.jpg\" \/>\n\t<meta property=\"og:image:width\" content=\"700\" \/>\n\t<meta property=\"og:image:height\" content=\"700\" \/>\n\t<meta property=\"og:image:type\" content=\"image\/jpeg\" \/>\n<meta name=\"twitter:card\" content=\"summary_large_image\" \/>\n<meta name=\"twitter:label1\" content=\"Dur\u00e9e de lecture estim\u00e9e\" \/>\n\t<meta name=\"twitter:data1\" content=\"1 minute\" \/>\n<script type=\"application\/ld+json\" class=\"yoast-schema-graph\">{\"@context\":\"https:\/\/schema.org\",\"@graph\":[{\"@type\":\"WebPage\",\"@id\":\"https:\/\/mafusa.net\/fr\/productos\/accessoire\/carrete-desmontaje-fr\/joint-de-demontage-en-fonte-ductile\/\",\"url\":\"https:\/\/mafusa.net\/fr\/productos\/accessoire\/carrete-desmontaje-fr\/joint-de-demontage-en-fonte-ductile\/\",\"name\":\"Joint de d\u00e9montage en fonte ductile - Mafusa\",\"isPartOf\":{\"@id\":\"https:\/\/mafusa.net\/fr\/#website\"},\"primaryImageOfPage\":{\"@id\":\"https:\/\/mafusa.net\/fr\/productos\/accessoire\/carrete-desmontaje-fr\/joint-de-demontage-en-fonte-ductile\/#primaryimage\"},\"image\":{\"@id\":\"https:\/\/mafusa.net\/fr\/productos\/accessoire\/carrete-desmontaje-fr\/joint-de-demontage-en-fonte-ductile\/#primaryimage\"},\"thumbnailUrl\":\"https:\/\/mafusa.net\/wp-content\/uploads\/2021\/04\/Mafusa_Carrete-Desmontaje.jpg\",\"datePublished\":\"2021-04-30T09:04:49+00:00\",\"dateModified\":\"2025-04-15T11:13:57+00:00\",\"description\":\"Joint de demontage en fonte ductile GGG50 avec rev\u00eatement \u00e9poxy. Pression de trevail PN 16. Equip\u00e9 avec boulonnerie en acier zingu\u00e9.Joints EPDM ou NBR. Plage de diam\u00e8tres de 50 mm jusqu\u2019au 1200 mm.\",\"breadcrumb\":{\"@id\":\"https:\/\/mafusa.net\/fr\/productos\/accessoire\/carrete-desmontaje-fr\/joint-de-demontage-en-fonte-ductile\/#breadcrumb\"},\"inLanguage\":\"fr-FR\",\"potentialAction\":[{\"@type\":\"ReadAction\",\"target\":[\"https:\/\/mafusa.net\/fr\/productos\/accessoire\/carrete-desmontaje-fr\/joint-de-demontage-en-fonte-ductile\/\"]}]},{\"@type\":\"ImageObject\",\"inLanguage\":\"fr-FR\",\"@id\":\"https:\/\/mafusa.net\/fr\/productos\/accessoire\/carrete-desmontaje-fr\/joint-de-demontage-en-fonte-ductile\/#primaryimage\",\"url\":\"https:\/\/mafusa.net\/wp-content\/uploads\/2021\/04\/Mafusa_Carrete-Desmontaje.jpg\",\"contentUrl\":\"https:\/\/mafusa.net\/wp-content\/uploads\/2021\/04\/Mafusa_Carrete-Desmontaje.jpg\",\"width\":700,\"height\":700},{\"@type\":\"BreadcrumbList\",\"@id\":\"https:\/\/mafusa.net\/fr\/productos\/accessoire\/carrete-desmontaje-fr\/joint-de-demontage-en-fonte-ductile\/#breadcrumb\",\"itemListElement\":[{\"@type\":\"ListItem\",\"position\":1,\"name\":\"D\u00e9but\",\"item\":\"https:\/\/mafusa.net\/fr\/\"},{\"@type\":\"ListItem\",\"position\":2,\"name\":\"Produits\",\"item\":\"https:\/\/mafusa.net\/fr\/produits-2\/\"},{\"@type\":\"ListItem\",\"position\":3,\"name\":\"Accessoire\",\"item\":\"https:\/\/mafusa.net\/fr\/catalogue\/accessoire\/\"},{\"@type\":\"ListItem\",\"position\":4,\"name\":\"Joint de d\u00e9montage en fonte ductile\"}]},{\"@type\":\"WebSite\",\"@id\":\"https:\/\/mafusa.net\/fr\/#website\",\"url\":\"https:\/\/mafusa.net\/fr\/\",\"name\":\"Mafusa\",\"description\":\"Materiales de fundici\u00f3n d\u00factil\",\"publisher\":{\"@id\":\"https:\/\/mafusa.net\/fr\/#organization\"},\"potentialAction\":[{\"@type\":\"SearchAction\",\"target\":{\"@type\":\"EntryPoint\",\"urlTemplate\":\"https:\/\/mafusa.net\/fr\/?s={search_term_string}\"},\"query-input\":{\"@type\":\"PropertyValueSpecification\",\"valueRequired\":true,\"valueName\":\"search_term_string\"}}],\"inLanguage\":\"fr-FR\"},{\"@type\":\"Organization\",\"@id\":\"https:\/\/mafusa.net\/fr\/#organization\",\"name\":\"Materiales de Fundici\u00f3n S.A.\",\"url\":\"https:\/\/mafusa.net\/fr\/\",\"logo\":{\"@type\":\"ImageObject\",\"inLanguage\":\"fr-FR\",\"@id\":\"https:\/\/mafusa.net\/fr\/#\/schema\/logo\/image\/\",\"url\":\"https:\/\/mafusa.net\/wp-content\/uploads\/2020\/10\/mafusa-logo-color.svg\",\"contentUrl\":\"https:\/\/mafusa.net\/wp-content\/uploads\/2020\/10\/mafusa-logo-color.svg\",\"width\":\"90\",\"height\":\"90\",\"caption\":\"Materiales de Fundici\u00f3n S.A.\"},\"image\":{\"@id\":\"https:\/\/mafusa.net\/fr\/#\/schema\/logo\/image\/\"}}]}<\/script>\n<!-- \/ Yoast SEO plugin. -->","yoast_head_json":{"title":"Joint de d\u00e9montage en fonte ductile - Mafusa","description":"Joint de demontage en fonte ductile GGG50 avec rev\u00eatement \u00e9poxy. Pression de trevail PN 16. Equip\u00e9 avec boulonnerie en acier zingu\u00e9.Joints EPDM ou NBR. Plage de diam\u00e8tres de 50 mm jusqu\u2019au 1200 mm.","robots":{"index":"index","follow":"follow","max-snippet":"max-snippet:-1","max-image-preview":"max-image-preview:large","max-video-preview":"max-video-preview:-1"},"canonical":"https:\/\/mafusa.net\/fr\/productos\/accessoire\/carrete-desmontaje-fr\/joint-de-demontage-en-fonte-ductile\/","og_locale":"fr_FR","og_type":"article","og_title":"Joint de d\u00e9montage en fonte ductile - Mafusa","og_description":"Joint de demontage en fonte ductile GGG50 avec rev\u00eatement \u00e9poxy. Pression de trevail PN 16. Equip\u00e9 avec boulonnerie en acier zingu\u00e9.Joints EPDM ou NBR. Plage de diam\u00e8tres de 50 mm jusqu\u2019au 1200 mm.","og_url":"https:\/\/mafusa.net\/fr\/productos\/accessoire\/carrete-desmontaje-fr\/joint-de-demontage-en-fonte-ductile\/","og_site_name":"Mafusa","article_modified_time":"2025-04-15T11:13:57+00:00","og_image":[{"width":700,"height":700,"url":"https:\/\/mafusa.net\/wp-content\/uploads\/2021\/04\/Mafusa_Carrete-Desmontaje.jpg","type":"image\/jpeg"}],"twitter_card":"summary_large_image","twitter_misc":{"Dur\u00e9e de lecture estim\u00e9e":"1 minute"},"schema":{"@context":"https:\/\/schema.org","@graph":[{"@type":"WebPage","@id":"https:\/\/mafusa.net\/fr\/productos\/accessoire\/carrete-desmontaje-fr\/joint-de-demontage-en-fonte-ductile\/","url":"https:\/\/mafusa.net\/fr\/productos\/accessoire\/carrete-desmontaje-fr\/joint-de-demontage-en-fonte-ductile\/","name":"Joint de d\u00e9montage en fonte ductile - Mafusa","isPartOf":{"@id":"https:\/\/mafusa.net\/fr\/#website"},"primaryImageOfPage":{"@id":"https:\/\/mafusa.net\/fr\/productos\/accessoire\/carrete-desmontaje-fr\/joint-de-demontage-en-fonte-ductile\/#primaryimage"},"image":{"@id":"https:\/\/mafusa.net\/fr\/productos\/accessoire\/carrete-desmontaje-fr\/joint-de-demontage-en-fonte-ductile\/#primaryimage"},"thumbnailUrl":"https:\/\/mafusa.net\/wp-content\/uploads\/2021\/04\/Mafusa_Carrete-Desmontaje.jpg","datePublished":"2021-04-30T09:04:49+00:00","dateModified":"2025-04-15T11:13:57+00:00","description":"Joint de demontage en fonte ductile GGG50 avec rev\u00eatement \u00e9poxy. Pression de trevail PN 16. Equip\u00e9 avec boulonnerie en acier zingu\u00e9.Joints EPDM ou NBR. Plage de diam\u00e8tres de 50 mm jusqu\u2019au 1200 mm.","breadcrumb":{"@id":"https:\/\/mafusa.net\/fr\/productos\/accessoire\/carrete-desmontaje-fr\/joint-de-demontage-en-fonte-ductile\/#breadcrumb"},"inLanguage":"fr-FR","potentialAction":[{"@type":"ReadAction","target":["https:\/\/mafusa.net\/fr\/productos\/accessoire\/carrete-desmontaje-fr\/joint-de-demontage-en-fonte-ductile\/"]}]},{"@type":"ImageObject","inLanguage":"fr-FR","@id":"https:\/\/mafusa.net\/fr\/productos\/accessoire\/carrete-desmontaje-fr\/joint-de-demontage-en-fonte-ductile\/#primaryimage","url":"https:\/\/mafusa.net\/wp-content\/uploads\/2021\/04\/Mafusa_Carrete-Desmontaje.jpg","contentUrl":"https:\/\/mafusa.net\/wp-content\/uploads\/2021\/04\/Mafusa_Carrete-Desmontaje.jpg","width":700,"height":700},{"@type":"BreadcrumbList","@id":"https:\/\/mafusa.net\/fr\/productos\/accessoire\/carrete-desmontaje-fr\/joint-de-demontage-en-fonte-ductile\/#breadcrumb","itemListElement":[{"@type":"ListItem","position":1,"name":"D\u00e9but","item":"https:\/\/mafusa.net\/fr\/"},{"@type":"ListItem","position":2,"name":"Produits","item":"https:\/\/mafusa.net\/fr\/produits-2\/"},{"@type":"ListItem","position":3,"name":"Accessoire","item":"https:\/\/mafusa.net\/fr\/catalogue\/accessoire\/"},{"@type":"ListItem","position":4,"name":"Joint de d\u00e9montage en fonte ductile"}]},{"@type":"WebSite","@id":"https:\/\/mafusa.net\/fr\/#website","url":"https:\/\/mafusa.net\/fr\/","name":"Mafusa","description":"Materiales de fundici\u00f3n d\u00factil","publisher":{"@id":"https:\/\/mafusa.net\/fr\/#organization"},"potentialAction":[{"@type":"SearchAction","target":{"@type":"EntryPoint","urlTemplate":"https:\/\/mafusa.net\/fr\/?s={search_term_string}"},"query-input":{"@type":"PropertyValueSpecification","valueRequired":true,"valueName":"search_term_string"}}],"inLanguage":"fr-FR"},{"@type":"Organization","@id":"https:\/\/mafusa.net\/fr\/#organization","name":"Materiales de Fundici\u00f3n S.A.","url":"https:\/\/mafusa.net\/fr\/","logo":{"@type":"ImageObject","inLanguage":"fr-FR","@id":"https:\/\/mafusa.net\/fr\/#\/schema\/logo\/image\/","url":"https:\/\/mafusa.net\/wp-content\/uploads\/2020\/10\/mafusa-logo-color.svg","contentUrl":"https:\/\/mafusa.net\/wp-content\/uploads\/2020\/10\/mafusa-logo-color.svg","width":"90","height":"90","caption":"Materiales de Fundici\u00f3n S.A."},"image":{"@id":"https:\/\/mafusa.net\/fr\/#\/schema\/logo\/image\/"}}]}},"_links":{"self":[{"href":"https:\/\/mafusa.net\/fr\/wp-json\/wp\/v2\/product\/89521","targetHints":{"allow":["GET"]}}],"collection":[{"href":"https:\/\/mafusa.net\/fr\/wp-json\/wp\/v2\/product"}],"about":[{"href":"https:\/\/mafusa.net\/fr\/wp-json\/wp\/v2\/types\/product"}],"wp:featuredmedia":[{"embeddable":true,"href":"https:\/\/mafusa.net\/fr\/wp-json\/wp\/v2\/media\/89349"}],"wp:attachment":[{"href":"https:\/\/mafusa.net\/fr\/wp-json\/wp\/v2\/media?parent=89521"}],"wp:term":[{"taxonomy":"product_brand","embeddable":true,"href":"https:\/\/mafusa.net\/fr\/wp-json\/wp\/v2\/product_brand?post=89521"},{"taxonomy":"product_cat","embeddable":true,"href":"https:\/\/mafusa.net\/fr\/wp-json\/wp\/v2\/product_cat?post=89521"},{"taxonomy":"product_tag","embeddable":true,"href":"https:\/\/mafusa.net\/fr\/wp-json\/wp\/v2\/product_tag?post=89521"}],"curies":[{"name":"wp","href":"https:\/\/api.w.org\/{rel}","templated":true}]}}