{"id":89508,"date":"2021-04-30T08:37:37","date_gmt":"2021-04-30T08:37:37","guid":{"rendered":"https:\/\/mafusa.net\/product\/filtro-cazapiedras-bridas\/"},"modified":"2023-12-21T12:14:37","modified_gmt":"2023-12-21T12:14:37","slug":"filtre-oblique-a-tamis","status":"publish","type":"product","link":"https:\/\/mafusa.net\/fr\/productos\/filtres-a-tamis\/filtre-oblique-a-tamis\/","title":{"rendered":"Filtre oblique \u00e0 tamis"},"content":{"rendered":"<p>Les filtres \u00e0 tamis Mafusa pr\u00e9sentent un design parfait pour retenir les d\u00e9chets des installations. Elles sont g\u00e9n\u00e9ralement install\u00e9es avant les vannes de contr\u00f4le d\u2019eau, les vannes reductrices et autres \u00e9quipements sensibles au nettoyage, assurant ainsi leur bon fonctionnement.<\/p>\n<p>&nbsp;<\/p>\n<p><strong>Caract\u00e9ristiques<\/strong><\/p>\n<ul>\n<li><strong>Bride \u00e0 bride:<\/strong> DIN3202-F1 \/ BS 2080<\/li>\n<li><strong>Perceuse \u00e0 brides:<\/strong> BS4504 \/ EN 1092-2 PN10\/16<\/li>\n<li><strong>Indice de pression:<\/strong> PN10\/16<\/li>\n<li><strong>Test hydraulique de pression:<\/strong> \u00e0 1,5 x PN<\/li>\n<li><strong>Rev\u00eatement:<\/strong> \u00e9poxy appliqu\u00e9 \u00e9lectrostatiquement.<\/li>\n<li><strong>Milieu:<\/strong> Eau Neutre, Eau Potable, Assainissement<\/li>\n<li><strong>Plage de temp\u00e9rature:<\/strong> 0 &#8211; 80<\/li>\n<li><strong>Couvercle et vis:<\/strong> ils sont en A2-70 (AISI 304)<\/li>\n<li><strong>Rev\u00eatement:<\/strong> Epoxy appliqu\u00e9 \u00e9lectrostatiquement \u00e0 l\u2019int\u00e9rieur et \u00e0 l\u2019ext\u00e9rieur pour une excellente r\u00e9sistance \u00e0 la corrosion. Couleur standard RAL 5005, autres couleurs sur demande.<\/li>\n<li>Con\u00e7u et fabriqu\u00e9 selon des normes largement connues.<\/li>\n<li>100% test\u00e9 avant la livraison.<\/li>\n<\/ul>\n<p>&nbsp;<\/p>\n<p><strong>Stockage et de maintenance<br \/>\n<\/strong><\/p>\n<p>Pour un stockage de longue dur\u00e9e le Filtre en Y (ou Filtre Chasseur de pierres) doit \u00eatre stock\u00e9 dans un endroit frais et sec, \u00e9viter le contact ext\u00e9rieur.<\/p>\n<p>&nbsp;<\/p>\n<p><strong>Installation<\/strong><\/p>\n<ul>\n<li>V\u00e9rifier que la pression de fonctionnement, la temp\u00e9rature et la r\u00e9sistance \u00e0 la corrosion de l\u2019installation sont les m\u00eames que celles du filtre avant le montage.<\/li>\n<li>Veiller tout particuli\u00e8rement \u00e0 ce que la direction du d\u00e9bit de l\u2019installation co\u00efncide avec la fl\u00e8che dessin\u00e9e sur le corps de la soupape lors du montage.<\/li>\n<li>Les deux c\u00f4t\u00e9s de la liaison \u00e0 bride doivent \u00eatre parall\u00e8les et coaxiaux.<\/li>\n<li>V\u00e9rifiez que toutes les fermetures sont maintenues.<\/li>\n<li>Serrer les vis de la bride de fa\u00e7on sym\u00e9trique et alternative.<\/li>\n<li>Pour le nettoyage du filtre, le couvercle est enlev\u00e9, la grille est enlev\u00e9e et nettoy\u00e9e avant d\u2019\u00eatre r\u00e9introduite.<\/li>\n<\/ul>\n","protected":false},"excerpt":{"rendered":"<p>Les filtres \u00e0 tamis Mafusa pr\u00e9sentent un design parfait pour retenir les d\u00e9chets des installations. Elles sont g\u00e9n\u00e9ralement install\u00e9es avant [&hellip;]<\/p>\n","protected":false},"featured_media":89310,"template":"","meta":{"_acf_changed":false},"product_brand":[],"product_cat":[205],"product_tag":[],"class_list":{"0":"post-89508","1":"product","2":"type-product","3":"status-publish","4":"has-post-thumbnail","6":"product_cat-filtres-a-tamis","8":"first","9":"instock","10":"shipping-taxable","11":"product-type-simple"},"acf":[],"yoast_head":"<!-- This site is optimized with the Yoast SEO plugin v27.1.1 - https:\/\/yoast.com\/product\/yoast-seo-wordpress\/ -->\n<title>Filtre oblique \u00e0 tamis - Mafusa<\/title>\n<meta name=\"description\" content=\"Les filtres \u00e0 tamis Mafusa pr\u00e9sentent un design parfait pour retenir les d\u00e9chets des installations. Elles sont g\u00e9n\u00e9ralement install\u00e9es avant les vannes de contr\u00f4le d\u2019eau, les vannes reductrices et autres \u00e9quipements sensibles au nettoyage, assurant ainsi leur bon fonctionnement.\" \/>\n<meta name=\"robots\" content=\"index, follow, max-snippet:-1, max-image-preview:large, max-video-preview:-1\" \/>\n<link rel=\"canonical\" href=\"https:\/\/mafusa.net\/fr\/productos\/filtres-a-tamis\/filtre-oblique-a-tamis\/\" \/>\n<meta property=\"og:locale\" content=\"fr_FR\" \/>\n<meta property=\"og:type\" content=\"article\" \/>\n<meta property=\"og:title\" content=\"Filtre oblique \u00e0 tamis - Mafusa\" \/>\n<meta property=\"og:description\" content=\"Les filtres \u00e0 tamis Mafusa pr\u00e9sentent un design parfait pour retenir les d\u00e9chets des installations. Elles sont g\u00e9n\u00e9ralement install\u00e9es avant les vannes de contr\u00f4le d\u2019eau, les vannes reductrices et autres \u00e9quipements sensibles au nettoyage, assurant ainsi leur bon fonctionnement.\" \/>\n<meta property=\"og:url\" content=\"https:\/\/mafusa.net\/fr\/productos\/filtres-a-tamis\/filtre-oblique-a-tamis\/\" \/>\n<meta property=\"og:site_name\" content=\"Mafusa\" \/>\n<meta property=\"article:modified_time\" content=\"2023-12-21T12:14:37+00:00\" \/>\n<meta property=\"og:image\" content=\"https:\/\/mafusa.net\/wp-content\/uploads\/2021\/04\/Mafusa_Filtro-Cazapiedras-Extremo-Brida.jpg\" \/>\n\t<meta property=\"og:image:width\" content=\"700\" \/>\n\t<meta property=\"og:image:height\" content=\"700\" \/>\n\t<meta property=\"og:image:type\" content=\"image\/jpeg\" \/>\n<meta name=\"twitter:card\" content=\"summary_large_image\" \/>\n<meta name=\"twitter:label1\" content=\"Dur\u00e9e de lecture estim\u00e9e\" \/>\n\t<meta name=\"twitter:data1\" content=\"2 minutes\" \/>\n<script type=\"application\/ld+json\" class=\"yoast-schema-graph\">{\"@context\":\"https:\/\/schema.org\",\"@graph\":[{\"@type\":\"WebPage\",\"@id\":\"https:\/\/mafusa.net\/fr\/productos\/filtres-a-tamis\/filtre-oblique-a-tamis\/\",\"url\":\"https:\/\/mafusa.net\/fr\/productos\/filtres-a-tamis\/filtre-oblique-a-tamis\/\",\"name\":\"Filtre oblique \u00e0 tamis - Mafusa\",\"isPartOf\":{\"@id\":\"https:\/\/mafusa.net\/fr\/#website\"},\"primaryImageOfPage\":{\"@id\":\"https:\/\/mafusa.net\/fr\/productos\/filtres-a-tamis\/filtre-oblique-a-tamis\/#primaryimage\"},\"image\":{\"@id\":\"https:\/\/mafusa.net\/fr\/productos\/filtres-a-tamis\/filtre-oblique-a-tamis\/#primaryimage\"},\"thumbnailUrl\":\"https:\/\/mafusa.net\/wp-content\/uploads\/2021\/04\/Mafusa_Filtro-Cazapiedras-Extremo-Brida.jpg\",\"datePublished\":\"2021-04-30T08:37:37+00:00\",\"dateModified\":\"2023-12-21T12:14:37+00:00\",\"description\":\"Les filtres \u00e0 tamis Mafusa pr\u00e9sentent un design parfait pour retenir les d\u00e9chets des installations. Elles sont g\u00e9n\u00e9ralement install\u00e9es avant les vannes de contr\u00f4le d\u2019eau, les vannes reductrices et autres \u00e9quipements sensibles au nettoyage, assurant ainsi leur bon fonctionnement.\",\"breadcrumb\":{\"@id\":\"https:\/\/mafusa.net\/fr\/productos\/filtres-a-tamis\/filtre-oblique-a-tamis\/#breadcrumb\"},\"inLanguage\":\"fr-FR\",\"potentialAction\":[{\"@type\":\"ReadAction\",\"target\":[\"https:\/\/mafusa.net\/fr\/productos\/filtres-a-tamis\/filtre-oblique-a-tamis\/\"]}]},{\"@type\":\"ImageObject\",\"inLanguage\":\"fr-FR\",\"@id\":\"https:\/\/mafusa.net\/fr\/productos\/filtres-a-tamis\/filtre-oblique-a-tamis\/#primaryimage\",\"url\":\"https:\/\/mafusa.net\/wp-content\/uploads\/2021\/04\/Mafusa_Filtro-Cazapiedras-Extremo-Brida.jpg\",\"contentUrl\":\"https:\/\/mafusa.net\/wp-content\/uploads\/2021\/04\/Mafusa_Filtro-Cazapiedras-Extremo-Brida.jpg\",\"width\":700,\"height\":700},{\"@type\":\"BreadcrumbList\",\"@id\":\"https:\/\/mafusa.net\/fr\/productos\/filtres-a-tamis\/filtre-oblique-a-tamis\/#breadcrumb\",\"itemListElement\":[{\"@type\":\"ListItem\",\"position\":1,\"name\":\"D\u00e9but\",\"item\":\"https:\/\/mafusa.net\/fr\/\"},{\"@type\":\"ListItem\",\"position\":2,\"name\":\"Produits\",\"item\":\"https:\/\/mafusa.net\/fr\/produits-2\/\"},{\"@type\":\"ListItem\",\"position\":3,\"name\":\"Filtres \u00e0 tamis\",\"item\":\"https:\/\/mafusa.net\/fr\/catalogue\/filtres-a-tamis\/\"},{\"@type\":\"ListItem\",\"position\":4,\"name\":\"Filtre oblique \u00e0 tamis\"}]},{\"@type\":\"WebSite\",\"@id\":\"https:\/\/mafusa.net\/fr\/#website\",\"url\":\"https:\/\/mafusa.net\/fr\/\",\"name\":\"Mafusa\",\"description\":\"Materiales de fundici\u00f3n d\u00factil\",\"publisher\":{\"@id\":\"https:\/\/mafusa.net\/fr\/#organization\"},\"potentialAction\":[{\"@type\":\"SearchAction\",\"target\":{\"@type\":\"EntryPoint\",\"urlTemplate\":\"https:\/\/mafusa.net\/fr\/?s={search_term_string}\"},\"query-input\":{\"@type\":\"PropertyValueSpecification\",\"valueRequired\":true,\"valueName\":\"search_term_string\"}}],\"inLanguage\":\"fr-FR\"},{\"@type\":\"Organization\",\"@id\":\"https:\/\/mafusa.net\/fr\/#organization\",\"name\":\"Materiales de Fundici\u00f3n S.A.\",\"url\":\"https:\/\/mafusa.net\/fr\/\",\"logo\":{\"@type\":\"ImageObject\",\"inLanguage\":\"fr-FR\",\"@id\":\"https:\/\/mafusa.net\/fr\/#\/schema\/logo\/image\/\",\"url\":\"https:\/\/mafusa.net\/wp-content\/uploads\/2020\/10\/mafusa-logo-color.svg\",\"contentUrl\":\"https:\/\/mafusa.net\/wp-content\/uploads\/2020\/10\/mafusa-logo-color.svg\",\"width\":\"90\",\"height\":\"90\",\"caption\":\"Materiales de Fundici\u00f3n S.A.\"},\"image\":{\"@id\":\"https:\/\/mafusa.net\/fr\/#\/schema\/logo\/image\/\"}}]}<\/script>\n<!-- \/ Yoast SEO plugin. -->","yoast_head_json":{"title":"Filtre oblique \u00e0 tamis - Mafusa","description":"Les filtres \u00e0 tamis Mafusa pr\u00e9sentent un design parfait pour retenir les d\u00e9chets des installations. Elles sont g\u00e9n\u00e9ralement install\u00e9es avant les vannes de contr\u00f4le d\u2019eau, les vannes reductrices et autres \u00e9quipements sensibles au nettoyage, assurant ainsi leur bon fonctionnement.","robots":{"index":"index","follow":"follow","max-snippet":"max-snippet:-1","max-image-preview":"max-image-preview:large","max-video-preview":"max-video-preview:-1"},"canonical":"https:\/\/mafusa.net\/fr\/productos\/filtres-a-tamis\/filtre-oblique-a-tamis\/","og_locale":"fr_FR","og_type":"article","og_title":"Filtre oblique \u00e0 tamis - Mafusa","og_description":"Les filtres \u00e0 tamis Mafusa pr\u00e9sentent un design parfait pour retenir les d\u00e9chets des installations. Elles sont g\u00e9n\u00e9ralement install\u00e9es avant les vannes de contr\u00f4le d\u2019eau, les vannes reductrices et autres \u00e9quipements sensibles au nettoyage, assurant ainsi leur bon fonctionnement.","og_url":"https:\/\/mafusa.net\/fr\/productos\/filtres-a-tamis\/filtre-oblique-a-tamis\/","og_site_name":"Mafusa","article_modified_time":"2023-12-21T12:14:37+00:00","og_image":[{"width":700,"height":700,"url":"https:\/\/mafusa.net\/wp-content\/uploads\/2021\/04\/Mafusa_Filtro-Cazapiedras-Extremo-Brida.jpg","type":"image\/jpeg"}],"twitter_card":"summary_large_image","twitter_misc":{"Dur\u00e9e de lecture estim\u00e9e":"2 minutes"},"schema":{"@context":"https:\/\/schema.org","@graph":[{"@type":"WebPage","@id":"https:\/\/mafusa.net\/fr\/productos\/filtres-a-tamis\/filtre-oblique-a-tamis\/","url":"https:\/\/mafusa.net\/fr\/productos\/filtres-a-tamis\/filtre-oblique-a-tamis\/","name":"Filtre oblique \u00e0 tamis - Mafusa","isPartOf":{"@id":"https:\/\/mafusa.net\/fr\/#website"},"primaryImageOfPage":{"@id":"https:\/\/mafusa.net\/fr\/productos\/filtres-a-tamis\/filtre-oblique-a-tamis\/#primaryimage"},"image":{"@id":"https:\/\/mafusa.net\/fr\/productos\/filtres-a-tamis\/filtre-oblique-a-tamis\/#primaryimage"},"thumbnailUrl":"https:\/\/mafusa.net\/wp-content\/uploads\/2021\/04\/Mafusa_Filtro-Cazapiedras-Extremo-Brida.jpg","datePublished":"2021-04-30T08:37:37+00:00","dateModified":"2023-12-21T12:14:37+00:00","description":"Les filtres \u00e0 tamis Mafusa pr\u00e9sentent un design parfait pour retenir les d\u00e9chets des installations. Elles sont g\u00e9n\u00e9ralement install\u00e9es avant les vannes de contr\u00f4le d\u2019eau, les vannes reductrices et autres \u00e9quipements sensibles au nettoyage, assurant ainsi leur bon fonctionnement.","breadcrumb":{"@id":"https:\/\/mafusa.net\/fr\/productos\/filtres-a-tamis\/filtre-oblique-a-tamis\/#breadcrumb"},"inLanguage":"fr-FR","potentialAction":[{"@type":"ReadAction","target":["https:\/\/mafusa.net\/fr\/productos\/filtres-a-tamis\/filtre-oblique-a-tamis\/"]}]},{"@type":"ImageObject","inLanguage":"fr-FR","@id":"https:\/\/mafusa.net\/fr\/productos\/filtres-a-tamis\/filtre-oblique-a-tamis\/#primaryimage","url":"https:\/\/mafusa.net\/wp-content\/uploads\/2021\/04\/Mafusa_Filtro-Cazapiedras-Extremo-Brida.jpg","contentUrl":"https:\/\/mafusa.net\/wp-content\/uploads\/2021\/04\/Mafusa_Filtro-Cazapiedras-Extremo-Brida.jpg","width":700,"height":700},{"@type":"BreadcrumbList","@id":"https:\/\/mafusa.net\/fr\/productos\/filtres-a-tamis\/filtre-oblique-a-tamis\/#breadcrumb","itemListElement":[{"@type":"ListItem","position":1,"name":"D\u00e9but","item":"https:\/\/mafusa.net\/fr\/"},{"@type":"ListItem","position":2,"name":"Produits","item":"https:\/\/mafusa.net\/fr\/produits-2\/"},{"@type":"ListItem","position":3,"name":"Filtres \u00e0 tamis","item":"https:\/\/mafusa.net\/fr\/catalogue\/filtres-a-tamis\/"},{"@type":"ListItem","position":4,"name":"Filtre oblique \u00e0 tamis"}]},{"@type":"WebSite","@id":"https:\/\/mafusa.net\/fr\/#website","url":"https:\/\/mafusa.net\/fr\/","name":"Mafusa","description":"Materiales de fundici\u00f3n d\u00factil","publisher":{"@id":"https:\/\/mafusa.net\/fr\/#organization"},"potentialAction":[{"@type":"SearchAction","target":{"@type":"EntryPoint","urlTemplate":"https:\/\/mafusa.net\/fr\/?s={search_term_string}"},"query-input":{"@type":"PropertyValueSpecification","valueRequired":true,"valueName":"search_term_string"}}],"inLanguage":"fr-FR"},{"@type":"Organization","@id":"https:\/\/mafusa.net\/fr\/#organization","name":"Materiales de Fundici\u00f3n S.A.","url":"https:\/\/mafusa.net\/fr\/","logo":{"@type":"ImageObject","inLanguage":"fr-FR","@id":"https:\/\/mafusa.net\/fr\/#\/schema\/logo\/image\/","url":"https:\/\/mafusa.net\/wp-content\/uploads\/2020\/10\/mafusa-logo-color.svg","contentUrl":"https:\/\/mafusa.net\/wp-content\/uploads\/2020\/10\/mafusa-logo-color.svg","width":"90","height":"90","caption":"Materiales de Fundici\u00f3n S.A."},"image":{"@id":"https:\/\/mafusa.net\/fr\/#\/schema\/logo\/image\/"}}]}},"_links":{"self":[{"href":"https:\/\/mafusa.net\/fr\/wp-json\/wp\/v2\/product\/89508","targetHints":{"allow":["GET"]}}],"collection":[{"href":"https:\/\/mafusa.net\/fr\/wp-json\/wp\/v2\/product"}],"about":[{"href":"https:\/\/mafusa.net\/fr\/wp-json\/wp\/v2\/types\/product"}],"wp:featuredmedia":[{"embeddable":true,"href":"https:\/\/mafusa.net\/fr\/wp-json\/wp\/v2\/media\/89310"}],"wp:attachment":[{"href":"https:\/\/mafusa.net\/fr\/wp-json\/wp\/v2\/media?parent=89508"}],"wp:term":[{"taxonomy":"product_brand","embeddable":true,"href":"https:\/\/mafusa.net\/fr\/wp-json\/wp\/v2\/product_brand?post=89508"},{"taxonomy":"product_cat","embeddable":true,"href":"https:\/\/mafusa.net\/fr\/wp-json\/wp\/v2\/product_cat?post=89508"},{"taxonomy":"product_tag","embeddable":true,"href":"https:\/\/mafusa.net\/fr\/wp-json\/wp\/v2\/product_tag?post=89508"}],"curies":[{"name":"wp","href":"https:\/\/api.w.org\/{rel}","templated":true}]}}