{"id":89506,"date":"2021-04-30T08:52:52","date_gmt":"2021-04-30T08:52:52","guid":{"rendered":"https:\/\/mafusa.net\/product\/contador-woltman\/"},"modified":"2023-06-27T10:07:41","modified_gmt":"2023-06-27T10:07:41","slug":"compteur-woltman","status":"publish","type":"product","link":"https:\/\/mafusa.net\/fr\/productos\/compteurs-d-eau\/compteur-woltman\/","title":{"rendered":"Compteur Woltman"},"content":{"rendered":"<p><strong>Donnees techniques<\/strong><\/p>\n<ul>\n<li class=\"p1\">Transmission magn\u00e9tique<\/li>\n<li class=\"p1\">Type sec<\/li>\n<li class=\"p1\">Utilisation industrielle et irrigation<\/li>\n<li class=\"p1\">De DN40 \u00e0 DN500.<\/li>\n<li class=\"p1\">Con\u00e7u pour satisfaire aux exigences de la directive 2004\/22\/CE sur les instruments de mesure ainsi qu\u2019\u00e0 la norme europ\u00e9enne EN14154.<\/li>\n<\/ul>\n<p>&nbsp;<\/p>\n<p><strong>Caract\u00e9ristiques<\/strong><\/p>\n<ul>\n<li class=\"p1\">Tous les mat\u00e9riaux en contact avec l\u2019eau avec un degr\u00e9 \u00e9lev\u00e9 de r\u00e9sistance \u00e0 la corrosion.<\/li>\n<li class=\"p1\">Corps en fonte ductile avec rev\u00eatement int\u00e9rieur et ext\u00e9rieur en \u00e9poxy.<\/li>\n<li class=\"p1\">Le registre indicateur est rotatif pour rechercher la position de lecture la plus confortable.<\/li>\n<li class=\"p1\">Le m\u00e9canisme de lecture est interchangeable, il peut \u00eatre facilement d\u00e9mont\u00e9 et remplac\u00e9 sans d\u00e9monter le compteur du tuyau.<\/li>\n<li class=\"p1\">Il peut \u00eatre install\u00e9 dans n\u2019importe quelle position, horizontale verticale ou inclin\u00e9e.<\/li>\n<li class=\"p1\">Faible perte de charge<\/li>\n<li class=\"p1\">Il n\u2019est pas affect\u00e9 par des champs magn\u00e9tiques externes.<\/li>\n<li class=\"p1\">Pr\u00e9-installation pour sortie d\u2019impulsion se compose d\u2019un encapsulage en plastique avec un Reed Switch et un c\u00e2ble de 1,5m avec un filament noir et un autre en rouge.<br \/>\n\u2192 Caract\u00e9ristiques \u00e9lectriques :<br \/>\nV max = 24 AC\/DC &#8211; I max = 0,01 A<br \/>\n\u2192 Capacit\u00e9 de l\u2019\u00e9metteur d\u2019impulsions :<br \/>\nMesures <strong>m3\/ pouls<\/strong><br \/>\nDN40 a DN125 <strong>0.1 1<\/strong><br \/>\nDN150 a DN200 <strong>1 10<\/strong><br \/>\nDN250 a DN500 <strong>10 100<\/strong><\/li>\n<\/ul>\n","protected":false},"excerpt":{"rendered":"<p>Donnees techniques Transmission magn\u00e9tique Type sec Utilisation industrielle et irrigation De DN40 \u00e0 DN500. Con\u00e7u pour satisfaire aux exigences de [&hellip;]<\/p>\n","protected":false},"featured_media":89324,"template":"","meta":{"_acf_changed":false},"product_brand":[],"product_cat":[212],"product_tag":[],"class_list":{"0":"post-89506","1":"product","2":"type-product","3":"status-publish","4":"has-post-thumbnail","6":"product_cat-compteurs-d-eau","8":"first","9":"instock","10":"shipping-taxable","11":"product-type-simple"},"acf":[],"yoast_head":"<!-- This site is optimized with the Yoast SEO plugin v27.1.1 - https:\/\/yoast.com\/product\/yoast-seo-wordpress\/ -->\n<title>Compteur Woltman - Mafusa<\/title>\n<meta name=\"description\" content=\"Compteur Woltman Transmission magn\u00e9tique. Type sec. Utilisation industrielle et irrigation. De DN40 \u00e0 DN500.\" \/>\n<meta name=\"robots\" content=\"index, follow, max-snippet:-1, max-image-preview:large, max-video-preview:-1\" \/>\n<link rel=\"canonical\" href=\"https:\/\/mafusa.net\/fr\/productos\/compteurs-d-eau\/compteur-woltman\/\" \/>\n<meta property=\"og:locale\" content=\"fr_FR\" \/>\n<meta property=\"og:type\" content=\"article\" \/>\n<meta property=\"og:title\" content=\"Compteur Woltman - Mafusa\" \/>\n<meta property=\"og:description\" content=\"Compteur Woltman Transmission magn\u00e9tique. Type sec. Utilisation industrielle et irrigation. De DN40 \u00e0 DN500.\" \/>\n<meta property=\"og:url\" content=\"https:\/\/mafusa.net\/fr\/productos\/compteurs-d-eau\/compteur-woltman\/\" \/>\n<meta property=\"og:site_name\" content=\"Mafusa\" \/>\n<meta property=\"article:modified_time\" content=\"2023-06-27T10:07:41+00:00\" \/>\n<meta property=\"og:image\" content=\"https:\/\/mafusa.net\/wp-content\/uploads\/2021\/04\/Mafusa_Contador-Woltman.jpg\" \/>\n\t<meta property=\"og:image:width\" content=\"700\" \/>\n\t<meta property=\"og:image:height\" content=\"700\" \/>\n\t<meta property=\"og:image:type\" content=\"image\/jpeg\" \/>\n<meta name=\"twitter:card\" content=\"summary_large_image\" \/>\n<meta name=\"twitter:label1\" content=\"Dur\u00e9e de lecture estim\u00e9e\" \/>\n\t<meta name=\"twitter:data1\" content=\"1 minute\" \/>\n<script type=\"application\/ld+json\" class=\"yoast-schema-graph\">{\"@context\":\"https:\/\/schema.org\",\"@graph\":[{\"@type\":\"WebPage\",\"@id\":\"https:\/\/mafusa.net\/fr\/productos\/compteurs-d-eau\/compteur-woltman\/\",\"url\":\"https:\/\/mafusa.net\/fr\/productos\/compteurs-d-eau\/compteur-woltman\/\",\"name\":\"Compteur Woltman - Mafusa\",\"isPartOf\":{\"@id\":\"https:\/\/mafusa.net\/fr\/#website\"},\"primaryImageOfPage\":{\"@id\":\"https:\/\/mafusa.net\/fr\/productos\/compteurs-d-eau\/compteur-woltman\/#primaryimage\"},\"image\":{\"@id\":\"https:\/\/mafusa.net\/fr\/productos\/compteurs-d-eau\/compteur-woltman\/#primaryimage\"},\"thumbnailUrl\":\"https:\/\/mafusa.net\/wp-content\/uploads\/2021\/04\/Mafusa_Contador-Woltman.jpg\",\"datePublished\":\"2021-04-30T08:52:52+00:00\",\"dateModified\":\"2023-06-27T10:07:41+00:00\",\"description\":\"Compteur Woltman Transmission magn\u00e9tique. Type sec. Utilisation industrielle et irrigation. De DN40 \u00e0 DN500.\",\"breadcrumb\":{\"@id\":\"https:\/\/mafusa.net\/fr\/productos\/compteurs-d-eau\/compteur-woltman\/#breadcrumb\"},\"inLanguage\":\"fr-FR\",\"potentialAction\":[{\"@type\":\"ReadAction\",\"target\":[\"https:\/\/mafusa.net\/fr\/productos\/compteurs-d-eau\/compteur-woltman\/\"]}]},{\"@type\":\"ImageObject\",\"inLanguage\":\"fr-FR\",\"@id\":\"https:\/\/mafusa.net\/fr\/productos\/compteurs-d-eau\/compteur-woltman\/#primaryimage\",\"url\":\"https:\/\/mafusa.net\/wp-content\/uploads\/2021\/04\/Mafusa_Contador-Woltman.jpg\",\"contentUrl\":\"https:\/\/mafusa.net\/wp-content\/uploads\/2021\/04\/Mafusa_Contador-Woltman.jpg\",\"width\":700,\"height\":700},{\"@type\":\"BreadcrumbList\",\"@id\":\"https:\/\/mafusa.net\/fr\/productos\/compteurs-d-eau\/compteur-woltman\/#breadcrumb\",\"itemListElement\":[{\"@type\":\"ListItem\",\"position\":1,\"name\":\"D\u00e9but\",\"item\":\"https:\/\/mafusa.net\/fr\/\"},{\"@type\":\"ListItem\",\"position\":2,\"name\":\"Produits\",\"item\":\"https:\/\/mafusa.net\/fr\/produits-2\/\"},{\"@type\":\"ListItem\",\"position\":3,\"name\":\"Compteurs d\u2019eau\",\"item\":\"https:\/\/mafusa.net\/fr\/catalogue\/compteurs-d-eau\/\"},{\"@type\":\"ListItem\",\"position\":4,\"name\":\"Compteur Woltman\"}]},{\"@type\":\"WebSite\",\"@id\":\"https:\/\/mafusa.net\/fr\/#website\",\"url\":\"https:\/\/mafusa.net\/fr\/\",\"name\":\"Mafusa\",\"description\":\"Materiales de fundici\u00f3n d\u00factil\",\"publisher\":{\"@id\":\"https:\/\/mafusa.net\/fr\/#organization\"},\"potentialAction\":[{\"@type\":\"SearchAction\",\"target\":{\"@type\":\"EntryPoint\",\"urlTemplate\":\"https:\/\/mafusa.net\/fr\/?s={search_term_string}\"},\"query-input\":{\"@type\":\"PropertyValueSpecification\",\"valueRequired\":true,\"valueName\":\"search_term_string\"}}],\"inLanguage\":\"fr-FR\"},{\"@type\":\"Organization\",\"@id\":\"https:\/\/mafusa.net\/fr\/#organization\",\"name\":\"Materiales de Fundici\u00f3n S.A.\",\"url\":\"https:\/\/mafusa.net\/fr\/\",\"logo\":{\"@type\":\"ImageObject\",\"inLanguage\":\"fr-FR\",\"@id\":\"https:\/\/mafusa.net\/fr\/#\/schema\/logo\/image\/\",\"url\":\"https:\/\/mafusa.net\/wp-content\/uploads\/2020\/10\/mafusa-logo-color.svg\",\"contentUrl\":\"https:\/\/mafusa.net\/wp-content\/uploads\/2020\/10\/mafusa-logo-color.svg\",\"width\":\"90\",\"height\":\"90\",\"caption\":\"Materiales de Fundici\u00f3n S.A.\"},\"image\":{\"@id\":\"https:\/\/mafusa.net\/fr\/#\/schema\/logo\/image\/\"}}]}<\/script>\n<!-- \/ Yoast SEO plugin. -->","yoast_head_json":{"title":"Compteur Woltman - Mafusa","description":"Compteur Woltman Transmission magn\u00e9tique. Type sec. Utilisation industrielle et irrigation. De DN40 \u00e0 DN500.","robots":{"index":"index","follow":"follow","max-snippet":"max-snippet:-1","max-image-preview":"max-image-preview:large","max-video-preview":"max-video-preview:-1"},"canonical":"https:\/\/mafusa.net\/fr\/productos\/compteurs-d-eau\/compteur-woltman\/","og_locale":"fr_FR","og_type":"article","og_title":"Compteur Woltman - Mafusa","og_description":"Compteur Woltman Transmission magn\u00e9tique. Type sec. Utilisation industrielle et irrigation. De DN40 \u00e0 DN500.","og_url":"https:\/\/mafusa.net\/fr\/productos\/compteurs-d-eau\/compteur-woltman\/","og_site_name":"Mafusa","article_modified_time":"2023-06-27T10:07:41+00:00","og_image":[{"width":700,"height":700,"url":"https:\/\/mafusa.net\/wp-content\/uploads\/2021\/04\/Mafusa_Contador-Woltman.jpg","type":"image\/jpeg"}],"twitter_card":"summary_large_image","twitter_misc":{"Dur\u00e9e de lecture estim\u00e9e":"1 minute"},"schema":{"@context":"https:\/\/schema.org","@graph":[{"@type":"WebPage","@id":"https:\/\/mafusa.net\/fr\/productos\/compteurs-d-eau\/compteur-woltman\/","url":"https:\/\/mafusa.net\/fr\/productos\/compteurs-d-eau\/compteur-woltman\/","name":"Compteur Woltman - Mafusa","isPartOf":{"@id":"https:\/\/mafusa.net\/fr\/#website"},"primaryImageOfPage":{"@id":"https:\/\/mafusa.net\/fr\/productos\/compteurs-d-eau\/compteur-woltman\/#primaryimage"},"image":{"@id":"https:\/\/mafusa.net\/fr\/productos\/compteurs-d-eau\/compteur-woltman\/#primaryimage"},"thumbnailUrl":"https:\/\/mafusa.net\/wp-content\/uploads\/2021\/04\/Mafusa_Contador-Woltman.jpg","datePublished":"2021-04-30T08:52:52+00:00","dateModified":"2023-06-27T10:07:41+00:00","description":"Compteur Woltman Transmission magn\u00e9tique. Type sec. Utilisation industrielle et irrigation. De DN40 \u00e0 DN500.","breadcrumb":{"@id":"https:\/\/mafusa.net\/fr\/productos\/compteurs-d-eau\/compteur-woltman\/#breadcrumb"},"inLanguage":"fr-FR","potentialAction":[{"@type":"ReadAction","target":["https:\/\/mafusa.net\/fr\/productos\/compteurs-d-eau\/compteur-woltman\/"]}]},{"@type":"ImageObject","inLanguage":"fr-FR","@id":"https:\/\/mafusa.net\/fr\/productos\/compteurs-d-eau\/compteur-woltman\/#primaryimage","url":"https:\/\/mafusa.net\/wp-content\/uploads\/2021\/04\/Mafusa_Contador-Woltman.jpg","contentUrl":"https:\/\/mafusa.net\/wp-content\/uploads\/2021\/04\/Mafusa_Contador-Woltman.jpg","width":700,"height":700},{"@type":"BreadcrumbList","@id":"https:\/\/mafusa.net\/fr\/productos\/compteurs-d-eau\/compteur-woltman\/#breadcrumb","itemListElement":[{"@type":"ListItem","position":1,"name":"D\u00e9but","item":"https:\/\/mafusa.net\/fr\/"},{"@type":"ListItem","position":2,"name":"Produits","item":"https:\/\/mafusa.net\/fr\/produits-2\/"},{"@type":"ListItem","position":3,"name":"Compteurs d\u2019eau","item":"https:\/\/mafusa.net\/fr\/catalogue\/compteurs-d-eau\/"},{"@type":"ListItem","position":4,"name":"Compteur Woltman"}]},{"@type":"WebSite","@id":"https:\/\/mafusa.net\/fr\/#website","url":"https:\/\/mafusa.net\/fr\/","name":"Mafusa","description":"Materiales de fundici\u00f3n d\u00factil","publisher":{"@id":"https:\/\/mafusa.net\/fr\/#organization"},"potentialAction":[{"@type":"SearchAction","target":{"@type":"EntryPoint","urlTemplate":"https:\/\/mafusa.net\/fr\/?s={search_term_string}"},"query-input":{"@type":"PropertyValueSpecification","valueRequired":true,"valueName":"search_term_string"}}],"inLanguage":"fr-FR"},{"@type":"Organization","@id":"https:\/\/mafusa.net\/fr\/#organization","name":"Materiales de Fundici\u00f3n S.A.","url":"https:\/\/mafusa.net\/fr\/","logo":{"@type":"ImageObject","inLanguage":"fr-FR","@id":"https:\/\/mafusa.net\/fr\/#\/schema\/logo\/image\/","url":"https:\/\/mafusa.net\/wp-content\/uploads\/2020\/10\/mafusa-logo-color.svg","contentUrl":"https:\/\/mafusa.net\/wp-content\/uploads\/2020\/10\/mafusa-logo-color.svg","width":"90","height":"90","caption":"Materiales de Fundici\u00f3n S.A."},"image":{"@id":"https:\/\/mafusa.net\/fr\/#\/schema\/logo\/image\/"}}]}},"_links":{"self":[{"href":"https:\/\/mafusa.net\/fr\/wp-json\/wp\/v2\/product\/89506","targetHints":{"allow":["GET"]}}],"collection":[{"href":"https:\/\/mafusa.net\/fr\/wp-json\/wp\/v2\/product"}],"about":[{"href":"https:\/\/mafusa.net\/fr\/wp-json\/wp\/v2\/types\/product"}],"wp:featuredmedia":[{"embeddable":true,"href":"https:\/\/mafusa.net\/fr\/wp-json\/wp\/v2\/media\/89324"}],"wp:attachment":[{"href":"https:\/\/mafusa.net\/fr\/wp-json\/wp\/v2\/media?parent=89506"}],"wp:term":[{"taxonomy":"product_brand","embeddable":true,"href":"https:\/\/mafusa.net\/fr\/wp-json\/wp\/v2\/product_brand?post=89506"},{"taxonomy":"product_cat","embeddable":true,"href":"https:\/\/mafusa.net\/fr\/wp-json\/wp\/v2\/product_cat?post=89506"},{"taxonomy":"product_tag","embeddable":true,"href":"https:\/\/mafusa.net\/fr\/wp-json\/wp\/v2\/product_tag?post=89506"}],"curies":[{"name":"wp","href":"https:\/\/api.w.org\/{rel}","templated":true}]}}