{"id":89492,"date":"2021-04-30T09:00:06","date_gmt":"2021-04-30T09:00:06","guid":{"rendered":"https:\/\/mafusa.net\/product\/contador-chorro-unico-cuerpo-laton\/"},"modified":"2023-06-27T10:02:24","modified_gmt":"2023-06-27T10:02:24","slug":"compteur-a-jet-unique-laiton","status":"publish","type":"product","link":"https:\/\/mafusa.net\/fr\/productos\/compteurs-d-eau\/compteur-a-jet-unique-laiton\/","title":{"rendered":"Compteur \u00e0 jet unique laiton"},"content":{"rendered":"<p><strong>Done\u00e9s techniques<\/strong><\/p>\n<ul>\n<li class=\"p1\">Jet unique<\/li>\n<li class=\"p1\">Type sec<\/li>\n<li class=\"p1\">Usage r\u00e9sidentiel<\/li>\n<li class=\"p1\">De DN15 \u00e0 DN40<\/li>\n<li class=\"p1\">Con\u00e7u pour r\u00e9pondre aux exigences de la directive 2004\/22\/CE d\u2019instruments de mesure et de la norme europ\u00e9enne EN14154 et l\u2019Organisation internationale M\u00e9t\u00e9orologie l\u00e9gale OIML R-49.<\/li>\n<\/ul>\n<p>&nbsp;<\/p>\n<p><strong>Caract\u00e9ristiques<\/strong><\/p>\n<ul>\n<li class=\"p1\">Tous les mat\u00e9riaux en contact avec l\u2019eau sont r\u00e9sistants \u00e0 la corrosion.<\/li>\n<li class=\"p1\">Selon la r\u00e9glementation est un compteur pour l\u2019eau froide 30\u00ba, mais son bon fonctionnement peut \u00eatre assur\u00e9 jusqu\u2019\u00e0 50\u00ba.<\/li>\n<li class=\"p1\">Indicateur de lecture rotatif \u00e0 placer en position lecture plus confortable, a 8 chiffres et un compteur cadran \u00e0 aiguille.<\/li>\n<li class=\"p1\">La turbine est la seule partie mobile en contact avec l\u2019eau.<\/li>\n<li class=\"p1\">Protection magn\u00e9tique contre les influences ext\u00e9rieures.<\/li>\n<li class=\"p1\">En option, vous pouvez fournir un cadran \u00e0 5 chiffres et 4 domaines.<\/li>\n<\/ul>\n","protected":false},"excerpt":{"rendered":"<p>Done\u00e9s techniques Jet unique Type sec Usage r\u00e9sidentiel De DN15 \u00e0 DN40 Con\u00e7u pour r\u00e9pondre aux exigences de la directive [&hellip;]<\/p>\n","protected":false},"featured_media":89339,"template":"","meta":{"_acf_changed":false},"product_brand":[],"product_cat":[212],"product_tag":[],"class_list":{"0":"post-89492","1":"product","2":"type-product","3":"status-publish","4":"has-post-thumbnail","6":"product_cat-compteurs-d-eau","8":"first","9":"instock","10":"shipping-taxable","11":"product-type-simple"},"acf":[],"yoast_head":"<!-- This site is optimized with the Yoast SEO plugin v27.1.1 - https:\/\/yoast.com\/product\/yoast-seo-wordpress\/ -->\n<title>Compteur \u00e0 jet unique laiton - Mafusa<\/title>\n<meta name=\"description\" content=\"Compteur \u00e0 jet unique. Type sec. Usage r\u00e9sidentiel. De DN15 \u00e0 DN40. Tous les mat\u00e9riaux en contact avec l\u2019eau sont r\u00e9sistants \u00e0 la corrosion.\" \/>\n<meta name=\"robots\" content=\"index, follow, max-snippet:-1, max-image-preview:large, max-video-preview:-1\" \/>\n<link rel=\"canonical\" href=\"https:\/\/mafusa.net\/fr\/productos\/compteurs-d-eau\/compteur-a-jet-unique-laiton\/\" \/>\n<meta property=\"og:locale\" content=\"fr_FR\" \/>\n<meta property=\"og:type\" content=\"article\" \/>\n<meta property=\"og:title\" content=\"Compteur \u00e0 jet unique laiton - Mafusa\" \/>\n<meta property=\"og:description\" content=\"Compteur \u00e0 jet unique. Type sec. Usage r\u00e9sidentiel. De DN15 \u00e0 DN40. Tous les mat\u00e9riaux en contact avec l\u2019eau sont r\u00e9sistants \u00e0 la corrosion.\" \/>\n<meta property=\"og:url\" content=\"https:\/\/mafusa.net\/fr\/productos\/compteurs-d-eau\/compteur-a-jet-unique-laiton\/\" \/>\n<meta property=\"og:site_name\" content=\"Mafusa\" \/>\n<meta property=\"article:modified_time\" content=\"2023-06-27T10:02:24+00:00\" \/>\n<meta property=\"og:image\" content=\"https:\/\/mafusa.net\/wp-content\/uploads\/2021\/04\/Mafusa_Contador-Chorro-Unico-Cuerpo-Laton.jpg\" \/>\n\t<meta property=\"og:image:width\" content=\"700\" \/>\n\t<meta property=\"og:image:height\" content=\"700\" \/>\n\t<meta property=\"og:image:type\" content=\"image\/jpeg\" \/>\n<meta name=\"twitter:card\" content=\"summary_large_image\" \/>\n<meta name=\"twitter:label1\" content=\"Dur\u00e9e de lecture estim\u00e9e\" \/>\n\t<meta name=\"twitter:data1\" content=\"1 minute\" \/>\n<script type=\"application\/ld+json\" class=\"yoast-schema-graph\">{\"@context\":\"https:\/\/schema.org\",\"@graph\":[{\"@type\":\"WebPage\",\"@id\":\"https:\/\/mafusa.net\/fr\/productos\/compteurs-d-eau\/compteur-a-jet-unique-laiton\/\",\"url\":\"https:\/\/mafusa.net\/fr\/productos\/compteurs-d-eau\/compteur-a-jet-unique-laiton\/\",\"name\":\"Compteur \u00e0 jet unique laiton - Mafusa\",\"isPartOf\":{\"@id\":\"https:\/\/mafusa.net\/fr\/#website\"},\"primaryImageOfPage\":{\"@id\":\"https:\/\/mafusa.net\/fr\/productos\/compteurs-d-eau\/compteur-a-jet-unique-laiton\/#primaryimage\"},\"image\":{\"@id\":\"https:\/\/mafusa.net\/fr\/productos\/compteurs-d-eau\/compteur-a-jet-unique-laiton\/#primaryimage\"},\"thumbnailUrl\":\"https:\/\/mafusa.net\/wp-content\/uploads\/2021\/04\/Mafusa_Contador-Chorro-Unico-Cuerpo-Laton.jpg\",\"datePublished\":\"2021-04-30T09:00:06+00:00\",\"dateModified\":\"2023-06-27T10:02:24+00:00\",\"description\":\"Compteur \u00e0 jet unique. Type sec. Usage r\u00e9sidentiel. De DN15 \u00e0 DN40. Tous les mat\u00e9riaux en contact avec l\u2019eau sont r\u00e9sistants \u00e0 la corrosion.\",\"breadcrumb\":{\"@id\":\"https:\/\/mafusa.net\/fr\/productos\/compteurs-d-eau\/compteur-a-jet-unique-laiton\/#breadcrumb\"},\"inLanguage\":\"fr-FR\",\"potentialAction\":[{\"@type\":\"ReadAction\",\"target\":[\"https:\/\/mafusa.net\/fr\/productos\/compteurs-d-eau\/compteur-a-jet-unique-laiton\/\"]}]},{\"@type\":\"ImageObject\",\"inLanguage\":\"fr-FR\",\"@id\":\"https:\/\/mafusa.net\/fr\/productos\/compteurs-d-eau\/compteur-a-jet-unique-laiton\/#primaryimage\",\"url\":\"https:\/\/mafusa.net\/wp-content\/uploads\/2021\/04\/Mafusa_Contador-Chorro-Unico-Cuerpo-Laton.jpg\",\"contentUrl\":\"https:\/\/mafusa.net\/wp-content\/uploads\/2021\/04\/Mafusa_Contador-Chorro-Unico-Cuerpo-Laton.jpg\",\"width\":700,\"height\":700},{\"@type\":\"BreadcrumbList\",\"@id\":\"https:\/\/mafusa.net\/fr\/productos\/compteurs-d-eau\/compteur-a-jet-unique-laiton\/#breadcrumb\",\"itemListElement\":[{\"@type\":\"ListItem\",\"position\":1,\"name\":\"D\u00e9but\",\"item\":\"https:\/\/mafusa.net\/fr\/\"},{\"@type\":\"ListItem\",\"position\":2,\"name\":\"Produits\",\"item\":\"https:\/\/mafusa.net\/fr\/produits-2\/\"},{\"@type\":\"ListItem\",\"position\":3,\"name\":\"Compteurs d\u2019eau\",\"item\":\"https:\/\/mafusa.net\/fr\/catalogue\/compteurs-d-eau\/\"},{\"@type\":\"ListItem\",\"position\":4,\"name\":\"Compteur \u00e0 jet unique laiton\"}]},{\"@type\":\"WebSite\",\"@id\":\"https:\/\/mafusa.net\/fr\/#website\",\"url\":\"https:\/\/mafusa.net\/fr\/\",\"name\":\"Mafusa\",\"description\":\"Materiales de fundici\u00f3n d\u00factil\",\"publisher\":{\"@id\":\"https:\/\/mafusa.net\/fr\/#organization\"},\"potentialAction\":[{\"@type\":\"SearchAction\",\"target\":{\"@type\":\"EntryPoint\",\"urlTemplate\":\"https:\/\/mafusa.net\/fr\/?s={search_term_string}\"},\"query-input\":{\"@type\":\"PropertyValueSpecification\",\"valueRequired\":true,\"valueName\":\"search_term_string\"}}],\"inLanguage\":\"fr-FR\"},{\"@type\":\"Organization\",\"@id\":\"https:\/\/mafusa.net\/fr\/#organization\",\"name\":\"Materiales de Fundici\u00f3n S.A.\",\"url\":\"https:\/\/mafusa.net\/fr\/\",\"logo\":{\"@type\":\"ImageObject\",\"inLanguage\":\"fr-FR\",\"@id\":\"https:\/\/mafusa.net\/fr\/#\/schema\/logo\/image\/\",\"url\":\"https:\/\/mafusa.net\/wp-content\/uploads\/2020\/10\/mafusa-logo-color.svg\",\"contentUrl\":\"https:\/\/mafusa.net\/wp-content\/uploads\/2020\/10\/mafusa-logo-color.svg\",\"width\":\"90\",\"height\":\"90\",\"caption\":\"Materiales de Fundici\u00f3n S.A.\"},\"image\":{\"@id\":\"https:\/\/mafusa.net\/fr\/#\/schema\/logo\/image\/\"}}]}<\/script>\n<!-- \/ Yoast SEO plugin. -->","yoast_head_json":{"title":"Compteur \u00e0 jet unique laiton - Mafusa","description":"Compteur \u00e0 jet unique. Type sec. Usage r\u00e9sidentiel. De DN15 \u00e0 DN40. Tous les mat\u00e9riaux en contact avec l\u2019eau sont r\u00e9sistants \u00e0 la corrosion.","robots":{"index":"index","follow":"follow","max-snippet":"max-snippet:-1","max-image-preview":"max-image-preview:large","max-video-preview":"max-video-preview:-1"},"canonical":"https:\/\/mafusa.net\/fr\/productos\/compteurs-d-eau\/compteur-a-jet-unique-laiton\/","og_locale":"fr_FR","og_type":"article","og_title":"Compteur \u00e0 jet unique laiton - Mafusa","og_description":"Compteur \u00e0 jet unique. Type sec. Usage r\u00e9sidentiel. De DN15 \u00e0 DN40. Tous les mat\u00e9riaux en contact avec l\u2019eau sont r\u00e9sistants \u00e0 la corrosion.","og_url":"https:\/\/mafusa.net\/fr\/productos\/compteurs-d-eau\/compteur-a-jet-unique-laiton\/","og_site_name":"Mafusa","article_modified_time":"2023-06-27T10:02:24+00:00","og_image":[{"width":700,"height":700,"url":"https:\/\/mafusa.net\/wp-content\/uploads\/2021\/04\/Mafusa_Contador-Chorro-Unico-Cuerpo-Laton.jpg","type":"image\/jpeg"}],"twitter_card":"summary_large_image","twitter_misc":{"Dur\u00e9e de lecture estim\u00e9e":"1 minute"},"schema":{"@context":"https:\/\/schema.org","@graph":[{"@type":"WebPage","@id":"https:\/\/mafusa.net\/fr\/productos\/compteurs-d-eau\/compteur-a-jet-unique-laiton\/","url":"https:\/\/mafusa.net\/fr\/productos\/compteurs-d-eau\/compteur-a-jet-unique-laiton\/","name":"Compteur \u00e0 jet unique laiton - Mafusa","isPartOf":{"@id":"https:\/\/mafusa.net\/fr\/#website"},"primaryImageOfPage":{"@id":"https:\/\/mafusa.net\/fr\/productos\/compteurs-d-eau\/compteur-a-jet-unique-laiton\/#primaryimage"},"image":{"@id":"https:\/\/mafusa.net\/fr\/productos\/compteurs-d-eau\/compteur-a-jet-unique-laiton\/#primaryimage"},"thumbnailUrl":"https:\/\/mafusa.net\/wp-content\/uploads\/2021\/04\/Mafusa_Contador-Chorro-Unico-Cuerpo-Laton.jpg","datePublished":"2021-04-30T09:00:06+00:00","dateModified":"2023-06-27T10:02:24+00:00","description":"Compteur \u00e0 jet unique. Type sec. Usage r\u00e9sidentiel. De DN15 \u00e0 DN40. Tous les mat\u00e9riaux en contact avec l\u2019eau sont r\u00e9sistants \u00e0 la corrosion.","breadcrumb":{"@id":"https:\/\/mafusa.net\/fr\/productos\/compteurs-d-eau\/compteur-a-jet-unique-laiton\/#breadcrumb"},"inLanguage":"fr-FR","potentialAction":[{"@type":"ReadAction","target":["https:\/\/mafusa.net\/fr\/productos\/compteurs-d-eau\/compteur-a-jet-unique-laiton\/"]}]},{"@type":"ImageObject","inLanguage":"fr-FR","@id":"https:\/\/mafusa.net\/fr\/productos\/compteurs-d-eau\/compteur-a-jet-unique-laiton\/#primaryimage","url":"https:\/\/mafusa.net\/wp-content\/uploads\/2021\/04\/Mafusa_Contador-Chorro-Unico-Cuerpo-Laton.jpg","contentUrl":"https:\/\/mafusa.net\/wp-content\/uploads\/2021\/04\/Mafusa_Contador-Chorro-Unico-Cuerpo-Laton.jpg","width":700,"height":700},{"@type":"BreadcrumbList","@id":"https:\/\/mafusa.net\/fr\/productos\/compteurs-d-eau\/compteur-a-jet-unique-laiton\/#breadcrumb","itemListElement":[{"@type":"ListItem","position":1,"name":"D\u00e9but","item":"https:\/\/mafusa.net\/fr\/"},{"@type":"ListItem","position":2,"name":"Produits","item":"https:\/\/mafusa.net\/fr\/produits-2\/"},{"@type":"ListItem","position":3,"name":"Compteurs d\u2019eau","item":"https:\/\/mafusa.net\/fr\/catalogue\/compteurs-d-eau\/"},{"@type":"ListItem","position":4,"name":"Compteur \u00e0 jet unique laiton"}]},{"@type":"WebSite","@id":"https:\/\/mafusa.net\/fr\/#website","url":"https:\/\/mafusa.net\/fr\/","name":"Mafusa","description":"Materiales de fundici\u00f3n d\u00factil","publisher":{"@id":"https:\/\/mafusa.net\/fr\/#organization"},"potentialAction":[{"@type":"SearchAction","target":{"@type":"EntryPoint","urlTemplate":"https:\/\/mafusa.net\/fr\/?s={search_term_string}"},"query-input":{"@type":"PropertyValueSpecification","valueRequired":true,"valueName":"search_term_string"}}],"inLanguage":"fr-FR"},{"@type":"Organization","@id":"https:\/\/mafusa.net\/fr\/#organization","name":"Materiales de Fundici\u00f3n S.A.","url":"https:\/\/mafusa.net\/fr\/","logo":{"@type":"ImageObject","inLanguage":"fr-FR","@id":"https:\/\/mafusa.net\/fr\/#\/schema\/logo\/image\/","url":"https:\/\/mafusa.net\/wp-content\/uploads\/2020\/10\/mafusa-logo-color.svg","contentUrl":"https:\/\/mafusa.net\/wp-content\/uploads\/2020\/10\/mafusa-logo-color.svg","width":"90","height":"90","caption":"Materiales de Fundici\u00f3n S.A."},"image":{"@id":"https:\/\/mafusa.net\/fr\/#\/schema\/logo\/image\/"}}]}},"_links":{"self":[{"href":"https:\/\/mafusa.net\/fr\/wp-json\/wp\/v2\/product\/89492","targetHints":{"allow":["GET"]}}],"collection":[{"href":"https:\/\/mafusa.net\/fr\/wp-json\/wp\/v2\/product"}],"about":[{"href":"https:\/\/mafusa.net\/fr\/wp-json\/wp\/v2\/types\/product"}],"wp:featuredmedia":[{"embeddable":true,"href":"https:\/\/mafusa.net\/fr\/wp-json\/wp\/v2\/media\/89339"}],"wp:attachment":[{"href":"https:\/\/mafusa.net\/fr\/wp-json\/wp\/v2\/media?parent=89492"}],"wp:term":[{"taxonomy":"product_brand","embeddable":true,"href":"https:\/\/mafusa.net\/fr\/wp-json\/wp\/v2\/product_brand?post=89492"},{"taxonomy":"product_cat","embeddable":true,"href":"https:\/\/mafusa.net\/fr\/wp-json\/wp\/v2\/product_cat?post=89492"},{"taxonomy":"product_tag","embeddable":true,"href":"https:\/\/mafusa.net\/fr\/wp-json\/wp\/v2\/product_tag?post=89492"}],"curies":[{"name":"wp","href":"https:\/\/api.w.org\/{rel}","templated":true}]}}