{"id":88994,"date":"2021-03-01T09:34:19","date_gmt":"2021-03-01T09:34:19","guid":{"rendered":"https:\/\/mafusa.net\/producto\/prueba-3\/"},"modified":"2025-10-24T13:31:47","modified_gmt":"2025-10-24T13:31:47","slug":"vanne-opercule-caoutchouc","status":"publish","type":"product","link":"https:\/\/mafusa.net\/fr\/productos\/vannes\/vannes-sectionnement\/vanne-opercule-caoutchouc\/","title":{"rendered":"Vanne \u00e0 opercule caoutchouc"},"content":{"rendered":"<p><span style=\"color: #000000;\"><strong>Caracteristiques<\/strong><\/span><\/p>\n<ul>\n<li class=\"p1\"><strong data-start=\"126\" data-end=\"164\">Vanne \u00e0 opercule \u00e0 si\u00e8ge \u00e9lastique<\/strong> pour <strong data-start=\"170\" data-end=\"199\">eau potable et eaux us\u00e9es<\/strong>, <strong data-start=\"201\" data-end=\"230\">temp\u00e9rature maximale 70\u00baC<\/strong>.<\/li>\n<li class=\"p1\">Con\u00e7ue conform\u00e9ment \u00e0 la <strong data-start=\"259\" data-end=\"285\">EN 1074 parties 1 et 2<\/strong>.<\/li>\n<li class=\"p1\"><strong data-start=\"289\" data-end=\"314\">Distance entre brides<\/strong> selon la <strong data-start=\"324\" data-end=\"334\">EN 558<\/strong>.<\/li>\n<li class=\"p1\"><strong data-start=\"338\" data-end=\"360\">Per\u00e7age des brides<\/strong> conforme \u00e0 la <strong data-start=\"375\" data-end=\"401\">EN 1092-2 (ISO 7005-2)<\/strong>.<\/li>\n<li class=\"p1\"><strong data-start=\"405\" data-end=\"426\">Essai hydraulique<\/strong> selon <strong data-start=\"433\" data-end=\"451\">EN 1074-1 et 2<\/strong> et <strong data-start=\"455\" data-end=\"467\">EN 12266<\/strong>.<\/li>\n<li class=\"p1\"><strong data-start=\"471\" data-end=\"491\">Corps et chapeau<\/strong> en <strong data-start=\"495\" data-end=\"530\">fonte ductile GJS-500-7 (GGG50)<\/strong>.<\/li>\n<li class=\"p1\"><strong data-start=\"534\" data-end=\"544\">Clapet<\/strong> en <strong data-start=\"548\" data-end=\"586\">fonte ductile vulcanis\u00e9e avec EPDM<\/strong>, avec <strong data-start=\"593\" data-end=\"632\">\u00e9crou de fixation d\u2019arbre en laiton<\/strong>.<\/li>\n<li class=\"p1\"><strong data-start=\"636\" data-end=\"645\">Arbre<\/strong> en <strong data-start=\"649\" data-end=\"677\">acier inoxydable 13 % Cr<\/strong>, <strong data-start=\"679\" data-end=\"696\">form\u00e9 \u00e0 froid<\/strong>.<\/li>\n<li class=\"p1\"><strong data-start=\"700\" data-end=\"718\">Garniture en V<\/strong>.<\/li>\n<li class=\"p1\"><strong data-start=\"722\" data-end=\"753\">Joint EPDM \u00e0 profil sp\u00e9cial<\/strong> entre le corps et le chapeau.<\/li>\n<li class=\"p1\">Les <strong data-start=\"790\" data-end=\"832\">boulons reliant le chapeau et le corps<\/strong> peuvent \u00eatre en <strong data-start=\"849\" data-end=\"892\">acier inoxydable ou en acier au carbone<\/strong>, <strong data-start=\"894\" data-end=\"924\">\u00e9tanch\u00e9ifi\u00e9s \u00e0 l\u2019ext\u00e9rieur<\/strong>.<\/li>\n<li class=\"p1\"><strong data-start=\"928\" data-end=\"948\">Rev\u00eatement \u00e9poxy<\/strong> <strong data-start=\"949\" data-end=\"971\">interne et externe<\/strong>, selon la <strong data-start=\"982\" data-end=\"997\">DIN 30677-2<\/strong>.<\/li>\n<\/ul>\n<p>&nbsp;<\/p>\n<p><span style=\"color: #000000;\"><strong>Variantes de produits<\/strong><\/span><\/p>\n<ul>\n<li><span style=\"color: #e63a16;\"><strong><span style=\"color: #e63a16;\"><a style=\"color: #e63a16;\" href=\"https:\/\/mafusa.net\/wp-content\/uploads\/2025\/07\/mafusa-ft-vanneaoppercule-PN25-2025w.pdf\">Vanne \u00e0 opercule caoutchouc ISO PN25<\/a><\/span><mark><\/mark><\/strong><\/span><\/li>\n<li><a href=\"https:\/\/mafusa.net\/wp-content\/uploads\/2021\/04\/Mafusa_Fiches-Techniques_Vanne-a\u0300-Opercule-Bride-Bride-C-300.pdf\"><span style=\"color: #e63a16;\"><strong>Vanne \u00e0 opercule caoutchouc<\/strong><\/span><span style=\"color: #e63a16;\"><strong>\u00a0ANSI C<\/strong><strong>-300<\/strong><\/span><\/a><\/li>\n<\/ul>\n","protected":false},"excerpt":{"rendered":"<p>Caracteristiques Vanne \u00e0 opercule \u00e0 si\u00e8ge \u00e9lastique pour eau potable et eaux us\u00e9es, temp\u00e9rature maximale 70\u00baC. Con\u00e7ue conform\u00e9ment \u00e0 la [&hellip;]<\/p>\n","protected":false},"featured_media":91056,"template":"","meta":{"_acf_changed":false},"product_brand":[],"product_cat":[208,199,200],"product_tag":[],"class_list":{"0":"post-88994","1":"product","2":"type-product","3":"status-publish","4":"has-post-thumbnail","6":"product_cat-vannes","7":"product_cat-vannes-sectionnement","8":"product_cat-vanne-a-opercule","10":"first","11":"instock","12":"shipping-taxable","13":"product-type-simple"},"acf":[],"yoast_head":"<!-- This site is optimized with the Yoast SEO plugin v27.1.1 - https:\/\/yoast.com\/product\/yoast-seo-wordpress\/ -->\n<title>Vanne \u00e0 opercule caoutchouc - Mafusa<\/title>\n<meta name=\"description\" content=\"Vanne \u00e0 opercule caoutchouc pour une utilisation eau potable et assainissement., resistant \u00e0 une temperatura maximal de 70\u00baC. Dessin\u00e9e suivant la norme EN 1074. Longueur entre brides conforme EN 558.\" \/>\n<meta name=\"robots\" content=\"index, follow, max-snippet:-1, max-image-preview:large, max-video-preview:-1\" \/>\n<link rel=\"canonical\" href=\"https:\/\/mafusa.net\/fr\/productos\/vannes\/vannes-sectionnement\/vanne-opercule-caoutchouc\/\" \/>\n<meta property=\"og:locale\" content=\"fr_FR\" \/>\n<meta property=\"og:type\" content=\"article\" \/>\n<meta property=\"og:title\" content=\"Vanne \u00e0 opercule caoutchouc - Mafusa\" \/>\n<meta property=\"og:description\" content=\"Vanne \u00e0 opercule caoutchouc pour une utilisation eau potable et assainissement., resistant \u00e0 une temperatura maximal de 70\u00baC. Dessin\u00e9e suivant la norme EN 1074. Longueur entre brides conforme EN 558.\" \/>\n<meta property=\"og:url\" content=\"https:\/\/mafusa.net\/fr\/productos\/vannes\/vannes-sectionnement\/vanne-opercule-caoutchouc\/\" \/>\n<meta property=\"og:site_name\" content=\"Mafusa\" \/>\n<meta property=\"article:modified_time\" content=\"2025-10-24T13:31:47+00:00\" \/>\n<meta property=\"og:image\" content=\"https:\/\/mafusa.net\/wp-content\/uploads\/2025\/07\/mafusa-valvulacompuerta2-web.jpg\" \/>\n\t<meta property=\"og:image:width\" content=\"700\" \/>\n\t<meta property=\"og:image:height\" content=\"700\" \/>\n\t<meta property=\"og:image:type\" content=\"image\/jpeg\" \/>\n<meta name=\"twitter:card\" content=\"summary_large_image\" \/>\n<meta name=\"twitter:label1\" content=\"Dur\u00e9e de lecture estim\u00e9e\" \/>\n\t<meta name=\"twitter:data1\" content=\"1 minute\" \/>\n<script type=\"application\/ld+json\" class=\"yoast-schema-graph\">{\"@context\":\"https:\/\/schema.org\",\"@graph\":[{\"@type\":\"WebPage\",\"@id\":\"https:\/\/mafusa.net\/fr\/productos\/vannes\/vannes-sectionnement\/vanne-opercule-caoutchouc\/\",\"url\":\"https:\/\/mafusa.net\/fr\/productos\/vannes\/vannes-sectionnement\/vanne-opercule-caoutchouc\/\",\"name\":\"Vanne \u00e0 opercule caoutchouc - Mafusa\",\"isPartOf\":{\"@id\":\"https:\/\/mafusa.net\/fr\/#website\"},\"primaryImageOfPage\":{\"@id\":\"https:\/\/mafusa.net\/fr\/productos\/vannes\/vannes-sectionnement\/vanne-opercule-caoutchouc\/#primaryimage\"},\"image\":{\"@id\":\"https:\/\/mafusa.net\/fr\/productos\/vannes\/vannes-sectionnement\/vanne-opercule-caoutchouc\/#primaryimage\"},\"thumbnailUrl\":\"https:\/\/mafusa.net\/wp-content\/uploads\/2025\/07\/mafusa-valvulacompuerta2-web.jpg\",\"datePublished\":\"2021-03-01T09:34:19+00:00\",\"dateModified\":\"2025-10-24T13:31:47+00:00\",\"description\":\"Vanne \u00e0 opercule caoutchouc pour une utilisation eau potable et assainissement., resistant \u00e0 une temperatura maximal de 70\u00baC. Dessin\u00e9e suivant la norme EN 1074. Longueur entre brides conforme EN 558.\",\"breadcrumb\":{\"@id\":\"https:\/\/mafusa.net\/fr\/productos\/vannes\/vannes-sectionnement\/vanne-opercule-caoutchouc\/#breadcrumb\"},\"inLanguage\":\"fr-FR\",\"potentialAction\":[{\"@type\":\"ReadAction\",\"target\":[\"https:\/\/mafusa.net\/fr\/productos\/vannes\/vannes-sectionnement\/vanne-opercule-caoutchouc\/\"]}]},{\"@type\":\"ImageObject\",\"inLanguage\":\"fr-FR\",\"@id\":\"https:\/\/mafusa.net\/fr\/productos\/vannes\/vannes-sectionnement\/vanne-opercule-caoutchouc\/#primaryimage\",\"url\":\"https:\/\/mafusa.net\/wp-content\/uploads\/2025\/07\/mafusa-valvulacompuerta2-web.jpg\",\"contentUrl\":\"https:\/\/mafusa.net\/wp-content\/uploads\/2025\/07\/mafusa-valvulacompuerta2-web.jpg\",\"width\":700,\"height\":700},{\"@type\":\"BreadcrumbList\",\"@id\":\"https:\/\/mafusa.net\/fr\/productos\/vannes\/vannes-sectionnement\/vanne-opercule-caoutchouc\/#breadcrumb\",\"itemListElement\":[{\"@type\":\"ListItem\",\"position\":1,\"name\":\"D\u00e9but\",\"item\":\"https:\/\/mafusa.net\/fr\/\"},{\"@type\":\"ListItem\",\"position\":2,\"name\":\"Produits\",\"item\":\"https:\/\/mafusa.net\/fr\/produits-2\/\"},{\"@type\":\"ListItem\",\"position\":3,\"name\":\"Vannes\",\"item\":\"https:\/\/mafusa.net\/fr\/catalogue\/vannes\/\"},{\"@type\":\"ListItem\",\"position\":4,\"name\":\"Vanne \u00e0 opercule caoutchouc\"}]},{\"@type\":\"WebSite\",\"@id\":\"https:\/\/mafusa.net\/fr\/#website\",\"url\":\"https:\/\/mafusa.net\/fr\/\",\"name\":\"Mafusa\",\"description\":\"Materiales de fundici\u00f3n d\u00factil\",\"publisher\":{\"@id\":\"https:\/\/mafusa.net\/fr\/#organization\"},\"potentialAction\":[{\"@type\":\"SearchAction\",\"target\":{\"@type\":\"EntryPoint\",\"urlTemplate\":\"https:\/\/mafusa.net\/fr\/?s={search_term_string}\"},\"query-input\":{\"@type\":\"PropertyValueSpecification\",\"valueRequired\":true,\"valueName\":\"search_term_string\"}}],\"inLanguage\":\"fr-FR\"},{\"@type\":\"Organization\",\"@id\":\"https:\/\/mafusa.net\/fr\/#organization\",\"name\":\"Materiales de Fundici\u00f3n S.A.\",\"url\":\"https:\/\/mafusa.net\/fr\/\",\"logo\":{\"@type\":\"ImageObject\",\"inLanguage\":\"fr-FR\",\"@id\":\"https:\/\/mafusa.net\/fr\/#\/schema\/logo\/image\/\",\"url\":\"https:\/\/mafusa.net\/wp-content\/uploads\/2020\/10\/mafusa-logo-color.svg\",\"contentUrl\":\"https:\/\/mafusa.net\/wp-content\/uploads\/2020\/10\/mafusa-logo-color.svg\",\"width\":\"90\",\"height\":\"90\",\"caption\":\"Materiales de Fundici\u00f3n S.A.\"},\"image\":{\"@id\":\"https:\/\/mafusa.net\/fr\/#\/schema\/logo\/image\/\"}}]}<\/script>\n<!-- \/ Yoast SEO plugin. -->","yoast_head_json":{"title":"Vanne \u00e0 opercule caoutchouc - Mafusa","description":"Vanne \u00e0 opercule caoutchouc pour une utilisation eau potable et assainissement., resistant \u00e0 une temperatura maximal de 70\u00baC. Dessin\u00e9e suivant la norme EN 1074. Longueur entre brides conforme EN 558.","robots":{"index":"index","follow":"follow","max-snippet":"max-snippet:-1","max-image-preview":"max-image-preview:large","max-video-preview":"max-video-preview:-1"},"canonical":"https:\/\/mafusa.net\/fr\/productos\/vannes\/vannes-sectionnement\/vanne-opercule-caoutchouc\/","og_locale":"fr_FR","og_type":"article","og_title":"Vanne \u00e0 opercule caoutchouc - Mafusa","og_description":"Vanne \u00e0 opercule caoutchouc pour une utilisation eau potable et assainissement., resistant \u00e0 une temperatura maximal de 70\u00baC. Dessin\u00e9e suivant la norme EN 1074. Longueur entre brides conforme EN 558.","og_url":"https:\/\/mafusa.net\/fr\/productos\/vannes\/vannes-sectionnement\/vanne-opercule-caoutchouc\/","og_site_name":"Mafusa","article_modified_time":"2025-10-24T13:31:47+00:00","og_image":[{"width":700,"height":700,"url":"https:\/\/mafusa.net\/wp-content\/uploads\/2025\/07\/mafusa-valvulacompuerta2-web.jpg","type":"image\/jpeg"}],"twitter_card":"summary_large_image","twitter_misc":{"Dur\u00e9e de lecture estim\u00e9e":"1 minute"},"schema":{"@context":"https:\/\/schema.org","@graph":[{"@type":"WebPage","@id":"https:\/\/mafusa.net\/fr\/productos\/vannes\/vannes-sectionnement\/vanne-opercule-caoutchouc\/","url":"https:\/\/mafusa.net\/fr\/productos\/vannes\/vannes-sectionnement\/vanne-opercule-caoutchouc\/","name":"Vanne \u00e0 opercule caoutchouc - Mafusa","isPartOf":{"@id":"https:\/\/mafusa.net\/fr\/#website"},"primaryImageOfPage":{"@id":"https:\/\/mafusa.net\/fr\/productos\/vannes\/vannes-sectionnement\/vanne-opercule-caoutchouc\/#primaryimage"},"image":{"@id":"https:\/\/mafusa.net\/fr\/productos\/vannes\/vannes-sectionnement\/vanne-opercule-caoutchouc\/#primaryimage"},"thumbnailUrl":"https:\/\/mafusa.net\/wp-content\/uploads\/2025\/07\/mafusa-valvulacompuerta2-web.jpg","datePublished":"2021-03-01T09:34:19+00:00","dateModified":"2025-10-24T13:31:47+00:00","description":"Vanne \u00e0 opercule caoutchouc pour une utilisation eau potable et assainissement., resistant \u00e0 une temperatura maximal de 70\u00baC. Dessin\u00e9e suivant la norme EN 1074. Longueur entre brides conforme EN 558.","breadcrumb":{"@id":"https:\/\/mafusa.net\/fr\/productos\/vannes\/vannes-sectionnement\/vanne-opercule-caoutchouc\/#breadcrumb"},"inLanguage":"fr-FR","potentialAction":[{"@type":"ReadAction","target":["https:\/\/mafusa.net\/fr\/productos\/vannes\/vannes-sectionnement\/vanne-opercule-caoutchouc\/"]}]},{"@type":"ImageObject","inLanguage":"fr-FR","@id":"https:\/\/mafusa.net\/fr\/productos\/vannes\/vannes-sectionnement\/vanne-opercule-caoutchouc\/#primaryimage","url":"https:\/\/mafusa.net\/wp-content\/uploads\/2025\/07\/mafusa-valvulacompuerta2-web.jpg","contentUrl":"https:\/\/mafusa.net\/wp-content\/uploads\/2025\/07\/mafusa-valvulacompuerta2-web.jpg","width":700,"height":700},{"@type":"BreadcrumbList","@id":"https:\/\/mafusa.net\/fr\/productos\/vannes\/vannes-sectionnement\/vanne-opercule-caoutchouc\/#breadcrumb","itemListElement":[{"@type":"ListItem","position":1,"name":"D\u00e9but","item":"https:\/\/mafusa.net\/fr\/"},{"@type":"ListItem","position":2,"name":"Produits","item":"https:\/\/mafusa.net\/fr\/produits-2\/"},{"@type":"ListItem","position":3,"name":"Vannes","item":"https:\/\/mafusa.net\/fr\/catalogue\/vannes\/"},{"@type":"ListItem","position":4,"name":"Vanne \u00e0 opercule caoutchouc"}]},{"@type":"WebSite","@id":"https:\/\/mafusa.net\/fr\/#website","url":"https:\/\/mafusa.net\/fr\/","name":"Mafusa","description":"Materiales de fundici\u00f3n d\u00factil","publisher":{"@id":"https:\/\/mafusa.net\/fr\/#organization"},"potentialAction":[{"@type":"SearchAction","target":{"@type":"EntryPoint","urlTemplate":"https:\/\/mafusa.net\/fr\/?s={search_term_string}"},"query-input":{"@type":"PropertyValueSpecification","valueRequired":true,"valueName":"search_term_string"}}],"inLanguage":"fr-FR"},{"@type":"Organization","@id":"https:\/\/mafusa.net\/fr\/#organization","name":"Materiales de Fundici\u00f3n S.A.","url":"https:\/\/mafusa.net\/fr\/","logo":{"@type":"ImageObject","inLanguage":"fr-FR","@id":"https:\/\/mafusa.net\/fr\/#\/schema\/logo\/image\/","url":"https:\/\/mafusa.net\/wp-content\/uploads\/2020\/10\/mafusa-logo-color.svg","contentUrl":"https:\/\/mafusa.net\/wp-content\/uploads\/2020\/10\/mafusa-logo-color.svg","width":"90","height":"90","caption":"Materiales de Fundici\u00f3n S.A."},"image":{"@id":"https:\/\/mafusa.net\/fr\/#\/schema\/logo\/image\/"}}]}},"_links":{"self":[{"href":"https:\/\/mafusa.net\/fr\/wp-json\/wp\/v2\/product\/88994","targetHints":{"allow":["GET"]}}],"collection":[{"href":"https:\/\/mafusa.net\/fr\/wp-json\/wp\/v2\/product"}],"about":[{"href":"https:\/\/mafusa.net\/fr\/wp-json\/wp\/v2\/types\/product"}],"wp:featuredmedia":[{"embeddable":true,"href":"https:\/\/mafusa.net\/fr\/wp-json\/wp\/v2\/media\/91056"}],"wp:attachment":[{"href":"https:\/\/mafusa.net\/fr\/wp-json\/wp\/v2\/media?parent=88994"}],"wp:term":[{"taxonomy":"product_brand","embeddable":true,"href":"https:\/\/mafusa.net\/fr\/wp-json\/wp\/v2\/product_brand?post=88994"},{"taxonomy":"product_cat","embeddable":true,"href":"https:\/\/mafusa.net\/fr\/wp-json\/wp\/v2\/product_cat?post=88994"},{"taxonomy":"product_tag","embeddable":true,"href":"https:\/\/mafusa.net\/fr\/wp-json\/wp\/v2\/product_tag?post=88994"}],"curies":[{"name":"wp","href":"https:\/\/api.w.org\/{rel}","templated":true}]}}