{"id":89505,"date":"2021-04-30T08:52:52","date_gmt":"2021-04-30T08:52:52","guid":{"rendered":"https:\/\/mafusa.net\/product\/contador-woltman\/"},"modified":"2023-06-27T10:06:09","modified_gmt":"2023-06-27T10:06:09","slug":"woltman-water-meter","status":"publish","type":"product","link":"https:\/\/mafusa.net\/en\/productos\/water-meters\/woltman-water-meter\/","title":{"rendered":"Woltman water meter"},"content":{"rendered":"<p><strong>Technical data<\/strong><\/p>\n<ul>\n<li class=\"p1\">Magnetic transmission<\/li>\n<li class=\"p1\">Dry type<\/li>\n<li class=\"p1\">Industrial and irrigation use<\/li>\n<li class=\"p1\">From DN40 to DN500.<\/li>\n<li class=\"p1\">Designed to comply the requirements of the directive 2004\/22 \/ EC on measuring instruments, as well as with the European standard EN14154.<\/li>\n<\/ul>\n<p>&nbsp;<\/p>\n<p><strong>Characteristics<\/strong><\/p>\n<ul>\n<li class=\"p1\">All materials in contact with water have a high degree of corrosion resistance.<\/li>\n<li class=\"p1\">Ductile iron body with internal and external epoxy coating.<\/li>\n<li class=\"p1\">The indicator register is rotable to find the most comfortable reading position.<\/li>\n<li class=\"p1\">The reading mechanism is interchangeable, it can be easily removed and replaced without removing the counter from the pipeline.<\/li>\n<li class=\"p1\">It can be installed in any position, horizontal, vertical or inclined.<\/li>\n<li class=\"p1\">Low pressure drop<\/li>\n<li class=\"p1\">It is not affected by external magnetic fields.<\/li>\n<li class=\"p1\">Pre-installation for pulse output consists of a plastic encapsulating with a Reed Switch and a 1.5m cable with a black and a red filament.<br \/>\n\u2192 Electrical characteristics:<br \/>\nV max = 24 AC \/ DC &#8211; I max = 0.01 A<br \/>\n\u2192 Pulse emitter capacity:<br \/>\nMeasure <strong>m3\/ pulse<\/strong><br \/>\nDN40 a DN125 <strong>0.1 1<\/strong><br \/>\nDN150 a DN200 <strong>1 10<\/strong><br \/>\nDN250 a DN500 <strong>10 100<\/strong><\/li>\n<\/ul>\n","protected":false},"excerpt":{"rendered":"<p>Technical data Magnetic transmission Dry type Industrial and irrigation use From DN40 to DN500. Designed to comply the requirements of [&hellip;]<\/p>\n","protected":false},"featured_media":89323,"template":"","meta":{"_acf_changed":false},"product_brand":[],"product_cat":[231],"product_tag":[],"class_list":{"0":"post-89505","1":"product","2":"type-product","3":"status-publish","4":"has-post-thumbnail","6":"product_cat-water-meters","8":"first","9":"instock","10":"shipping-taxable","11":"product-type-simple"},"acf":[],"yoast_head":"<!-- This site is optimized with the Yoast SEO plugin v27.1.1 - https:\/\/yoast.com\/product\/yoast-seo-wordpress\/ -->\n<title>Woltman water meter - Mafusa<\/title>\n<meta name=\"description\" content=\"Contador Woltman Transmisi\u00f3n magn\u00e9tica. Tipo seco. Uso industrial y de riego. Desde DN40 hasta DN500. Cuerpo de fundici\u00f3n d\u00factil con recubrimiento interior y exterior de epoxy.\" \/>\n<meta name=\"robots\" content=\"index, follow, max-snippet:-1, max-image-preview:large, max-video-preview:-1\" \/>\n<link rel=\"canonical\" href=\"https:\/\/mafusa.net\/en\/productos\/water-meters\/woltman-water-meter\/\" \/>\n<meta property=\"og:locale\" content=\"en_US\" \/>\n<meta property=\"og:type\" content=\"article\" \/>\n<meta property=\"og:title\" content=\"Woltman water meter - Mafusa\" \/>\n<meta property=\"og:description\" content=\"Contador Woltman Transmisi\u00f3n magn\u00e9tica. Tipo seco. Uso industrial y de riego. Desde DN40 hasta DN500. Cuerpo de fundici\u00f3n d\u00factil con recubrimiento interior y exterior de epoxy.\" \/>\n<meta property=\"og:url\" content=\"https:\/\/mafusa.net\/en\/productos\/water-meters\/woltman-water-meter\/\" \/>\n<meta property=\"og:site_name\" content=\"Mafusa\" \/>\n<meta property=\"article:modified_time\" content=\"2023-06-27T10:06:09+00:00\" \/>\n<meta property=\"og:image\" content=\"https:\/\/mafusa.net\/wp-content\/uploads\/2021\/04\/Mafusa_Contador-Woltman.jpg\" \/>\n\t<meta property=\"og:image:width\" content=\"700\" \/>\n\t<meta property=\"og:image:height\" content=\"700\" \/>\n\t<meta property=\"og:image:type\" content=\"image\/jpeg\" \/>\n<meta name=\"twitter:card\" content=\"summary_large_image\" \/>\n<meta name=\"twitter:label1\" content=\"Est. reading time\" \/>\n\t<meta name=\"twitter:data1\" content=\"1 minute\" \/>\n<script type=\"application\/ld+json\" class=\"yoast-schema-graph\">{\"@context\":\"https:\/\/schema.org\",\"@graph\":[{\"@type\":\"WebPage\",\"@id\":\"https:\/\/mafusa.net\/en\/productos\/water-meters\/woltman-water-meter\/\",\"url\":\"https:\/\/mafusa.net\/en\/productos\/water-meters\/woltman-water-meter\/\",\"name\":\"Woltman water meter - Mafusa\",\"isPartOf\":{\"@id\":\"https:\/\/mafusa.net\/en\/#website\"},\"primaryImageOfPage\":{\"@id\":\"https:\/\/mafusa.net\/en\/productos\/water-meters\/woltman-water-meter\/#primaryimage\"},\"image\":{\"@id\":\"https:\/\/mafusa.net\/en\/productos\/water-meters\/woltman-water-meter\/#primaryimage\"},\"thumbnailUrl\":\"https:\/\/mafusa.net\/wp-content\/uploads\/2021\/04\/Mafusa_Contador-Woltman.jpg\",\"datePublished\":\"2021-04-30T08:52:52+00:00\",\"dateModified\":\"2023-06-27T10:06:09+00:00\",\"description\":\"Contador Woltman Transmisi\u00f3n magn\u00e9tica. Tipo seco. Uso industrial y de riego. Desde DN40 hasta DN500. Cuerpo de fundici\u00f3n d\u00factil con recubrimiento interior y exterior de epoxy.\",\"breadcrumb\":{\"@id\":\"https:\/\/mafusa.net\/en\/productos\/water-meters\/woltman-water-meter\/#breadcrumb\"},\"inLanguage\":\"en-US\",\"potentialAction\":[{\"@type\":\"ReadAction\",\"target\":[\"https:\/\/mafusa.net\/en\/productos\/water-meters\/woltman-water-meter\/\"]}]},{\"@type\":\"ImageObject\",\"inLanguage\":\"en-US\",\"@id\":\"https:\/\/mafusa.net\/en\/productos\/water-meters\/woltman-water-meter\/#primaryimage\",\"url\":\"https:\/\/mafusa.net\/wp-content\/uploads\/2021\/04\/Mafusa_Contador-Woltman.jpg\",\"contentUrl\":\"https:\/\/mafusa.net\/wp-content\/uploads\/2021\/04\/Mafusa_Contador-Woltman.jpg\",\"width\":700,\"height\":700},{\"@type\":\"BreadcrumbList\",\"@id\":\"https:\/\/mafusa.net\/en\/productos\/water-meters\/woltman-water-meter\/#breadcrumb\",\"itemListElement\":[{\"@type\":\"ListItem\",\"position\":1,\"name\":\"Home\",\"item\":\"https:\/\/mafusa.net\/en\/\"},{\"@type\":\"ListItem\",\"position\":2,\"name\":\"Products\",\"item\":\"https:\/\/mafusa.net\/en\/products-2\/\"},{\"@type\":\"ListItem\",\"position\":3,\"name\":\"Water meters\",\"item\":\"https:\/\/mafusa.net\/en\/catalogue\/water-meters\/\"},{\"@type\":\"ListItem\",\"position\":4,\"name\":\"Woltman water meter\"}]},{\"@type\":\"WebSite\",\"@id\":\"https:\/\/mafusa.net\/en\/#website\",\"url\":\"https:\/\/mafusa.net\/en\/\",\"name\":\"Mafusa\",\"description\":\"Materiales de fundici\u00f3n d\u00factil\",\"publisher\":{\"@id\":\"https:\/\/mafusa.net\/en\/#organization\"},\"potentialAction\":[{\"@type\":\"SearchAction\",\"target\":{\"@type\":\"EntryPoint\",\"urlTemplate\":\"https:\/\/mafusa.net\/en\/?s={search_term_string}\"},\"query-input\":{\"@type\":\"PropertyValueSpecification\",\"valueRequired\":true,\"valueName\":\"search_term_string\"}}],\"inLanguage\":\"en-US\"},{\"@type\":\"Organization\",\"@id\":\"https:\/\/mafusa.net\/en\/#organization\",\"name\":\"Materiales de Fundici\u00f3n S.A.\",\"url\":\"https:\/\/mafusa.net\/en\/\",\"logo\":{\"@type\":\"ImageObject\",\"inLanguage\":\"en-US\",\"@id\":\"https:\/\/mafusa.net\/en\/#\/schema\/logo\/image\/\",\"url\":\"https:\/\/mafusa.net\/wp-content\/uploads\/2020\/10\/mafusa-logo-color.svg\",\"contentUrl\":\"https:\/\/mafusa.net\/wp-content\/uploads\/2020\/10\/mafusa-logo-color.svg\",\"width\":\"90\",\"height\":\"90\",\"caption\":\"Materiales de Fundici\u00f3n S.A.\"},\"image\":{\"@id\":\"https:\/\/mafusa.net\/en\/#\/schema\/logo\/image\/\"}}]}<\/script>\n<!-- \/ Yoast SEO plugin. -->","yoast_head_json":{"title":"Woltman water meter - Mafusa","description":"Contador Woltman Transmisi\u00f3n magn\u00e9tica. Tipo seco. Uso industrial y de riego. Desde DN40 hasta DN500. Cuerpo de fundici\u00f3n d\u00factil con recubrimiento interior y exterior de epoxy.","robots":{"index":"index","follow":"follow","max-snippet":"max-snippet:-1","max-image-preview":"max-image-preview:large","max-video-preview":"max-video-preview:-1"},"canonical":"https:\/\/mafusa.net\/en\/productos\/water-meters\/woltman-water-meter\/","og_locale":"en_US","og_type":"article","og_title":"Woltman water meter - Mafusa","og_description":"Contador Woltman Transmisi\u00f3n magn\u00e9tica. Tipo seco. Uso industrial y de riego. Desde DN40 hasta DN500. Cuerpo de fundici\u00f3n d\u00factil con recubrimiento interior y exterior de epoxy.","og_url":"https:\/\/mafusa.net\/en\/productos\/water-meters\/woltman-water-meter\/","og_site_name":"Mafusa","article_modified_time":"2023-06-27T10:06:09+00:00","og_image":[{"width":700,"height":700,"url":"https:\/\/mafusa.net\/wp-content\/uploads\/2021\/04\/Mafusa_Contador-Woltman.jpg","type":"image\/jpeg"}],"twitter_card":"summary_large_image","twitter_misc":{"Est. reading time":"1 minute"},"schema":{"@context":"https:\/\/schema.org","@graph":[{"@type":"WebPage","@id":"https:\/\/mafusa.net\/en\/productos\/water-meters\/woltman-water-meter\/","url":"https:\/\/mafusa.net\/en\/productos\/water-meters\/woltman-water-meter\/","name":"Woltman water meter - Mafusa","isPartOf":{"@id":"https:\/\/mafusa.net\/en\/#website"},"primaryImageOfPage":{"@id":"https:\/\/mafusa.net\/en\/productos\/water-meters\/woltman-water-meter\/#primaryimage"},"image":{"@id":"https:\/\/mafusa.net\/en\/productos\/water-meters\/woltman-water-meter\/#primaryimage"},"thumbnailUrl":"https:\/\/mafusa.net\/wp-content\/uploads\/2021\/04\/Mafusa_Contador-Woltman.jpg","datePublished":"2021-04-30T08:52:52+00:00","dateModified":"2023-06-27T10:06:09+00:00","description":"Contador Woltman Transmisi\u00f3n magn\u00e9tica. Tipo seco. Uso industrial y de riego. Desde DN40 hasta DN500. Cuerpo de fundici\u00f3n d\u00factil con recubrimiento interior y exterior de epoxy.","breadcrumb":{"@id":"https:\/\/mafusa.net\/en\/productos\/water-meters\/woltman-water-meter\/#breadcrumb"},"inLanguage":"en-US","potentialAction":[{"@type":"ReadAction","target":["https:\/\/mafusa.net\/en\/productos\/water-meters\/woltman-water-meter\/"]}]},{"@type":"ImageObject","inLanguage":"en-US","@id":"https:\/\/mafusa.net\/en\/productos\/water-meters\/woltman-water-meter\/#primaryimage","url":"https:\/\/mafusa.net\/wp-content\/uploads\/2021\/04\/Mafusa_Contador-Woltman.jpg","contentUrl":"https:\/\/mafusa.net\/wp-content\/uploads\/2021\/04\/Mafusa_Contador-Woltman.jpg","width":700,"height":700},{"@type":"BreadcrumbList","@id":"https:\/\/mafusa.net\/en\/productos\/water-meters\/woltman-water-meter\/#breadcrumb","itemListElement":[{"@type":"ListItem","position":1,"name":"Home","item":"https:\/\/mafusa.net\/en\/"},{"@type":"ListItem","position":2,"name":"Products","item":"https:\/\/mafusa.net\/en\/products-2\/"},{"@type":"ListItem","position":3,"name":"Water meters","item":"https:\/\/mafusa.net\/en\/catalogue\/water-meters\/"},{"@type":"ListItem","position":4,"name":"Woltman water meter"}]},{"@type":"WebSite","@id":"https:\/\/mafusa.net\/en\/#website","url":"https:\/\/mafusa.net\/en\/","name":"Mafusa","description":"Materiales de fundici\u00f3n d\u00factil","publisher":{"@id":"https:\/\/mafusa.net\/en\/#organization"},"potentialAction":[{"@type":"SearchAction","target":{"@type":"EntryPoint","urlTemplate":"https:\/\/mafusa.net\/en\/?s={search_term_string}"},"query-input":{"@type":"PropertyValueSpecification","valueRequired":true,"valueName":"search_term_string"}}],"inLanguage":"en-US"},{"@type":"Organization","@id":"https:\/\/mafusa.net\/en\/#organization","name":"Materiales de Fundici\u00f3n S.A.","url":"https:\/\/mafusa.net\/en\/","logo":{"@type":"ImageObject","inLanguage":"en-US","@id":"https:\/\/mafusa.net\/en\/#\/schema\/logo\/image\/","url":"https:\/\/mafusa.net\/wp-content\/uploads\/2020\/10\/mafusa-logo-color.svg","contentUrl":"https:\/\/mafusa.net\/wp-content\/uploads\/2020\/10\/mafusa-logo-color.svg","width":"90","height":"90","caption":"Materiales de Fundici\u00f3n S.A."},"image":{"@id":"https:\/\/mafusa.net\/en\/#\/schema\/logo\/image\/"}}]}},"_links":{"self":[{"href":"https:\/\/mafusa.net\/en\/wp-json\/wp\/v2\/product\/89505","targetHints":{"allow":["GET"]}}],"collection":[{"href":"https:\/\/mafusa.net\/en\/wp-json\/wp\/v2\/product"}],"about":[{"href":"https:\/\/mafusa.net\/en\/wp-json\/wp\/v2\/types\/product"}],"wp:featuredmedia":[{"embeddable":true,"href":"https:\/\/mafusa.net\/en\/wp-json\/wp\/v2\/media\/89323"}],"wp:attachment":[{"href":"https:\/\/mafusa.net\/en\/wp-json\/wp\/v2\/media?parent=89505"}],"wp:term":[{"taxonomy":"product_brand","embeddable":true,"href":"https:\/\/mafusa.net\/en\/wp-json\/wp\/v2\/product_brand?post=89505"},{"taxonomy":"product_cat","embeddable":true,"href":"https:\/\/mafusa.net\/en\/wp-json\/wp\/v2\/product_cat?post=89505"},{"taxonomy":"product_tag","embeddable":true,"href":"https:\/\/mafusa.net\/en\/wp-json\/wp\/v2\/product_tag?post=89505"}],"curies":[{"name":"wp","href":"https:\/\/api.w.org\/{rel}","templated":true}]}}